{"id":1099,"date":"2022-02-10T16:09:50","date_gmt":"2022-02-10T16:09:50","guid":{"rendered":"https:\/\/rtlg.eu\/?page_id=1099"},"modified":"2022-02-10T16:12:35","modified_gmt":"2022-02-10T16:12:35","slug":"vedelkaupade-vedu","status":"publish","type":"page","link":"https:\/\/rtlg.eu\/et\/vedelkaupade-vedu\/","title":{"rendered":"Vedelkaupade vedu"},"content":{"rendered":"\t\t<div data-elementor-type=\"wp-page\" data-elementor-id=\"1099\" class=\"elementor elementor-1099 elementor-1097\" data-elementor-post-type=\"page\">\n\t\t\t\t\t\t<section class=\"elementor-section elementor-top-section elementor-element elementor-element-46113d2c elementor-section-boxed elementor-section-height-default elementor-section-height-default exad-glass-effect-no exad-sticky-section-no\" data-id=\"46113d2c\" data-element_type=\"section\">\n\t\t\t\t\t\t<div class=\"elementor-container elementor-column-gap-default\">\n\t\t\t\t\t<div class=\"elementor-column elementor-col-100 elementor-top-column elementor-element elementor-element-73455a87 exad-glass-effect-no exad-sticky-section-no\" data-id=\"73455a87\" data-element_type=\"column\">\n\t\t\t<div class=\"elementor-widget-wrap elementor-element-populated\">\n\t\t\t\t\t\t<div class=\"elementor-element elementor-element-4567acf5 exad-sticky-section-no exad-glass-effect-no elementor-widget elementor-widget-breadcrumbs\" data-id=\"4567acf5\" data-element_type=\"widget\" data-widget_type=\"breadcrumbs.default\">\n\t\t\t\t<div class=\"elementor-widget-container\">\n\t\t\t<link rel=\"stylesheet\" href=\"https:\/\/rtlg.eu\/wp-content\/plugins\/elementor-pro\/assets\/css\/widget-theme-elements.min.css?ver=1724877559\"><p id=\"breadcrumbs\"><span><span><a href=\"https:\/\/rtlg.eu\/\">Avaleht<\/a><\/span><\/span><\/p>\t\t<\/div>\n\t\t\t\t<\/div>\n\t\t\t\t\t<\/div>\n\t\t<\/div>\n\t\t\t\t\t<\/div>\n\t\t<\/section>\n\t\t\t\t<section class=\"elementor-section elementor-top-section elementor-element elementor-element-35ff3b64 elementor-section-boxed elementor-section-height-default elementor-section-height-default exad-glass-effect-no exad-sticky-section-no\" data-id=\"35ff3b64\" data-element_type=\"section\">\n\t\t\t\t\t\t<div class=\"elementor-container elementor-column-gap-default\">\n\t\t\t\t\t<div class=\"elementor-column elementor-col-100 elementor-top-column elementor-element elementor-element-2edc163a exad-glass-effect-no exad-sticky-section-no\" data-id=\"2edc163a\" data-element_type=\"column\">\n\t\t\t<div class=\"elementor-widget-wrap elementor-element-populated\">\n\t\t\t\t\t\t<div class=\"elementor-element elementor-element-2521d88c exad-sticky-section-no exad-glass-effect-no elementor-widget elementor-widget-heading\" data-id=\"2521d88c\" data-element_type=\"widget\" data-widget_type=\"heading.default\">\n\t\t\t\t<div class=\"elementor-widget-container\">\n\t\t\t<style>\/*! elementor - v3.23.0 - 05-08-2024 *\/\n.elementor-heading-title{padding:0;margin:0;line-height:1}.elementor-widget-heading .elementor-heading-title[class*=elementor-size-]>a{color:inherit;font-size:inherit;line-height:inherit}.elementor-widget-heading .elementor-heading-title.elementor-size-small{font-size:15px}.elementor-widget-heading .elementor-heading-title.elementor-size-medium{font-size:19px}.elementor-widget-heading .elementor-heading-title.elementor-size-large{font-size:29px}.elementor-widget-heading .elementor-heading-title.elementor-size-xl{font-size:39px}.elementor-widget-heading .elementor-heading-title.elementor-size-xxl{font-size:59px}<\/style><h1 class=\"elementor-heading-title elementor-size-default\"><span style=\"white-space: normal;\">Vedelkaupade vedu<\/span><\/h1>\t\t<\/div>\n\t\t\t\t<\/div>\n\t\t\t\t\t<\/div>\n\t\t<\/div>\n\t\t\t\t\t<\/div>\n\t\t<\/section>\n\t\t\t\t<section class=\"elementor-section elementor-top-section elementor-element elementor-element-3ec77a32 elementor-section-boxed elementor-section-height-default elementor-section-height-default exad-glass-effect-no exad-sticky-section-no\" data-id=\"3ec77a32\" data-element_type=\"section\">\n\t\t\t\t\t\t<div class=\"elementor-container elementor-column-gap-default\">\n\t\t\t\t\t<div class=\"elementor-column elementor-col-100 elementor-top-column elementor-element elementor-element-4c3a1a79 exad-glass-effect-no exad-sticky-section-no\" data-id=\"4c3a1a79\" data-element_type=\"column\">\n\t\t\t<div class=\"elementor-widget-wrap elementor-element-populated\">\n\t\t\t\t\t\t<div class=\"elementor-element elementor-element-472e3c94 exad-sticky-section-no exad-glass-effect-no elementor-widget elementor-widget-text-editor\" data-id=\"472e3c94\" data-element_type=\"widget\" data-widget_type=\"text-editor.default\">\n\t\t\t\t<div class=\"elementor-widget-container\">\n\t\t\t<style>\/*! elementor - v3.23.0 - 05-08-2024 *\/\n.elementor-widget-text-editor.elementor-drop-cap-view-stacked .elementor-drop-cap{background-color:#69727d;color:#fff}.elementor-widget-text-editor.elementor-drop-cap-view-framed .elementor-drop-cap{color:#69727d;border:3px solid;background-color:transparent}.elementor-widget-text-editor:not(.elementor-drop-cap-view-default) .elementor-drop-cap{margin-top:8px}.elementor-widget-text-editor:not(.elementor-drop-cap-view-default) .elementor-drop-cap-letter{width:1em;height:1em}.elementor-widget-text-editor .elementor-drop-cap{float:left;text-align:center;line-height:1;font-size:50px}.elementor-widget-text-editor .elementor-drop-cap-letter{display:inline-block}<\/style>\t\t\t\t<p>Rh<b>ino Transport &amp; Logistics Groupi<\/b> \u00fcheks arenevaks valdkonnaks on vedelveoste, eelk\u00f5ige bituumeni transport.<br \/>S\u00f5idukipargis on:<\/p><ul class=\"list-style\"><li>Bituumeniautod, kemikaalide ja toiduainete paakkonteinerid<\/li><li>Tsisternid, paakkonteinerid ja fleksitankid<\/li><li>S\u00f5idukid, millel on luba ohtlike kaupade veoks (ADR)<\/li><\/ul><p>\u00a0<\/p><p>Vajadusel on firmal v\u00f5imalik saada eriluba ohtlike kaupade autoveoks Vene F\u00f6deratsioonis. Meil on kogemus ka gaasipaakide transportimisel.<br \/>K\u00f5ik firma kaudu tehtavad rahvusvahelised vedellasti veod vastavad Euroopa keskkonna-, sanitaar- ja epidemioloogilistele standarditele (eriti kui veetakse vedelaid toiduaineid) ning selliste kaubakategooriate vedamisel j\u00e4rgitakse rangelt k\u00f5iki vajalikke ohutusn\u00f5udeid. Samuti v\u00f5imaldavad transpordiseadmed vedelkauba maksimaalse s\u00e4ilimise tagamiseks hoida soovitud temperatuuritaset, olenevalt kaubast, olgu see siis jahutamine v\u00f5i soojendamine.<\/p><p>\u00a0<\/p><p>Lisaks kasutatakse eri liiki vedellasti jaoks vastavaid tsisterne, mida regulaarselt k\u00e4ideldakse ja puhastatakse enne iga laadimist. Vedelkaupade veoga tegelevad autojuhid l\u00e4bivad spetsiaalse v\u00e4lja\u00f5ppe ja \u00f5igeaegse tervisekontrolli.<\/p><p>\u00a0<\/p><p>Vedelkaupade vedu Rhino Transport &amp; Logistics Groupiga on kiire, kasumlik, usaldusv\u00e4\u00e4rne ja mis k\u00f5ige t\u00e4htsam \u2013 turvaline.<\/p>\t\t\t\t\t\t<\/div>\n\t\t\t\t<\/div>\n\t\t\t\t\t<\/div>\n\t\t<\/div>\n\t\t\t\t\t<\/div>\n\t\t<\/section>\n\t\t\t\t<\/div>\n\t\t","protected":false},"excerpt":{"rendered":"<p>Vedelkaupade vedu Rhino Transport &amp; Logistics Groupi \u00fcheks arenevaks valdkonnaks on vedelveoste, eelk\u00f5ige bituumeni transport.S\u00f5idukipargis on: Bituumeniautod, kemikaalide ja toiduainete paakkonteinerid Tsisternid, paakkonteinerid ja fleksitankid S\u00f5idukid, millel on luba ohtlike kaupade veoks (ADR) \u00a0 Vajadusel on firmal v\u00f5imalik saada eriluba ohtlike kaupade autoveoks Vene F\u00f6deratsioonis. Meil on kogemus ka gaasipaakide transportimisel.K\u00f5ik firma kaudu tehtavad rahvusvahelised&hellip; <a class=\"more-link\" href=\"https:\/\/rtlg.eu\/et\/vedelkaupade-vedu\/\">Continue reading <span class=\"screen-reader-text\">Vedelkaupade vedu<\/span><\/a><\/p>\n","protected":false},"author":2,"featured_media":0,"parent":0,"menu_order":0,"comment_status":"closed","ping_status":"closed","template":"elementor_header_footer","meta":{"inline_featured_image":false,"footnotes":""},"class_list":["post-1099","page","type-page","status-publish","hentry","entry"],"yoast_head":"<!-- This site is optimized with the Yoast SEO plugin v21.3 - https:\/\/yoast.com\/wordpress\/plugins\/seo\/ -->\n<title>Vedelkaupade vedu - RTLG<\/title>\n<meta name=\"robots\" content=\"index, follow, max-snippet:-1, max-image-preview:large, max-video-preview:-1\" \/>\n<link rel=\"canonical\" href=\"https:\/\/rtlg.eu\/et\/vedelkaupade-vedu\/\" \/>\n<meta property=\"og:locale\" content=\"et_EE\" \/>\n<meta property=\"og:type\" content=\"article\" \/>\n<meta property=\"og:title\" content=\"Vedelkaupade vedu - RTLG\" \/>\n<meta property=\"og:description\" content=\"Vedelkaupade vedu Rhino Transport &amp; Logistics Groupi \u00fcheks arenevaks valdkonnaks on vedelveoste, eelk\u00f5ige bituumeni transport.S\u00f5idukipargis on: Bituumeniautod, kemikaalide ja toiduainete paakkonteinerid Tsisternid, paakkonteinerid ja fleksitankid S\u00f5idukid, millel on luba ohtlike kaupade veoks (ADR) \u00a0 Vajadusel on firmal v\u00f5imalik saada eriluba ohtlike kaupade autoveoks Vene F\u00f6deratsioonis. Meil on kogemus ka gaasipaakide transportimisel.K\u00f5ik firma kaudu tehtavad rahvusvahelised&hellip; Continue reading Vedelkaupade vedu\" \/>\n<meta property=\"og:url\" content=\"https:\/\/rtlg.eu\/et\/vedelkaupade-vedu\/\" \/>\n<meta property=\"og:site_name\" content=\"RTLG\" \/>\n<meta property=\"article:modified_time\" content=\"2022-02-10T16:12:35+00:00\" \/>\n<meta name=\"twitter:card\" content=\"summary_large_image\" \/>\n<meta name=\"twitter:label1\" content=\"Est. reading time\" \/>\n\t<meta name=\"twitter:data1\" content=\"1 minut\" \/>\n<script type=\"application\/ld+json\" class=\"yoast-schema-graph\">{\"@context\":\"https:\/\/schema.org\",\"@graph\":[{\"@type\":\"WebPage\",\"@id\":\"https:\/\/rtlg.eu\/et\/vedelkaupade-vedu\/\",\"url\":\"https:\/\/rtlg.eu\/et\/vedelkaupade-vedu\/\",\"name\":\"Vedelkaupade vedu - RTLG\",\"isPartOf\":{\"@id\":\"https:\/\/rtlg.eu\/#website\"},\"datePublished\":\"2022-02-10T16:09:50+00:00\",\"dateModified\":\"2022-02-10T16:12:35+00:00\",\"breadcrumb\":{\"@id\":\"https:\/\/rtlg.eu\/et\/vedelkaupade-vedu\/#breadcrumb\"},\"inLanguage\":\"et\",\"potentialAction\":[{\"@type\":\"ReadAction\",\"target\":[\"https:\/\/rtlg.eu\/et\/vedelkaupade-vedu\/\"]}]},{\"@type\":\"BreadcrumbList\",\"@id\":\"https:\/\/rtlg.eu\/et\/vedelkaupade-vedu\/#breadcrumb\",\"itemListElement\":[{\"@type\":\"ListItem\",\"position\":1,\"name\":\"Avaleht\",\"item\":\"https:\/\/rtlg.eu\/\"},{\"@type\":\"ListItem\",\"position\":2,\"name\":\"Vedelkaupade vedu\"}]},{\"@type\":\"WebSite\",\"@id\":\"https:\/\/rtlg.eu\/#website\",\"url\":\"https:\/\/rtlg.eu\/\",\"name\":\"RTLG\",\"description\":\"Rhino Transport &amp; Logistics Group\",\"publisher\":{\"@id\":\"https:\/\/rtlg.eu\/#organization\"},\"potentialAction\":[{\"@type\":\"SearchAction\",\"target\":{\"@type\":\"EntryPoint\",\"urlTemplate\":\"https:\/\/rtlg.eu\/?s={search_term_string}\"},\"query-input\":\"required name=search_term_string\"}],\"inLanguage\":\"et\"},{\"@type\":\"Organization\",\"@id\":\"https:\/\/rtlg.eu\/#organization\",\"name\":\"RTLG\",\"url\":\"https:\/\/rtlg.eu\/\",\"logo\":{\"@type\":\"ImageObject\",\"inLanguage\":\"et\",\"@id\":\"https:\/\/rtlg.eu\/#\/schema\/logo\/image\/\",\"url\":\"https:\/\/rtlg.eu\/wp-content\/uploads\/2021\/10\/logo.png\",\"contentUrl\":\"https:\/\/rtlg.eu\/wp-content\/uploads\/2021\/10\/logo.png\",\"width\":376,\"height\":95,\"caption\":\"RTLG\"},\"image\":{\"@id\":\"https:\/\/rtlg.eu\/#\/schema\/logo\/image\/\"}}]}<\/script>\n<!-- \/ Yoast SEO plugin. -->","yoast_head_json":{"title":"Vedelkaupade vedu - RTLG","robots":{"index":"index","follow":"follow","max-snippet":"max-snippet:-1","max-image-preview":"max-image-preview:large","max-video-preview":"max-video-preview:-1"},"canonical":"https:\/\/rtlg.eu\/et\/vedelkaupade-vedu\/","og_locale":"et_EE","og_type":"article","og_title":"Vedelkaupade vedu - RTLG","og_description":"Vedelkaupade vedu Rhino Transport &amp; Logistics Groupi \u00fcheks arenevaks valdkonnaks on vedelveoste, eelk\u00f5ige bituumeni transport.S\u00f5idukipargis on: Bituumeniautod, kemikaalide ja toiduainete paakkonteinerid Tsisternid, paakkonteinerid ja fleksitankid S\u00f5idukid, millel on luba ohtlike kaupade veoks (ADR) \u00a0 Vajadusel on firmal v\u00f5imalik saada eriluba ohtlike kaupade autoveoks Vene F\u00f6deratsioonis. Meil on kogemus ka gaasipaakide transportimisel.K\u00f5ik firma kaudu tehtavad rahvusvahelised&hellip; Continue reading Vedelkaupade vedu","og_url":"https:\/\/rtlg.eu\/et\/vedelkaupade-vedu\/","og_site_name":"RTLG","article_modified_time":"2022-02-10T16:12:35+00:00","twitter_card":"summary_large_image","twitter_misc":{"Est. reading time":"1 minut"},"schema":{"@context":"https:\/\/schema.org","@graph":[{"@type":"WebPage","@id":"https:\/\/rtlg.eu\/et\/vedelkaupade-vedu\/","url":"https:\/\/rtlg.eu\/et\/vedelkaupade-vedu\/","name":"Vedelkaupade vedu - RTLG","isPartOf":{"@id":"https:\/\/rtlg.eu\/#website"},"datePublished":"2022-02-10T16:09:50+00:00","dateModified":"2022-02-10T16:12:35+00:00","breadcrumb":{"@id":"https:\/\/rtlg.eu\/et\/vedelkaupade-vedu\/#breadcrumb"},"inLanguage":"et","potentialAction":[{"@type":"ReadAction","target":["https:\/\/rtlg.eu\/et\/vedelkaupade-vedu\/"]}]},{"@type":"BreadcrumbList","@id":"https:\/\/rtlg.eu\/et\/vedelkaupade-vedu\/#breadcrumb","itemListElement":[{"@type":"ListItem","position":1,"name":"Avaleht","item":"https:\/\/rtlg.eu\/"},{"@type":"ListItem","position":2,"name":"Vedelkaupade vedu"}]},{"@type":"WebSite","@id":"https:\/\/rtlg.eu\/#website","url":"https:\/\/rtlg.eu\/","name":"RTLG","description":"Rhino Transport &amp; Logistics Group","publisher":{"@id":"https:\/\/rtlg.eu\/#organization"},"potentialAction":[{"@type":"SearchAction","target":{"@type":"EntryPoint","urlTemplate":"https:\/\/rtlg.eu\/?s={search_term_string}"},"query-input":"required name=search_term_string"}],"inLanguage":"et"},{"@type":"Organization","@id":"https:\/\/rtlg.eu\/#organization","name":"RTLG","url":"https:\/\/rtlg.eu\/","logo":{"@type":"ImageObject","inLanguage":"et","@id":"https:\/\/rtlg.eu\/#\/schema\/logo\/image\/","url":"https:\/\/rtlg.eu\/wp-content\/uploads\/2021\/10\/logo.png","contentUrl":"https:\/\/rtlg.eu\/wp-content\/uploads\/2021\/10\/logo.png","width":376,"height":95,"caption":"RTLG"},"image":{"@id":"https:\/\/rtlg.eu\/#\/schema\/logo\/image\/"}}]}},"_links":{"self":[{"href":"https:\/\/rtlg.eu\/et\/wp-json\/wp\/v2\/pages\/1099"}],"collection":[{"href":"https:\/\/rtlg.eu\/et\/wp-json\/wp\/v2\/pages"}],"about":[{"href":"https:\/\/rtlg.eu\/et\/wp-json\/wp\/v2\/types\/page"}],"author":[{"embeddable":true,"href":"https:\/\/rtlg.eu\/et\/wp-json\/wp\/v2\/users\/2"}],"replies":[{"embeddable":true,"href":"https:\/\/rtlg.eu\/et\/wp-json\/wp\/v2\/comments?post=1099"}],"version-history":[{"count":4,"href":"https:\/\/rtlg.eu\/et\/wp-json\/wp\/v2\/pages\/1099\/revisions"}],"predecessor-version":[{"id":1268,"href":"https:\/\/rtlg.eu\/et\/wp-json\/wp\/v2\/pages\/1099\/revisions\/1268"}],"wp:attachment":[{"href":"https:\/\/rtlg.eu\/et\/wp-json\/wp\/v2\/media?parent=1099"}],"curies":[{"name":"wp","href":"https:\/\/api.w.org\/{rel}","templated":true}]}}