{"id":1106,"date":"2022-02-10T17:09:13","date_gmt":"2022-02-10T17:09:13","guid":{"rendered":"https:\/\/rtlg.eu\/?page_id=1106"},"modified":"2022-02-10T17:22:57","modified_gmt":"2022-02-10T17:22:57","slug":"projektipohised-ja-mittegabariitsed-veod","status":"publish","type":"page","link":"https:\/\/rtlg.eu\/et\/projektipohised-ja-mittegabariitsed-veod\/","title":{"rendered":"Projektip\u00f5hised ja mittegabariitsed veod"},"content":{"rendered":"\t\t<div data-elementor-type=\"wp-page\" data-elementor-id=\"1106\" class=\"elementor elementor-1106 elementor-1104\" data-elementor-post-type=\"page\">\n\t\t\t\t\t\t<section class=\"elementor-section elementor-top-section elementor-element elementor-element-6ff0517b elementor-section-boxed elementor-section-height-default elementor-section-height-default exad-glass-effect-no exad-sticky-section-no\" data-id=\"6ff0517b\" data-element_type=\"section\">\n\t\t\t\t\t\t<div class=\"elementor-container elementor-column-gap-default\">\n\t\t\t\t\t<div class=\"elementor-column elementor-col-100 elementor-top-column elementor-element elementor-element-7907f3e8 exad-glass-effect-no exad-sticky-section-no\" data-id=\"7907f3e8\" data-element_type=\"column\">\n\t\t\t<div class=\"elementor-widget-wrap elementor-element-populated\">\n\t\t\t\t\t\t<div class=\"elementor-element elementor-element-427f8001 exad-sticky-section-no exad-glass-effect-no elementor-widget elementor-widget-breadcrumbs\" data-id=\"427f8001\" data-element_type=\"widget\" data-widget_type=\"breadcrumbs.default\">\n\t\t\t\t<div class=\"elementor-widget-container\">\n\t\t\t<link rel=\"stylesheet\" href=\"https:\/\/rtlg.eu\/wp-content\/plugins\/elementor-pro\/assets\/css\/widget-theme-elements.min.css?ver=1724877559\"><p id=\"breadcrumbs\"><span><span><a href=\"https:\/\/rtlg.eu\/\">Avaleht<\/a><\/span><\/span><\/p>\t\t<\/div>\n\t\t\t\t<\/div>\n\t\t\t\t\t<\/div>\n\t\t<\/div>\n\t\t\t\t\t<\/div>\n\t\t<\/section>\n\t\t\t\t<section class=\"elementor-section elementor-top-section elementor-element elementor-element-9feeb66 elementor-section-boxed elementor-section-height-default elementor-section-height-default exad-glass-effect-no exad-sticky-section-no\" data-id=\"9feeb66\" data-element_type=\"section\">\n\t\t\t\t\t\t<div class=\"elementor-container elementor-column-gap-default\">\n\t\t\t\t\t<div class=\"elementor-column elementor-col-100 elementor-top-column elementor-element elementor-element-7c318299 exad-glass-effect-no exad-sticky-section-no\" data-id=\"7c318299\" data-element_type=\"column\">\n\t\t\t<div class=\"elementor-widget-wrap elementor-element-populated\">\n\t\t\t\t\t\t<div class=\"elementor-element elementor-element-17f95ba9 exad-sticky-section-no exad-glass-effect-no elementor-widget elementor-widget-heading\" data-id=\"17f95ba9\" data-element_type=\"widget\" data-widget_type=\"heading.default\">\n\t\t\t\t<div class=\"elementor-widget-container\">\n\t\t\t<style>\/*! elementor - v3.23.0 - 05-08-2024 *\/\n.elementor-heading-title{padding:0;margin:0;line-height:1}.elementor-widget-heading .elementor-heading-title[class*=elementor-size-]>a{color:inherit;font-size:inherit;line-height:inherit}.elementor-widget-heading .elementor-heading-title.elementor-size-small{font-size:15px}.elementor-widget-heading .elementor-heading-title.elementor-size-medium{font-size:19px}.elementor-widget-heading .elementor-heading-title.elementor-size-large{font-size:29px}.elementor-widget-heading .elementor-heading-title.elementor-size-xl{font-size:39px}.elementor-widget-heading .elementor-heading-title.elementor-size-xxl{font-size:59px}<\/style><h1 class=\"elementor-heading-title elementor-size-default\"><span style=\"white-space: normal;\">Projektip\u00f5hised ja mittegabariitsed veod<\/span><\/h1>\t\t<\/div>\n\t\t\t\t<\/div>\n\t\t\t\t\t<\/div>\n\t\t<\/div>\n\t\t\t\t\t<\/div>\n\t\t<\/section>\n\t\t\t\t<section class=\"elementor-section elementor-top-section elementor-element elementor-element-4521044b elementor-section-boxed elementor-section-height-default elementor-section-height-default exad-glass-effect-no exad-sticky-section-no\" data-id=\"4521044b\" data-element_type=\"section\">\n\t\t\t\t\t\t<div class=\"elementor-container elementor-column-gap-default\">\n\t\t\t\t\t<div class=\"elementor-column elementor-col-100 elementor-top-column elementor-element elementor-element-3326fa51 exad-glass-effect-no exad-sticky-section-no\" data-id=\"3326fa51\" data-element_type=\"column\">\n\t\t\t<div class=\"elementor-widget-wrap elementor-element-populated\">\n\t\t\t\t\t\t<div class=\"elementor-element elementor-element-47ec20eb exad-sticky-section-no exad-glass-effect-no elementor-widget elementor-widget-text-editor\" data-id=\"47ec20eb\" data-element_type=\"widget\" data-widget_type=\"text-editor.default\">\n\t\t\t\t<div class=\"elementor-widget-container\">\n\t\t\t<style>\/*! elementor - v3.23.0 - 05-08-2024 *\/\n.elementor-widget-text-editor.elementor-drop-cap-view-stacked .elementor-drop-cap{background-color:#69727d;color:#fff}.elementor-widget-text-editor.elementor-drop-cap-view-framed .elementor-drop-cap{color:#69727d;border:3px solid;background-color:transparent}.elementor-widget-text-editor:not(.elementor-drop-cap-view-default) .elementor-drop-cap{margin-top:8px}.elementor-widget-text-editor:not(.elementor-drop-cap-view-default) .elementor-drop-cap-letter{width:1em;height:1em}.elementor-widget-text-editor .elementor-drop-cap{float:left;text-align:center;line-height:1;font-size:50px}.elementor-widget-text-editor .elementor-drop-cap-letter{display:inline-block}<\/style>\t\t\t\t<p><b>Rhino Transport &amp; Logistics Group<\/b> pakub projektip\u00f5histe vedude teenust t\u00e4nu koost\u00f6\u00f6le suurte transpordifirmadega Baltimaades seoses mittegabariitsete vedudega.<\/p><p><br>Firmal on suur kogemus projektip\u00f5histe vedudega \u2013 rohkem kui 30 auto \u00fchekordne laadimine ja tarnimine \u00fches partiis.<\/p>\n<p><br>Rhino Transport &amp; Logistics Group aitab teid igas suuruses ja iga liiki veoste kohaleveol: firma arvutab teile v\u00e4lja individuaalse tariifi ja tellimuse marsruudi ning selgitab teile veose transpordi k\u00f5iki etappe, olenevalt teie vajadustest ja n\u00f5udmistest. Eksperdid aitavad m\u00e4\u00e4rata veoliigi ja pakuvad valikuv\u00f5imalusi erinevateks marsruutideks, kusjuures teie veose liik, kaal ja suurus ei oma t\u00e4htsust: firma leiab lahenduse igale kliendile.<\/p>\t\t\t\t\t\t<\/div>\n\t\t\t\t<\/div>\n\t\t\t\t\t<\/div>\n\t\t<\/div>\n\t\t\t\t\t<\/div>\n\t\t<\/section>\n\t\t\t\t<\/div>\n\t\t","protected":false},"excerpt":{"rendered":"<p>Projektip\u00f5hised ja mittegabariitsed veod Rhino Transport &amp; Logistics Group pakub projektip\u00f5histe vedude teenust t\u00e4nu koost\u00f6\u00f6le suurte transpordifirmadega Baltimaades seoses mittegabariitsete vedudega. Firmal on suur kogemus projektip\u00f5histe vedudega \u2013 rohkem kui 30 auto \u00fchekordne laadimine ja tarnimine \u00fches partiis. Rhino Transport &amp; Logistics Group aitab teid igas suuruses ja iga liiki veoste kohaleveol: firma arvutab teile&hellip; <a class=\"more-link\" href=\"https:\/\/rtlg.eu\/et\/projektipohised-ja-mittegabariitsed-veod\/\">Continue reading <span class=\"screen-reader-text\">Projektip\u00f5hised ja mittegabariitsed veod<\/span><\/a><\/p>\n","protected":false},"author":2,"featured_media":0,"parent":0,"menu_order":0,"comment_status":"closed","ping_status":"closed","template":"elementor_header_footer","meta":{"inline_featured_image":false,"footnotes":""},"class_list":["post-1106","page","type-page","status-publish","hentry","entry"],"yoast_head":"<!-- This site is optimized with the Yoast SEO plugin v21.3 - https:\/\/yoast.com\/wordpress\/plugins\/seo\/ -->\n<title>Projektip\u00f5hised ja mittegabariitsed veod - RTLG<\/title>\n<meta name=\"robots\" content=\"index, follow, max-snippet:-1, max-image-preview:large, max-video-preview:-1\" \/>\n<link rel=\"canonical\" href=\"https:\/\/rtlg.eu\/et\/projektipohised-ja-mittegabariitsed-veod\/\" \/>\n<meta property=\"og:locale\" content=\"et_EE\" \/>\n<meta property=\"og:type\" content=\"article\" \/>\n<meta property=\"og:title\" content=\"Projektip\u00f5hised ja mittegabariitsed veod - RTLG\" \/>\n<meta property=\"og:description\" content=\"Projektip\u00f5hised ja mittegabariitsed veod Rhino Transport &amp; Logistics Group pakub projektip\u00f5histe vedude teenust t\u00e4nu koost\u00f6\u00f6le suurte transpordifirmadega Baltimaades seoses mittegabariitsete vedudega. Firmal on suur kogemus projektip\u00f5histe vedudega \u2013 rohkem kui 30 auto \u00fchekordne laadimine ja tarnimine \u00fches partiis. Rhino Transport &amp; Logistics Group aitab teid igas suuruses ja iga liiki veoste kohaleveol: firma arvutab teile&hellip; Continue reading Projektip\u00f5hised ja mittegabariitsed veod\" \/>\n<meta property=\"og:url\" content=\"https:\/\/rtlg.eu\/et\/projektipohised-ja-mittegabariitsed-veod\/\" \/>\n<meta property=\"og:site_name\" content=\"RTLG\" \/>\n<meta property=\"article:modified_time\" content=\"2022-02-10T17:22:57+00:00\" \/>\n<meta name=\"twitter:card\" content=\"summary_large_image\" \/>\n<meta name=\"twitter:label1\" content=\"Est. reading time\" \/>\n\t<meta name=\"twitter:data1\" content=\"1 minut\" \/>\n<script type=\"application\/ld+json\" class=\"yoast-schema-graph\">{\"@context\":\"https:\/\/schema.org\",\"@graph\":[{\"@type\":\"WebPage\",\"@id\":\"https:\/\/rtlg.eu\/et\/projektipohised-ja-mittegabariitsed-veod\/\",\"url\":\"https:\/\/rtlg.eu\/et\/projektipohised-ja-mittegabariitsed-veod\/\",\"name\":\"Projektip\u00f5hised ja mittegabariitsed veod - RTLG\",\"isPartOf\":{\"@id\":\"https:\/\/rtlg.eu\/#website\"},\"datePublished\":\"2022-02-10T17:09:13+00:00\",\"dateModified\":\"2022-02-10T17:22:57+00:00\",\"breadcrumb\":{\"@id\":\"https:\/\/rtlg.eu\/et\/projektipohised-ja-mittegabariitsed-veod\/#breadcrumb\"},\"inLanguage\":\"et\",\"potentialAction\":[{\"@type\":\"ReadAction\",\"target\":[\"https:\/\/rtlg.eu\/et\/projektipohised-ja-mittegabariitsed-veod\/\"]}]},{\"@type\":\"BreadcrumbList\",\"@id\":\"https:\/\/rtlg.eu\/et\/projektipohised-ja-mittegabariitsed-veod\/#breadcrumb\",\"itemListElement\":[{\"@type\":\"ListItem\",\"position\":1,\"name\":\"Avaleht\",\"item\":\"https:\/\/rtlg.eu\/\"},{\"@type\":\"ListItem\",\"position\":2,\"name\":\"Projektip\u00f5hised ja mittegabariitsed veod\"}]},{\"@type\":\"WebSite\",\"@id\":\"https:\/\/rtlg.eu\/#website\",\"url\":\"https:\/\/rtlg.eu\/\",\"name\":\"RTLG\",\"description\":\"Rhino Transport &amp; Logistics Group\",\"publisher\":{\"@id\":\"https:\/\/rtlg.eu\/#organization\"},\"potentialAction\":[{\"@type\":\"SearchAction\",\"target\":{\"@type\":\"EntryPoint\",\"urlTemplate\":\"https:\/\/rtlg.eu\/?s={search_term_string}\"},\"query-input\":\"required name=search_term_string\"}],\"inLanguage\":\"et\"},{\"@type\":\"Organization\",\"@id\":\"https:\/\/rtlg.eu\/#organization\",\"name\":\"RTLG\",\"url\":\"https:\/\/rtlg.eu\/\",\"logo\":{\"@type\":\"ImageObject\",\"inLanguage\":\"et\",\"@id\":\"https:\/\/rtlg.eu\/#\/schema\/logo\/image\/\",\"url\":\"https:\/\/rtlg.eu\/wp-content\/uploads\/2021\/10\/logo.png\",\"contentUrl\":\"https:\/\/rtlg.eu\/wp-content\/uploads\/2021\/10\/logo.png\",\"width\":376,\"height\":95,\"caption\":\"RTLG\"},\"image\":{\"@id\":\"https:\/\/rtlg.eu\/#\/schema\/logo\/image\/\"}}]}<\/script>\n<!-- \/ Yoast SEO plugin. -->","yoast_head_json":{"title":"Projektip\u00f5hised ja mittegabariitsed veod - RTLG","robots":{"index":"index","follow":"follow","max-snippet":"max-snippet:-1","max-image-preview":"max-image-preview:large","max-video-preview":"max-video-preview:-1"},"canonical":"https:\/\/rtlg.eu\/et\/projektipohised-ja-mittegabariitsed-veod\/","og_locale":"et_EE","og_type":"article","og_title":"Projektip\u00f5hised ja mittegabariitsed veod - RTLG","og_description":"Projektip\u00f5hised ja mittegabariitsed veod Rhino Transport &amp; Logistics Group pakub projektip\u00f5histe vedude teenust t\u00e4nu koost\u00f6\u00f6le suurte transpordifirmadega Baltimaades seoses mittegabariitsete vedudega. Firmal on suur kogemus projektip\u00f5histe vedudega \u2013 rohkem kui 30 auto \u00fchekordne laadimine ja tarnimine \u00fches partiis. Rhino Transport &amp; Logistics Group aitab teid igas suuruses ja iga liiki veoste kohaleveol: firma arvutab teile&hellip; Continue reading Projektip\u00f5hised ja mittegabariitsed veod","og_url":"https:\/\/rtlg.eu\/et\/projektipohised-ja-mittegabariitsed-veod\/","og_site_name":"RTLG","article_modified_time":"2022-02-10T17:22:57+00:00","twitter_card":"summary_large_image","twitter_misc":{"Est. reading time":"1 minut"},"schema":{"@context":"https:\/\/schema.org","@graph":[{"@type":"WebPage","@id":"https:\/\/rtlg.eu\/et\/projektipohised-ja-mittegabariitsed-veod\/","url":"https:\/\/rtlg.eu\/et\/projektipohised-ja-mittegabariitsed-veod\/","name":"Projektip\u00f5hised ja mittegabariitsed veod - RTLG","isPartOf":{"@id":"https:\/\/rtlg.eu\/#website"},"datePublished":"2022-02-10T17:09:13+00:00","dateModified":"2022-02-10T17:22:57+00:00","breadcrumb":{"@id":"https:\/\/rtlg.eu\/et\/projektipohised-ja-mittegabariitsed-veod\/#breadcrumb"},"inLanguage":"et","potentialAction":[{"@type":"ReadAction","target":["https:\/\/rtlg.eu\/et\/projektipohised-ja-mittegabariitsed-veod\/"]}]},{"@type":"BreadcrumbList","@id":"https:\/\/rtlg.eu\/et\/projektipohised-ja-mittegabariitsed-veod\/#breadcrumb","itemListElement":[{"@type":"ListItem","position":1,"name":"Avaleht","item":"https:\/\/rtlg.eu\/"},{"@type":"ListItem","position":2,"name":"Projektip\u00f5hised ja mittegabariitsed veod"}]},{"@type":"WebSite","@id":"https:\/\/rtlg.eu\/#website","url":"https:\/\/rtlg.eu\/","name":"RTLG","description":"Rhino Transport &amp; Logistics Group","publisher":{"@id":"https:\/\/rtlg.eu\/#organization"},"potentialAction":[{"@type":"SearchAction","target":{"@type":"EntryPoint","urlTemplate":"https:\/\/rtlg.eu\/?s={search_term_string}"},"query-input":"required name=search_term_string"}],"inLanguage":"et"},{"@type":"Organization","@id":"https:\/\/rtlg.eu\/#organization","name":"RTLG","url":"https:\/\/rtlg.eu\/","logo":{"@type":"ImageObject","inLanguage":"et","@id":"https:\/\/rtlg.eu\/#\/schema\/logo\/image\/","url":"https:\/\/rtlg.eu\/wp-content\/uploads\/2021\/10\/logo.png","contentUrl":"https:\/\/rtlg.eu\/wp-content\/uploads\/2021\/10\/logo.png","width":376,"height":95,"caption":"RTLG"},"image":{"@id":"https:\/\/rtlg.eu\/#\/schema\/logo\/image\/"}}]}},"_links":{"self":[{"href":"https:\/\/rtlg.eu\/et\/wp-json\/wp\/v2\/pages\/1106"}],"collection":[{"href":"https:\/\/rtlg.eu\/et\/wp-json\/wp\/v2\/pages"}],"about":[{"href":"https:\/\/rtlg.eu\/et\/wp-json\/wp\/v2\/types\/page"}],"author":[{"embeddable":true,"href":"https:\/\/rtlg.eu\/et\/wp-json\/wp\/v2\/users\/2"}],"replies":[{"embeddable":true,"href":"https:\/\/rtlg.eu\/et\/wp-json\/wp\/v2\/comments?post=1106"}],"version-history":[{"count":4,"href":"https:\/\/rtlg.eu\/et\/wp-json\/wp\/v2\/pages\/1106\/revisions"}],"predecessor-version":[{"id":1297,"href":"https:\/\/rtlg.eu\/et\/wp-json\/wp\/v2\/pages\/1106\/revisions\/1297"}],"wp:attachment":[{"href":"https:\/\/rtlg.eu\/et\/wp-json\/wp\/v2\/media?parent=1106"}],"curies":[{"name":"wp","href":"https:\/\/api.w.org\/{rel}","templated":true}]}}