{"id":1113,"date":"2022-02-10T16:31:00","date_gmt":"2022-02-10T16:31:00","guid":{"rendered":"https:\/\/rtlg.eu\/?page_id=1113"},"modified":"2024-05-28T13:38:37","modified_gmt":"2024-05-28T13:38:37","slug":"ohuveod","status":"publish","type":"page","link":"https:\/\/rtlg.eu\/et\/ohuveod\/","title":{"rendered":"\u00d5huveod"},"content":{"rendered":"\t\t<div data-elementor-type=\"wp-page\" data-elementor-id=\"1113\" class=\"elementor elementor-1113 elementor-1111\" data-elementor-post-type=\"page\">\n\t\t\t\t\t\t<section class=\"elementor-section elementor-top-section elementor-element elementor-element-6ff0517b elementor-section-boxed elementor-section-height-default elementor-section-height-default exad-glass-effect-no exad-sticky-section-no\" data-id=\"6ff0517b\" data-element_type=\"section\">\n\t\t\t\t\t\t<div class=\"elementor-container elementor-column-gap-default\">\n\t\t\t\t\t<div class=\"elementor-column elementor-col-100 elementor-top-column elementor-element elementor-element-7907f3e8 exad-glass-effect-no exad-sticky-section-no\" data-id=\"7907f3e8\" data-element_type=\"column\">\n\t\t\t<div class=\"elementor-widget-wrap elementor-element-populated\">\n\t\t\t\t\t\t<div class=\"elementor-element elementor-element-427f8001 exad-sticky-section-no exad-glass-effect-no elementor-widget elementor-widget-breadcrumbs\" data-id=\"427f8001\" data-element_type=\"widget\" data-widget_type=\"breadcrumbs.default\">\n\t\t\t\t<div class=\"elementor-widget-container\">\n\t\t\t<link rel=\"stylesheet\" href=\"https:\/\/rtlg.eu\/wp-content\/plugins\/elementor-pro\/assets\/css\/widget-theme-elements.min.css?ver=1724877559\"><p id=\"breadcrumbs\"><span><span><a href=\"https:\/\/rtlg.eu\/\">Avaleht<\/a><\/span><\/span><\/p>\t\t<\/div>\n\t\t\t\t<\/div>\n\t\t\t\t\t<\/div>\n\t\t<\/div>\n\t\t\t\t\t<\/div>\n\t\t<\/section>\n\t\t\t\t<section class=\"elementor-section elementor-top-section elementor-element elementor-element-9feeb66 elementor-section-boxed elementor-section-height-default elementor-section-height-default exad-glass-effect-no exad-sticky-section-no\" data-id=\"9feeb66\" data-element_type=\"section\">\n\t\t\t\t\t\t<div class=\"elementor-container elementor-column-gap-default\">\n\t\t\t\t\t<div class=\"elementor-column elementor-col-100 elementor-top-column elementor-element elementor-element-7c318299 exad-glass-effect-no exad-sticky-section-no\" data-id=\"7c318299\" data-element_type=\"column\">\n\t\t\t<div class=\"elementor-widget-wrap elementor-element-populated\">\n\t\t\t\t\t\t<div class=\"elementor-element elementor-element-17f95ba9 exad-sticky-section-no exad-glass-effect-no elementor-widget elementor-widget-heading\" data-id=\"17f95ba9\" data-element_type=\"widget\" data-widget_type=\"heading.default\">\n\t\t\t\t<div class=\"elementor-widget-container\">\n\t\t\t<style>\/*! elementor - v3.23.0 - 05-08-2024 *\/\n.elementor-heading-title{padding:0;margin:0;line-height:1}.elementor-widget-heading .elementor-heading-title[class*=elementor-size-]>a{color:inherit;font-size:inherit;line-height:inherit}.elementor-widget-heading .elementor-heading-title.elementor-size-small{font-size:15px}.elementor-widget-heading .elementor-heading-title.elementor-size-medium{font-size:19px}.elementor-widget-heading .elementor-heading-title.elementor-size-large{font-size:29px}.elementor-widget-heading .elementor-heading-title.elementor-size-xl{font-size:39px}.elementor-widget-heading .elementor-heading-title.elementor-size-xxl{font-size:59px}<\/style><h1 class=\"elementor-heading-title elementor-size-default\"><span style=\"white-space: normal;\">&nbsp;&nbsp;<\/span><br><span style=\"white-space: normal;\">\u00d5huveod<\/span><\/h1>\t\t<\/div>\n\t\t\t\t<\/div>\n\t\t\t\t\t<\/div>\n\t\t<\/div>\n\t\t\t\t\t<\/div>\n\t\t<\/section>\n\t\t\t\t<section class=\"elementor-section elementor-top-section elementor-element elementor-element-4521044b elementor-section-boxed elementor-section-height-default elementor-section-height-default exad-glass-effect-no exad-sticky-section-no\" data-id=\"4521044b\" data-element_type=\"section\">\n\t\t\t\t\t\t<div class=\"elementor-container elementor-column-gap-default\">\n\t\t\t\t\t<div class=\"elementor-column elementor-col-100 elementor-top-column elementor-element elementor-element-3326fa51 exad-glass-effect-no exad-sticky-section-no\" data-id=\"3326fa51\" data-element_type=\"column\">\n\t\t\t<div class=\"elementor-widget-wrap elementor-element-populated\">\n\t\t\t\t\t\t<div class=\"elementor-element elementor-element-47ec20eb exad-sticky-section-no exad-glass-effect-no elementor-widget elementor-widget-text-editor\" data-id=\"47ec20eb\" data-element_type=\"widget\" data-widget_type=\"text-editor.default\">\n\t\t\t\t<div class=\"elementor-widget-container\">\n\t\t\t<style>\/*! elementor - v3.23.0 - 05-08-2024 *\/\n.elementor-widget-text-editor.elementor-drop-cap-view-stacked .elementor-drop-cap{background-color:#69727d;color:#fff}.elementor-widget-text-editor.elementor-drop-cap-view-framed .elementor-drop-cap{color:#69727d;border:3px solid;background-color:transparent}.elementor-widget-text-editor:not(.elementor-drop-cap-view-default) .elementor-drop-cap{margin-top:8px}.elementor-widget-text-editor:not(.elementor-drop-cap-view-default) .elementor-drop-cap-letter{width:1em;height:1em}.elementor-widget-text-editor .elementor-drop-cap{float:left;text-align:center;line-height:1;font-size:50px}.elementor-widget-text-editor .elementor-drop-cap-letter{display:inline-block}<\/style>\t\t\t\t<p>Rahvusvaheline kaupade kohaletoimetamine \u00f5hutranspordiga on kiireim transpordiviis. See valik sobib eriti h\u00e4sti v\u00e4ikestele saa detistele (alates 1 kg) ja neile klientidele, kellele on tarneaeg v\u00e4ga oluline. \u00d5hutranspordi omaette eelis on kiire kaubavedu pikkade vahemaade taha.<\/p><p>\u00a0<\/p><p><b>Rhino Transport &amp; Logistics Group<\/b> toimetab teie kauba \u00f5hutranspordiga k\u00f5ikjale Euroopasse ja mujale maailma. Firmal on koost\u00f6\u00f6lepingud suurimate lennufirmadega, mis tagab kaubaveo turvalisuse ja kiiruse.<\/p><p>\u00a0<\/p><p>\u00d5huveo teenused sisaldavad j\u00e4rgmist:<\/p><ul class=\"list-style\"><li>Iga alates 1 kg kaaluva kauba \u00f5huvedu k\u00f5ige optimaalsemal marsruudil<\/li><li>Kaubavedu ukselt uksele<\/li><li>Pakkimine, ladustamine ja veosekindlustus<\/li><li>Peale- ja mahalaadimine transpordi ajal<\/li><li>Ekspedeerimine ja kogu vajaliku dokumentatsiooni vormistamine kauba saatjale ja saajale<br \/><br \/><\/li><\/ul><p>Kaupade \u00f5huvedu Rhino Transport &amp; Logistics Groupiga on igale \u00e4rile uus v\u00f5imalus kiirendada logistikat rahvusvahelises mastaabis. Lisaks ei ole \u00f5hutransport tingimata kallis. Firma aitab v\u00e4lja arvutada individuaalse tariifi ja optimeerida veokulusid, s\u00e4ilitades samal ajal peamised eelised \u2013 transpordi kiiruse ja veose turvalisuse.<\/p>\t\t\t\t\t\t<\/div>\n\t\t\t\t<\/div>\n\t\t\t\t\t<\/div>\n\t\t<\/div>\n\t\t\t\t\t<\/div>\n\t\t<\/section>\n\t\t\t\t<\/div>\n\t\t","protected":false},"excerpt":{"rendered":"<p>\u00d5huveod Rahvusvaheline kaupade kohaletoimetamine \u00f5hutranspordiga on kiireim transpordiviis. See valik sobib eriti h\u00e4sti v\u00e4ikestele saa detistele (alates 1 kg) ja neile klientidele, kellele on tarneaeg v\u00e4ga oluline. \u00d5hutranspordi omaette eelis on kiire kaubavedu pikkade vahemaade taha. Rhino Transport &amp; Logistics Group toimetab teie kauba \u00f5hutranspordiga k\u00f5ikjale Euroopasse ja mujale maailma. Firmal on koost\u00f6\u00f6lepingud suurimate lennufirmadega,&hellip; <a class=\"more-link\" href=\"https:\/\/rtlg.eu\/et\/ohuveod\/\">Continue reading <span class=\"screen-reader-text\">\u00d5huveod<\/span><\/a><\/p>\n","protected":false},"author":2,"featured_media":0,"parent":0,"menu_order":0,"comment_status":"closed","ping_status":"closed","template":"elementor_header_footer","meta":{"inline_featured_image":false,"footnotes":""},"class_list":["post-1113","page","type-page","status-publish","hentry","entry"],"yoast_head":"<!-- This site is optimized with the Yoast SEO plugin v21.3 - https:\/\/yoast.com\/wordpress\/plugins\/seo\/ -->\n<title>Lennutransport - logistikafirma RTLG<\/title>\n<meta name=\"description\" content=\"Rhino transport &amp; logistics group - mis tahes keerukusega lennutransport k\u00f5ikjale maailmas, sealhulgas SR\u00dcsse, Ukrainasse ja Gruusiasse. Tutvuge v\u00f5imalustega!\" \/>\n<meta name=\"robots\" content=\"index, follow, max-snippet:-1, max-image-preview:large, max-video-preview:-1\" \/>\n<link rel=\"canonical\" href=\"https:\/\/rtlg.eu\/et\/ohuveod\/\" \/>\n<meta property=\"og:locale\" content=\"et_EE\" \/>\n<meta property=\"og:type\" content=\"article\" \/>\n<meta property=\"og:title\" content=\"Lennutransport - logistikafirma RTLG\" \/>\n<meta property=\"og:description\" content=\"Rhino transport &amp; logistics group - mis tahes keerukusega lennutransport k\u00f5ikjale maailmas, sealhulgas SR\u00dcsse, Ukrainasse ja Gruusiasse. Tutvuge v\u00f5imalustega!\" \/>\n<meta property=\"og:url\" content=\"https:\/\/rtlg.eu\/et\/ohuveod\/\" \/>\n<meta property=\"og:site_name\" content=\"RTLG\" \/>\n<meta property=\"article:modified_time\" content=\"2024-05-28T13:38:37+00:00\" \/>\n<meta name=\"twitter:card\" content=\"summary_large_image\" \/>\n<meta name=\"twitter:label1\" content=\"Est. reading time\" \/>\n\t<meta name=\"twitter:data1\" content=\"1 minut\" \/>\n<script type=\"application\/ld+json\" class=\"yoast-schema-graph\">{\"@context\":\"https:\/\/schema.org\",\"@graph\":[{\"@type\":\"WebPage\",\"@id\":\"https:\/\/rtlg.eu\/et\/ohuveod\/\",\"url\":\"https:\/\/rtlg.eu\/et\/ohuveod\/\",\"name\":\"Lennutransport - logistikafirma RTLG\",\"isPartOf\":{\"@id\":\"https:\/\/rtlg.eu\/#website\"},\"datePublished\":\"2022-02-10T16:31:00+00:00\",\"dateModified\":\"2024-05-28T13:38:37+00:00\",\"description\":\"Rhino transport & logistics group - mis tahes keerukusega lennutransport k\u00f5ikjale maailmas, sealhulgas SR\u00dcsse, Ukrainasse ja Gruusiasse. Tutvuge v\u00f5imalustega!\",\"breadcrumb\":{\"@id\":\"https:\/\/rtlg.eu\/et\/ohuveod\/#breadcrumb\"},\"inLanguage\":\"et\",\"potentialAction\":[{\"@type\":\"ReadAction\",\"target\":[\"https:\/\/rtlg.eu\/et\/ohuveod\/\"]}]},{\"@type\":\"BreadcrumbList\",\"@id\":\"https:\/\/rtlg.eu\/et\/ohuveod\/#breadcrumb\",\"itemListElement\":[{\"@type\":\"ListItem\",\"position\":1,\"name\":\"Avaleht\",\"item\":\"https:\/\/rtlg.eu\/\"},{\"@type\":\"ListItem\",\"position\":2,\"name\":\"\u00d5huveod\"}]},{\"@type\":\"WebSite\",\"@id\":\"https:\/\/rtlg.eu\/#website\",\"url\":\"https:\/\/rtlg.eu\/\",\"name\":\"RTLG\",\"description\":\"Rhino Transport &amp; Logistics Group\",\"publisher\":{\"@id\":\"https:\/\/rtlg.eu\/#organization\"},\"potentialAction\":[{\"@type\":\"SearchAction\",\"target\":{\"@type\":\"EntryPoint\",\"urlTemplate\":\"https:\/\/rtlg.eu\/?s={search_term_string}\"},\"query-input\":\"required name=search_term_string\"}],\"inLanguage\":\"et\"},{\"@type\":\"Organization\",\"@id\":\"https:\/\/rtlg.eu\/#organization\",\"name\":\"RTLG\",\"url\":\"https:\/\/rtlg.eu\/\",\"logo\":{\"@type\":\"ImageObject\",\"inLanguage\":\"et\",\"@id\":\"https:\/\/rtlg.eu\/#\/schema\/logo\/image\/\",\"url\":\"https:\/\/rtlg.eu\/wp-content\/uploads\/2021\/10\/logo.png\",\"contentUrl\":\"https:\/\/rtlg.eu\/wp-content\/uploads\/2021\/10\/logo.png\",\"width\":376,\"height\":95,\"caption\":\"RTLG\"},\"image\":{\"@id\":\"https:\/\/rtlg.eu\/#\/schema\/logo\/image\/\"}}]}<\/script>\n<!-- \/ Yoast SEO plugin. -->","yoast_head_json":{"title":"Lennutransport - logistikafirma RTLG","description":"Rhino transport & logistics group - mis tahes keerukusega lennutransport k\u00f5ikjale maailmas, sealhulgas SR\u00dcsse, Ukrainasse ja Gruusiasse. Tutvuge v\u00f5imalustega!","robots":{"index":"index","follow":"follow","max-snippet":"max-snippet:-1","max-image-preview":"max-image-preview:large","max-video-preview":"max-video-preview:-1"},"canonical":"https:\/\/rtlg.eu\/et\/ohuveod\/","og_locale":"et_EE","og_type":"article","og_title":"Lennutransport - logistikafirma RTLG","og_description":"Rhino transport & logistics group - mis tahes keerukusega lennutransport k\u00f5ikjale maailmas, sealhulgas SR\u00dcsse, Ukrainasse ja Gruusiasse. Tutvuge v\u00f5imalustega!","og_url":"https:\/\/rtlg.eu\/et\/ohuveod\/","og_site_name":"RTLG","article_modified_time":"2024-05-28T13:38:37+00:00","twitter_card":"summary_large_image","twitter_misc":{"Est. reading time":"1 minut"},"schema":{"@context":"https:\/\/schema.org","@graph":[{"@type":"WebPage","@id":"https:\/\/rtlg.eu\/et\/ohuveod\/","url":"https:\/\/rtlg.eu\/et\/ohuveod\/","name":"Lennutransport - logistikafirma RTLG","isPartOf":{"@id":"https:\/\/rtlg.eu\/#website"},"datePublished":"2022-02-10T16:31:00+00:00","dateModified":"2024-05-28T13:38:37+00:00","description":"Rhino transport & logistics group - mis tahes keerukusega lennutransport k\u00f5ikjale maailmas, sealhulgas SR\u00dcsse, Ukrainasse ja Gruusiasse. Tutvuge v\u00f5imalustega!","breadcrumb":{"@id":"https:\/\/rtlg.eu\/et\/ohuveod\/#breadcrumb"},"inLanguage":"et","potentialAction":[{"@type":"ReadAction","target":["https:\/\/rtlg.eu\/et\/ohuveod\/"]}]},{"@type":"BreadcrumbList","@id":"https:\/\/rtlg.eu\/et\/ohuveod\/#breadcrumb","itemListElement":[{"@type":"ListItem","position":1,"name":"Avaleht","item":"https:\/\/rtlg.eu\/"},{"@type":"ListItem","position":2,"name":"\u00d5huveod"}]},{"@type":"WebSite","@id":"https:\/\/rtlg.eu\/#website","url":"https:\/\/rtlg.eu\/","name":"RTLG","description":"Rhino Transport &amp; Logistics Group","publisher":{"@id":"https:\/\/rtlg.eu\/#organization"},"potentialAction":[{"@type":"SearchAction","target":{"@type":"EntryPoint","urlTemplate":"https:\/\/rtlg.eu\/?s={search_term_string}"},"query-input":"required name=search_term_string"}],"inLanguage":"et"},{"@type":"Organization","@id":"https:\/\/rtlg.eu\/#organization","name":"RTLG","url":"https:\/\/rtlg.eu\/","logo":{"@type":"ImageObject","inLanguage":"et","@id":"https:\/\/rtlg.eu\/#\/schema\/logo\/image\/","url":"https:\/\/rtlg.eu\/wp-content\/uploads\/2021\/10\/logo.png","contentUrl":"https:\/\/rtlg.eu\/wp-content\/uploads\/2021\/10\/logo.png","width":376,"height":95,"caption":"RTLG"},"image":{"@id":"https:\/\/rtlg.eu\/#\/schema\/logo\/image\/"}}]}},"_links":{"self":[{"href":"https:\/\/rtlg.eu\/et\/wp-json\/wp\/v2\/pages\/1113"}],"collection":[{"href":"https:\/\/rtlg.eu\/et\/wp-json\/wp\/v2\/pages"}],"about":[{"href":"https:\/\/rtlg.eu\/et\/wp-json\/wp\/v2\/types\/page"}],"author":[{"embeddable":true,"href":"https:\/\/rtlg.eu\/et\/wp-json\/wp\/v2\/users\/2"}],"replies":[{"embeddable":true,"href":"https:\/\/rtlg.eu\/et\/wp-json\/wp\/v2\/comments?post=1113"}],"version-history":[{"count":11,"href":"https:\/\/rtlg.eu\/et\/wp-json\/wp\/v2\/pages\/1113\/revisions"}],"predecessor-version":[{"id":1996,"href":"https:\/\/rtlg.eu\/et\/wp-json\/wp\/v2\/pages\/1113\/revisions\/1996"}],"wp:attachment":[{"href":"https:\/\/rtlg.eu\/et\/wp-json\/wp\/v2\/media?parent=1113"}],"curies":[{"name":"wp","href":"https:\/\/api.w.org\/{rel}","templated":true}]}}