{"id":1164,"date":"2022-02-10T16:34:36","date_gmt":"2022-02-10T16:34:36","guid":{"rendered":"https:\/\/rtlg.eu\/?page_id=1164"},"modified":"2024-02-21T22:08:09","modified_gmt":"2024-02-21T22:08:09","slug":"konsolideeritud-kaupade-vedu","status":"publish","type":"page","link":"https:\/\/rtlg.eu\/et\/konsolideeritud-kaupade-vedu\/","title":{"rendered":"Konsolideeritud kaupade vedu"},"content":{"rendered":"\t\t<div data-elementor-type=\"wp-page\" data-elementor-id=\"1164\" class=\"elementor elementor-1164 elementor-1162\" data-elementor-post-type=\"page\">\n\t\t\t\t\t\t<section class=\"elementor-section elementor-top-section elementor-element elementor-element-6ff0517b elementor-section-boxed elementor-section-height-default elementor-section-height-default exad-glass-effect-no exad-sticky-section-no\" data-id=\"6ff0517b\" data-element_type=\"section\">\n\t\t\t\t\t\t<div class=\"elementor-container elementor-column-gap-default\">\n\t\t\t\t\t<div class=\"elementor-column elementor-col-100 elementor-top-column elementor-element elementor-element-7907f3e8 exad-glass-effect-no exad-sticky-section-no\" data-id=\"7907f3e8\" data-element_type=\"column\">\n\t\t\t<div class=\"elementor-widget-wrap elementor-element-populated\">\n\t\t\t\t\t\t<div class=\"elementor-element elementor-element-427f8001 exad-sticky-section-no exad-glass-effect-no elementor-widget elementor-widget-breadcrumbs\" data-id=\"427f8001\" data-element_type=\"widget\" data-widget_type=\"breadcrumbs.default\">\n\t\t\t\t<div class=\"elementor-widget-container\">\n\t\t\t<link rel=\"stylesheet\" href=\"https:\/\/rtlg.eu\/wp-content\/plugins\/elementor-pro\/assets\/css\/widget-theme-elements.min.css?ver=1724877559\"><p id=\"breadcrumbs\"><span><span><a href=\"https:\/\/rtlg.eu\/\">Avaleht<\/a><\/span><\/span><\/p>\t\t<\/div>\n\t\t\t\t<\/div>\n\t\t\t\t\t<\/div>\n\t\t<\/div>\n\t\t\t\t\t<\/div>\n\t\t<\/section>\n\t\t\t\t<section class=\"elementor-section elementor-top-section elementor-element elementor-element-9feeb66 elementor-section-boxed elementor-section-height-default elementor-section-height-default exad-glass-effect-no exad-sticky-section-no\" data-id=\"9feeb66\" data-element_type=\"section\">\n\t\t\t\t\t\t<div class=\"elementor-container elementor-column-gap-default\">\n\t\t\t\t\t<div class=\"elementor-column elementor-col-100 elementor-top-column elementor-element elementor-element-7c318299 exad-glass-effect-no exad-sticky-section-no\" data-id=\"7c318299\" data-element_type=\"column\">\n\t\t\t<div class=\"elementor-widget-wrap elementor-element-populated\">\n\t\t\t\t\t\t<div class=\"elementor-element elementor-element-17f95ba9 exad-sticky-section-no exad-glass-effect-no elementor-widget elementor-widget-heading\" data-id=\"17f95ba9\" data-element_type=\"widget\" data-widget_type=\"heading.default\">\n\t\t\t\t<div class=\"elementor-widget-container\">\n\t\t\t<style>\/*! elementor - v3.23.0 - 05-08-2024 *\/\n.elementor-heading-title{padding:0;margin:0;line-height:1}.elementor-widget-heading .elementor-heading-title[class*=elementor-size-]>a{color:inherit;font-size:inherit;line-height:inherit}.elementor-widget-heading .elementor-heading-title.elementor-size-small{font-size:15px}.elementor-widget-heading .elementor-heading-title.elementor-size-medium{font-size:19px}.elementor-widget-heading .elementor-heading-title.elementor-size-large{font-size:29px}.elementor-widget-heading .elementor-heading-title.elementor-size-xl{font-size:39px}.elementor-widget-heading .elementor-heading-title.elementor-size-xxl{font-size:59px}<\/style><h1 class=\"elementor-heading-title elementor-size-default\"><span style=\"white-space: normal;\">Konsolideeritud kaupade vedu<\/span><\/h1>\t\t<\/div>\n\t\t\t\t<\/div>\n\t\t\t\t\t<\/div>\n\t\t<\/div>\n\t\t\t\t\t<\/div>\n\t\t<\/section>\n\t\t\t\t<section class=\"elementor-section elementor-top-section elementor-element elementor-element-4521044b elementor-section-boxed elementor-section-height-default elementor-section-height-default exad-glass-effect-no exad-sticky-section-no\" data-id=\"4521044b\" data-element_type=\"section\">\n\t\t\t\t\t\t<div class=\"elementor-container elementor-column-gap-default\">\n\t\t\t\t\t<div class=\"elementor-column elementor-col-100 elementor-top-column elementor-element elementor-element-3326fa51 exad-glass-effect-no exad-sticky-section-no\" data-id=\"3326fa51\" data-element_type=\"column\">\n\t\t\t<div class=\"elementor-widget-wrap elementor-element-populated\">\n\t\t\t\t\t\t<div class=\"elementor-element elementor-element-47ec20eb exad-sticky-section-no exad-glass-effect-no elementor-widget elementor-widget-text-editor\" data-id=\"47ec20eb\" data-element_type=\"widget\" data-widget_type=\"text-editor.default\">\n\t\t\t\t<div class=\"elementor-widget-container\">\n\t\t\t<style>\/*! elementor - v3.23.0 - 05-08-2024 *\/\n.elementor-widget-text-editor.elementor-drop-cap-view-stacked .elementor-drop-cap{background-color:#69727d;color:#fff}.elementor-widget-text-editor.elementor-drop-cap-view-framed .elementor-drop-cap{color:#69727d;border:3px solid;background-color:transparent}.elementor-widget-text-editor:not(.elementor-drop-cap-view-default) .elementor-drop-cap{margin-top:8px}.elementor-widget-text-editor:not(.elementor-drop-cap-view-default) .elementor-drop-cap-letter{width:1em;height:1em}.elementor-widget-text-editor .elementor-drop-cap{float:left;text-align:center;line-height:1;font-size:50px}.elementor-widget-text-editor .elementor-drop-cap-letter{display:inline-block}<\/style>\t\t\t\t<p>Konsolideeritud veos (LCL) \u2013 mitmele saajale m\u00f5eldud v\u00e4ikesaadetiste konteinervedu. Selline transport sobib eriti h\u00e4sti n\u00e4iteks ettev\u00f5ttele, kes on otsustanud proovida uut toodet ja soovib seda v\u00e4ikese partiina kohale toimetada. Samuti on see hea valik neile, kes tellivad kaupa mitmelt tarnijalt korraga. M\u00f5lemal juhul on terve konteineri tellimine ebam\u00f5istlik ja kahjumlik ning \u00fchitatud veoga kohaletoimetamine on odavam \u2013 logistikakulud v\u00e4henevad umbes 40%.<\/p><p><br \/><b>Rhino Transport &amp; Logistics Group<\/b> pakub koondkaubaveoste t\u00e4ielikku tarnets\u00fcklit valmislahenduse p\u00f5him\u00f5ttel suunal Eesti-Ida-Euroopa, Euroopa-Kesk-Aasia riigid, Ukraina, Gruusia, Eesti-Euroopa, Balti riigid, samuti vastupidises suunas, sisaldades j\u00e4rgmisi etappe:<\/p><ul class=\"list-style\"><li>Kauba vastuv\u00f5tt saatja ukselt teie nimel v\u00f5i firma lepingu alusel<\/li><li>Vajadusel kauba konsolideerimine<\/li><li>Tollivormistus eksportiva ja importiva riigi poolt otse- v\u00f5i firma lepingu alusel<\/li><li>Kauba ladustamine<\/li><li>Kohaletoimetamine saajale<\/li><\/ul><p>\u00a0<\/p><p>Firma teeb koost\u00f6\u00f6d suurimate transpordi- ja logistikaettev\u00f5tetega, mist\u00f5ttu saate kauba k\u00e4tte terve maailma piiril.<\/p>\t\t\t\t\t\t<\/div>\n\t\t\t\t<\/div>\n\t\t\t\t\t<\/div>\n\t\t<\/div>\n\t\t\t\t\t<\/div>\n\t\t<\/section>\n\t\t\t\t<\/div>\n\t\t","protected":false},"excerpt":{"rendered":"<p>Konsolideeritud kaupade vedu Konsolideeritud veos (LCL) \u2013 mitmele saajale m\u00f5eldud v\u00e4ikesaadetiste konteinervedu. Selline transport sobib eriti h\u00e4sti n\u00e4iteks ettev\u00f5ttele, kes on otsustanud proovida uut toodet ja soovib seda v\u00e4ikese partiina kohale toimetada. Samuti on see hea valik neile, kes tellivad kaupa mitmelt tarnijalt korraga. M\u00f5lemal juhul on terve konteineri tellimine ebam\u00f5istlik ja kahjumlik ning \u00fchitatud&hellip; <a class=\"more-link\" href=\"https:\/\/rtlg.eu\/et\/konsolideeritud-kaupade-vedu\/\">Continue reading <span class=\"screen-reader-text\">Konsolideeritud kaupade vedu<\/span><\/a><\/p>\n","protected":false},"author":2,"featured_media":0,"parent":0,"menu_order":0,"comment_status":"closed","ping_status":"closed","template":"elementor_header_footer","meta":{"inline_featured_image":false,"footnotes":""},"class_list":["post-1164","page","type-page","status-publish","hentry","entry"],"yoast_head":"<!-- This site is optimized with the Yoast SEO plugin v21.3 - https:\/\/yoast.com\/wordpress\/plugins\/seo\/ -->\n<title>Konsolideeritud kaupade vedu - RTLG<\/title>\n<meta name=\"robots\" content=\"index, follow, max-snippet:-1, max-image-preview:large, max-video-preview:-1\" \/>\n<link rel=\"canonical\" href=\"https:\/\/rtlg.eu\/et\/konsolideeritud-kaupade-vedu\/\" \/>\n<meta property=\"og:locale\" content=\"et_EE\" \/>\n<meta property=\"og:type\" content=\"article\" \/>\n<meta property=\"og:title\" content=\"Konsolideeritud kaupade vedu - RTLG\" \/>\n<meta property=\"og:description\" content=\"Konsolideeritud kaupade vedu Konsolideeritud veos (LCL) \u2013 mitmele saajale m\u00f5eldud v\u00e4ikesaadetiste konteinervedu. Selline transport sobib eriti h\u00e4sti n\u00e4iteks ettev\u00f5ttele, kes on otsustanud proovida uut toodet ja soovib seda v\u00e4ikese partiina kohale toimetada. Samuti on see hea valik neile, kes tellivad kaupa mitmelt tarnijalt korraga. M\u00f5lemal juhul on terve konteineri tellimine ebam\u00f5istlik ja kahjumlik ning \u00fchitatud&hellip; Continue reading Konsolideeritud kaupade vedu\" \/>\n<meta property=\"og:url\" content=\"https:\/\/rtlg.eu\/et\/konsolideeritud-kaupade-vedu\/\" \/>\n<meta property=\"og:site_name\" content=\"RTLG\" \/>\n<meta property=\"article:modified_time\" content=\"2024-02-21T22:08:09+00:00\" \/>\n<meta name=\"twitter:card\" content=\"summary_large_image\" \/>\n<meta name=\"twitter:label1\" content=\"Est. reading time\" \/>\n\t<meta name=\"twitter:data1\" content=\"1 minut\" \/>\n<script type=\"application\/ld+json\" class=\"yoast-schema-graph\">{\"@context\":\"https:\/\/schema.org\",\"@graph\":[{\"@type\":\"WebPage\",\"@id\":\"https:\/\/rtlg.eu\/et\/konsolideeritud-kaupade-vedu\/\",\"url\":\"https:\/\/rtlg.eu\/et\/konsolideeritud-kaupade-vedu\/\",\"name\":\"Konsolideeritud kaupade vedu - RTLG\",\"isPartOf\":{\"@id\":\"https:\/\/rtlg.eu\/#website\"},\"datePublished\":\"2022-02-10T16:34:36+00:00\",\"dateModified\":\"2024-02-21T22:08:09+00:00\",\"breadcrumb\":{\"@id\":\"https:\/\/rtlg.eu\/et\/konsolideeritud-kaupade-vedu\/#breadcrumb\"},\"inLanguage\":\"et\",\"potentialAction\":[{\"@type\":\"ReadAction\",\"target\":[\"https:\/\/rtlg.eu\/et\/konsolideeritud-kaupade-vedu\/\"]}]},{\"@type\":\"BreadcrumbList\",\"@id\":\"https:\/\/rtlg.eu\/et\/konsolideeritud-kaupade-vedu\/#breadcrumb\",\"itemListElement\":[{\"@type\":\"ListItem\",\"position\":1,\"name\":\"Avaleht\",\"item\":\"https:\/\/rtlg.eu\/\"},{\"@type\":\"ListItem\",\"position\":2,\"name\":\"Konsolideeritud kaupade vedu\"}]},{\"@type\":\"WebSite\",\"@id\":\"https:\/\/rtlg.eu\/#website\",\"url\":\"https:\/\/rtlg.eu\/\",\"name\":\"RTLG\",\"description\":\"Rhino Transport &amp; Logistics Group\",\"publisher\":{\"@id\":\"https:\/\/rtlg.eu\/#organization\"},\"potentialAction\":[{\"@type\":\"SearchAction\",\"target\":{\"@type\":\"EntryPoint\",\"urlTemplate\":\"https:\/\/rtlg.eu\/?s={search_term_string}\"},\"query-input\":\"required name=search_term_string\"}],\"inLanguage\":\"et\"},{\"@type\":\"Organization\",\"@id\":\"https:\/\/rtlg.eu\/#organization\",\"name\":\"RTLG\",\"url\":\"https:\/\/rtlg.eu\/\",\"logo\":{\"@type\":\"ImageObject\",\"inLanguage\":\"et\",\"@id\":\"https:\/\/rtlg.eu\/#\/schema\/logo\/image\/\",\"url\":\"https:\/\/rtlg.eu\/wp-content\/uploads\/2021\/10\/logo.png\",\"contentUrl\":\"https:\/\/rtlg.eu\/wp-content\/uploads\/2021\/10\/logo.png\",\"width\":376,\"height\":95,\"caption\":\"RTLG\"},\"image\":{\"@id\":\"https:\/\/rtlg.eu\/#\/schema\/logo\/image\/\"}}]}<\/script>\n<!-- \/ Yoast SEO plugin. -->","yoast_head_json":{"title":"Konsolideeritud kaupade vedu - RTLG","robots":{"index":"index","follow":"follow","max-snippet":"max-snippet:-1","max-image-preview":"max-image-preview:large","max-video-preview":"max-video-preview:-1"},"canonical":"https:\/\/rtlg.eu\/et\/konsolideeritud-kaupade-vedu\/","og_locale":"et_EE","og_type":"article","og_title":"Konsolideeritud kaupade vedu - RTLG","og_description":"Konsolideeritud kaupade vedu Konsolideeritud veos (LCL) \u2013 mitmele saajale m\u00f5eldud v\u00e4ikesaadetiste konteinervedu. Selline transport sobib eriti h\u00e4sti n\u00e4iteks ettev\u00f5ttele, kes on otsustanud proovida uut toodet ja soovib seda v\u00e4ikese partiina kohale toimetada. Samuti on see hea valik neile, kes tellivad kaupa mitmelt tarnijalt korraga. M\u00f5lemal juhul on terve konteineri tellimine ebam\u00f5istlik ja kahjumlik ning \u00fchitatud&hellip; Continue reading Konsolideeritud kaupade vedu","og_url":"https:\/\/rtlg.eu\/et\/konsolideeritud-kaupade-vedu\/","og_site_name":"RTLG","article_modified_time":"2024-02-21T22:08:09+00:00","twitter_card":"summary_large_image","twitter_misc":{"Est. reading time":"1 minut"},"schema":{"@context":"https:\/\/schema.org","@graph":[{"@type":"WebPage","@id":"https:\/\/rtlg.eu\/et\/konsolideeritud-kaupade-vedu\/","url":"https:\/\/rtlg.eu\/et\/konsolideeritud-kaupade-vedu\/","name":"Konsolideeritud kaupade vedu - RTLG","isPartOf":{"@id":"https:\/\/rtlg.eu\/#website"},"datePublished":"2022-02-10T16:34:36+00:00","dateModified":"2024-02-21T22:08:09+00:00","breadcrumb":{"@id":"https:\/\/rtlg.eu\/et\/konsolideeritud-kaupade-vedu\/#breadcrumb"},"inLanguage":"et","potentialAction":[{"@type":"ReadAction","target":["https:\/\/rtlg.eu\/et\/konsolideeritud-kaupade-vedu\/"]}]},{"@type":"BreadcrumbList","@id":"https:\/\/rtlg.eu\/et\/konsolideeritud-kaupade-vedu\/#breadcrumb","itemListElement":[{"@type":"ListItem","position":1,"name":"Avaleht","item":"https:\/\/rtlg.eu\/"},{"@type":"ListItem","position":2,"name":"Konsolideeritud kaupade vedu"}]},{"@type":"WebSite","@id":"https:\/\/rtlg.eu\/#website","url":"https:\/\/rtlg.eu\/","name":"RTLG","description":"Rhino Transport &amp; Logistics Group","publisher":{"@id":"https:\/\/rtlg.eu\/#organization"},"potentialAction":[{"@type":"SearchAction","target":{"@type":"EntryPoint","urlTemplate":"https:\/\/rtlg.eu\/?s={search_term_string}"},"query-input":"required name=search_term_string"}],"inLanguage":"et"},{"@type":"Organization","@id":"https:\/\/rtlg.eu\/#organization","name":"RTLG","url":"https:\/\/rtlg.eu\/","logo":{"@type":"ImageObject","inLanguage":"et","@id":"https:\/\/rtlg.eu\/#\/schema\/logo\/image\/","url":"https:\/\/rtlg.eu\/wp-content\/uploads\/2021\/10\/logo.png","contentUrl":"https:\/\/rtlg.eu\/wp-content\/uploads\/2021\/10\/logo.png","width":376,"height":95,"caption":"RTLG"},"image":{"@id":"https:\/\/rtlg.eu\/#\/schema\/logo\/image\/"}}]}},"_links":{"self":[{"href":"https:\/\/rtlg.eu\/et\/wp-json\/wp\/v2\/pages\/1164"}],"collection":[{"href":"https:\/\/rtlg.eu\/et\/wp-json\/wp\/v2\/pages"}],"about":[{"href":"https:\/\/rtlg.eu\/et\/wp-json\/wp\/v2\/types\/page"}],"author":[{"embeddable":true,"href":"https:\/\/rtlg.eu\/et\/wp-json\/wp\/v2\/users\/2"}],"replies":[{"embeddable":true,"href":"https:\/\/rtlg.eu\/et\/wp-json\/wp\/v2\/comments?post=1164"}],"version-history":[{"count":10,"href":"https:\/\/rtlg.eu\/et\/wp-json\/wp\/v2\/pages\/1164\/revisions"}],"predecessor-version":[{"id":1750,"href":"https:\/\/rtlg.eu\/et\/wp-json\/wp\/v2\/pages\/1164\/revisions\/1750"}],"wp:attachment":[{"href":"https:\/\/rtlg.eu\/et\/wp-json\/wp\/v2\/media?parent=1164"}],"curies":[{"name":"wp","href":"https:\/\/api.w.org\/{rel}","templated":true}]}}