{"id":2156,"date":"2024-05-31T11:16:00","date_gmt":"2024-05-31T11:16:00","guid":{"rendered":"https:\/\/rtlg.eu\/abistav-teave\/cmr-convention\/"},"modified":"2024-05-31T11:58:27","modified_gmt":"2024-05-31T11:58:27","slug":"cmr-konventsioon","status":"publish","type":"page","link":"https:\/\/rtlg.eu\/et\/abistav-teave\/cmr-konventsioon\/","title":{"rendered":"CMR konventsioon"},"content":{"rendered":"\t\t<div data-elementor-type=\"wp-page\" data-elementor-id=\"2156\" class=\"elementor elementor-2156 elementor-2147\" data-elementor-post-type=\"page\">\n\t\t\t\t\t\t<section class=\"elementor-section elementor-top-section elementor-element elementor-element-3d9f3e97 elementor-section-boxed elementor-section-height-default elementor-section-height-default exad-glass-effect-no exad-sticky-section-no\" data-id=\"3d9f3e97\" data-element_type=\"section\">\n\t\t\t\t\t\t<div class=\"elementor-container elementor-column-gap-default\">\n\t\t\t\t\t<div class=\"elementor-column elementor-col-100 elementor-top-column elementor-element elementor-element-617f7951 exad-glass-effect-no exad-sticky-section-no\" data-id=\"617f7951\" data-element_type=\"column\">\n\t\t\t<div class=\"elementor-widget-wrap elementor-element-populated\">\n\t\t\t\t\t\t<div class=\"elementor-element elementor-element-2aa959f8 exad-sticky-section-no exad-glass-effect-no elementor-widget elementor-widget-breadcrumbs\" data-id=\"2aa959f8\" data-element_type=\"widget\" data-widget_type=\"breadcrumbs.default\">\n\t\t\t\t<div class=\"elementor-widget-container\">\n\t\t\t<link rel=\"stylesheet\" href=\"https:\/\/rtlg.eu\/wp-content\/plugins\/elementor-pro\/assets\/css\/widget-theme-elements.min.css?ver=1724877559\"><p id=\"breadcrumbs\"><span><span><a href=\"https:\/\/rtlg.eu\/\">Avaleht<\/a><\/span><\/span><\/p>\t\t<\/div>\n\t\t\t\t<\/div>\n\t\t\t\t\t<\/div>\n\t\t<\/div>\n\t\t\t\t\t<\/div>\n\t\t<\/section>\n\t\t\t\t<section class=\"elementor-section elementor-top-section elementor-element elementor-element-7d0acc09 elementor-section-boxed elementor-section-height-default elementor-section-height-default exad-glass-effect-no exad-sticky-section-no\" data-id=\"7d0acc09\" data-element_type=\"section\">\n\t\t\t\t\t\t<div class=\"elementor-container elementor-column-gap-default\">\n\t\t\t\t\t<div class=\"elementor-column elementor-col-100 elementor-top-column elementor-element elementor-element-29a79885 exad-glass-effect-no exad-sticky-section-no\" data-id=\"29a79885\" data-element_type=\"column\">\n\t\t\t<div class=\"elementor-widget-wrap elementor-element-populated\">\n\t\t\t\t\t\t<div class=\"elementor-element elementor-element-171e866 exad-sticky-section-no exad-glass-effect-no elementor-widget elementor-widget-heading\" data-id=\"171e866\" data-element_type=\"widget\" data-widget_type=\"heading.default\">\n\t\t\t\t<div class=\"elementor-widget-container\">\n\t\t\t<style>\/*! elementor - v3.23.0 - 05-08-2024 *\/\n.elementor-heading-title{padding:0;margin:0;line-height:1}.elementor-widget-heading .elementor-heading-title[class*=elementor-size-]>a{color:inherit;font-size:inherit;line-height:inherit}.elementor-widget-heading .elementor-heading-title.elementor-size-small{font-size:15px}.elementor-widget-heading .elementor-heading-title.elementor-size-medium{font-size:19px}.elementor-widget-heading .elementor-heading-title.elementor-size-large{font-size:29px}.elementor-widget-heading .elementor-heading-title.elementor-size-xl{font-size:39px}.elementor-widget-heading .elementor-heading-title.elementor-size-xxl{font-size:59px}<\/style><h1 class=\"elementor-heading-title elementor-size-default\">CMR konventsioon<\/h1>\t\t<\/div>\n\t\t\t\t<\/div>\n\t\t\t\t<div class=\"elementor-element elementor-element-7358eec exad-sticky-section-no exad-glass-effect-no elementor-widget elementor-widget-post-info\" data-id=\"7358eec\" data-element_type=\"widget\" data-widget_type=\"post-info.default\">\n\t\t\t\t<div class=\"elementor-widget-container\">\n\t\t\t<link rel=\"stylesheet\" href=\"https:\/\/rtlg.eu\/wp-content\/plugins\/elementor\/assets\/css\/widget-icon-list.min.css\">\t\t<ul class=\"elementor-inline-items elementor-icon-list-items elementor-post-info\">\n\t\t\t\t\t\t\t\t<li class=\"elementor-icon-list-item elementor-repeater-item-0554e95 elementor-inline-item\" itemprop=\"datePublished\">\n\t\t\t\t\t\t\t\t\t\t\t\t\t<span class=\"elementor-icon-list-text elementor-post-info__item elementor-post-info__item--type-date\">\n\t\t\t\t\t\t\t\t\t\t<time>31\/05\/2024<\/time>\t\t\t\t\t<\/span>\n\t\t\t\t\t\t\t\t<\/li>\n\t\t\t\t<\/ul>\n\t\t\t\t<\/div>\n\t\t\t\t<\/div>\n\t\t\t\t<div class=\"elementor-element elementor-element-4584b6c4 elementor-widget-divider--view-line exad-sticky-section-no exad-glass-effect-no elementor-widget elementor-widget-divider\" data-id=\"4584b6c4\" data-element_type=\"widget\" data-widget_type=\"divider.default\">\n\t\t\t\t<div class=\"elementor-widget-container\">\n\t\t\t<style>\/*! elementor - v3.23.0 - 05-08-2024 *\/\n.elementor-widget-divider{--divider-border-style:none;--divider-border-width:1px;--divider-color:#0c0d0e;--divider-icon-size:20px;--divider-element-spacing:10px;--divider-pattern-height:24px;--divider-pattern-size:20px;--divider-pattern-url:none;--divider-pattern-repeat:repeat-x}.elementor-widget-divider .elementor-divider{display:flex}.elementor-widget-divider .elementor-divider__text{font-size:15px;line-height:1;max-width:95%}.elementor-widget-divider .elementor-divider__element{margin:0 var(--divider-element-spacing);flex-shrink:0}.elementor-widget-divider .elementor-icon{font-size:var(--divider-icon-size)}.elementor-widget-divider .elementor-divider-separator{display:flex;margin:0;direction:ltr}.elementor-widget-divider--view-line_icon .elementor-divider-separator,.elementor-widget-divider--view-line_text .elementor-divider-separator{align-items:center}.elementor-widget-divider--view-line_icon .elementor-divider-separator:after,.elementor-widget-divider--view-line_icon .elementor-divider-separator:before,.elementor-widget-divider--view-line_text .elementor-divider-separator:after,.elementor-widget-divider--view-line_text .elementor-divider-separator:before{display:block;content:\"\";border-block-end:0;flex-grow:1;border-block-start:var(--divider-border-width) var(--divider-border-style) var(--divider-color)}.elementor-widget-divider--element-align-left .elementor-divider .elementor-divider-separator>.elementor-divider__svg:first-of-type{flex-grow:0;flex-shrink:100}.elementor-widget-divider--element-align-left .elementor-divider-separator:before{content:none}.elementor-widget-divider--element-align-left .elementor-divider__element{margin-left:0}.elementor-widget-divider--element-align-right .elementor-divider .elementor-divider-separator>.elementor-divider__svg:last-of-type{flex-grow:0;flex-shrink:100}.elementor-widget-divider--element-align-right .elementor-divider-separator:after{content:none}.elementor-widget-divider--element-align-right .elementor-divider__element{margin-right:0}.elementor-widget-divider--element-align-start .elementor-divider .elementor-divider-separator>.elementor-divider__svg:first-of-type{flex-grow:0;flex-shrink:100}.elementor-widget-divider--element-align-start .elementor-divider-separator:before{content:none}.elementor-widget-divider--element-align-start .elementor-divider__element{margin-inline-start:0}.elementor-widget-divider--element-align-end .elementor-divider .elementor-divider-separator>.elementor-divider__svg:last-of-type{flex-grow:0;flex-shrink:100}.elementor-widget-divider--element-align-end .elementor-divider-separator:after{content:none}.elementor-widget-divider--element-align-end .elementor-divider__element{margin-inline-end:0}.elementor-widget-divider:not(.elementor-widget-divider--view-line_text):not(.elementor-widget-divider--view-line_icon) .elementor-divider-separator{border-block-start:var(--divider-border-width) var(--divider-border-style) var(--divider-color)}.elementor-widget-divider--separator-type-pattern{--divider-border-style:none}.elementor-widget-divider--separator-type-pattern.elementor-widget-divider--view-line .elementor-divider-separator,.elementor-widget-divider--separator-type-pattern:not(.elementor-widget-divider--view-line) .elementor-divider-separator:after,.elementor-widget-divider--separator-type-pattern:not(.elementor-widget-divider--view-line) .elementor-divider-separator:before,.elementor-widget-divider--separator-type-pattern:not([class*=elementor-widget-divider--view]) .elementor-divider-separator{width:100%;min-height:var(--divider-pattern-height);-webkit-mask-size:var(--divider-pattern-size) 100%;mask-size:var(--divider-pattern-size) 100%;-webkit-mask-repeat:var(--divider-pattern-repeat);mask-repeat:var(--divider-pattern-repeat);background-color:var(--divider-color);-webkit-mask-image:var(--divider-pattern-url);mask-image:var(--divider-pattern-url)}.elementor-widget-divider--no-spacing{--divider-pattern-size:auto}.elementor-widget-divider--bg-round{--divider-pattern-repeat:round}.rtl .elementor-widget-divider .elementor-divider__text{direction:rtl}.e-con-inner>.elementor-widget-divider,.e-con>.elementor-widget-divider{width:var(--container-widget-width,100%);--flex-grow:var(--container-widget-flex-grow)}<\/style>\t\t<div class=\"elementor-divider\">\n\t\t\t<span class=\"elementor-divider-separator\">\n\t\t\t\t\t\t<\/span>\n\t\t<\/div>\n\t\t\t\t<\/div>\n\t\t\t\t<\/div>\n\t\t\t\t<div class=\"elementor-element elementor-element-ecc1379 exad-sticky-section-no exad-glass-effect-no elementor-widget elementor-widget-text-editor\" data-id=\"ecc1379\" data-element_type=\"widget\" data-widget_type=\"text-editor.default\">\n\t\t\t\t<div class=\"elementor-widget-container\">\n\t\t\t<style>\/*! elementor - v3.23.0 - 05-08-2024 *\/\n.elementor-widget-text-editor.elementor-drop-cap-view-stacked .elementor-drop-cap{background-color:#69727d;color:#fff}.elementor-widget-text-editor.elementor-drop-cap-view-framed .elementor-drop-cap{color:#69727d;border:3px solid;background-color:transparent}.elementor-widget-text-editor:not(.elementor-drop-cap-view-default) .elementor-drop-cap{margin-top:8px}.elementor-widget-text-editor:not(.elementor-drop-cap-view-default) .elementor-drop-cap-letter{width:1em;height:1em}.elementor-widget-text-editor .elementor-drop-cap{float:left;text-align:center;line-height:1;font-size:50px}.elementor-widget-text-editor .elementor-drop-cap-letter{display:inline-block}<\/style>\t\t\t\t<div class=\"flex flex-grow flex-col max-w-full\"><div class=\"min-h-[20px] text-message flex flex-col items-start whitespace-pre-wrap break-words [.text-message+&amp;]:mt-5 juice:w-full juice:items-end overflow-x-auto gap-2\" dir=\"auto\" data-message-author-role=\"assistant\" data-message-id=\"3e8bb447-3a58-430c-a865-fd8fa4499418\"><div class=\"flex w-full flex-col gap-1 juice:empty:hidden juice:first:pt-[3px]\"><div class=\"markdown prose w-full break-words dark:prose-invert light\"><p>Rahvusvahelise autokaubaveolepingu konventsioon (CMR) reguleerib kaupade vedamist s\u00f5idukitega riikide vahel, millest v\u00e4hemalt \u00fcks on konventsiooniosaline. See dokument \u00fchtlustab rahvusvahelise autoveo lepingu tingimusi, sealhulgas veodokumente ja vedaja vastutust.<\/p><p>\u00a0<\/p><h4>Kohaldamisala<\/h4><p>CMR konventsiooni eesm\u00e4rk on \u00fchtlustada rahvusvahelise autoveo lepingutingimusi ja sellega seotud dokumente, tagades vedaja vastutuse \u00fchtset k\u00e4sitlemist. Konventsiooni kohaldatakse igasuguse kauba autoveo lepingu suhtes, kui kauba vastuv\u00f5tmise ja \u00fcleandmise kohad asuvad eri riikides, millest v\u00e4hemalt \u00fcks on konventsiooniosaline.<\/p><p>\u00a0<\/p><h4>Konventsiooni kohaldamine ja erandid<\/h4><p>CMR kohaldub ka riikide v\u00f5i valitsusasutuste korraldatud vedudele, v\u00e4lja arvatud rahvusvaheliste postikonventsioonide kohased veod, surnute vedu ja korterisisustuse vedu kolimisel. Kui kaubaga s\u00f5idukit veetakse osal teekonnal meritsi, raudteel, siseveeteed m\u00f6\u00f6da v\u00f5i \u00f5hu teel ilma kaupa \u00fcmber laadimata, kohaldatakse konventsiooni kogu veo ulatuses.<\/p><p>\u00a0<\/p><h4>Vedaja vastutus<\/h4><p>Vedaja vastutab oma tegevuse ja hooletuse eest, samuti oma agentide ja teiste isikute tegevuse eest, keda ta teenuste osutamiseks kasutab. Veoleping t\u00f5endatakse saatekirja koostamisega, kuid selle puudumine ei m\u00f5juta veolepingu olemasolu ega kehtivust.<\/p><p>\u00a0<\/p><h4>Saatekirja koostamine ja sisu<\/h4><p>Saatekiri koostatakse kolmes eksemplaris ning sellele kirjutavad alla nii saatja kui ka vedaja. See peab sisaldama j\u00e4rgmisi andmeid: saatja ja vedaja nimed ja aadressid, kauba vastuv\u00f5tmise ja sihtkoha kuup\u00e4evad ja kohad, kauba nimetus ja pakendi liik, kaubakohtade arv ja markeering, kaubamass, veoga seotud maksud ja tollitoimingute juhised. Vajadusel lisatakse ka erilised juhised, nagu \u00fcmberlaadimise keeld, kauba kindlustamine ja kaubav\u00e4\u00e4rtus.<\/p><p>\u00a0<\/p><h4>Saatja ja vedaja vastutus<\/h4><p>Saatja vastutab vedaja ees k\u00f5igi kulude ja kahjude eest, mis tulenevad eba\u00f5igetest v\u00f5i puudulikest andmetest saatekirjas. Vedaja peab kauba vastuv\u00f5tmisel kontrollima saatekirja andmete \u00f5igsust ja kauba ning pakendi v\u00e4list seisundit. Kauba vastuv\u00f5tmisel saatekirja m\u00e4rkusteta eeldatakse, et kaup oli heas seisukorras.<\/p><p>\u00a0<\/p><h4>Kauba k\u00e4sutamise \u00f5igus<\/h4><p>Saatjal on \u00f5igus k\u00e4sutada kaupa kuni saatekirja teise eksemplari \u00fcleandmiseni saajale. Seej\u00e4rel juhindub vedaja saaja juhistest. Saaja v\u00f5ib n\u00f5uda kauba \u00fcleandmist kviitungi vastu ning esitada n\u00f5udeid vedajale kauba kaotsimineku v\u00f5i hilinemise korral.<\/p><p>\u00a0<\/p><h4>Veolepingu t\u00e4itmise v\u00f5imatus ja juhiste k\u00fcsimine<\/h4><p>Kui veolepingut ei ole v\u00f5imalik t\u00e4ita v\u00f5i kauba \u00fcleandmisel ilmneb takistus, peab vedaja k\u00fcsima juhiseid kauba k\u00e4sutamis\u00f5igusega isikult. Vedaja v\u00f5ib kauba maha laadida ja hoiustada, kui juhiste saamine ei ole v\u00f5imalik, ning tal on \u00f5igus kulude h\u00fcvitamisele.<\/p><\/div><\/div><\/div><\/div>\t\t\t\t\t\t<\/div>\n\t\t\t\t<\/div>\n\t\t\t\t<div class=\"elementor-element elementor-element-3a1c92c exad-sticky-section-no exad-glass-effect-no elementor-widget elementor-widget-text-editor\" data-id=\"3a1c92c\" data-element_type=\"widget\" data-widget_type=\"text-editor.default\">\n\t\t\t\t<div class=\"elementor-widget-container\">\n\t\t\t\t\t\t\t<h4>Kauba m\u00fc\u00fcmine ja alalhoidmine<\/h4>\n<p>Kiirestirikneva kauba puhul v\u00f5i kui alalhoiu kulud on ebaproportsionaalsed kauba v\u00e4\u00e4rtusega, v\u00f5ib vedaja kauba m\u00fc\u00fca ilma juhiseid ootamata. Konventsioon s\u00e4testab, et k\u00f5ik vedamisega seotud maksed ja kulud tuleb tasuda v\u00e4ljaantava kauba vastu.<\/p>\n<p>Kokkuv\u00f5ttes tagab CMR konventsioon \u00fchtsed reeglid rahvusvahelise autokaubaveo lepingute s\u00f5lmimiseks, t\u00e4itmiseks ja vastutuse m\u00e4\u00e4ramiseks, h\u00f5lbustades kaubavedu eri riikide vahel.<\/p>\n\t\t\t\t\t\t<\/div>\n\t\t\t\t<\/div>\n\t\t\t\t<div class=\"elementor-element elementor-element-f3f8b0a exad-sticky-section-no exad-glass-effect-no elementor-widget elementor-widget-heading\" data-id=\"f3f8b0a\" data-element_type=\"widget\" data-widget_type=\"heading.default\">\n\t\t\t\t<div class=\"elementor-widget-container\">\n\t\t\t<h2 class=\"elementor-heading-title elementor-size-medium\"><a href=\"https:\/\/www.autosert.ee\/storage\/_core\/cmr-konventsioon.pdf\">Lugege t\u00e4isversioon<\/a><\/h2>\t\t<\/div>\n\t\t\t\t<\/div>\n\t\t\t\t\t<\/div>\n\t\t<\/div>\n\t\t\t\t\t<\/div>\n\t\t<\/section>\n\t\t\t\t<\/div>\n\t\t","protected":false},"excerpt":{"rendered":"<p>CMR konventsioon Rahvusvahelise autokaubaveolepingu konventsioon (CMR) reguleerib kaupade vedamist s\u00f5idukitega riikide vahel, millest v\u00e4hemalt \u00fcks on konventsiooniosaline. See dokument \u00fchtlustab rahvusvahelise autoveo lepingu tingimusi, sealhulgas veodokumente ja vedaja vastutust. Kohaldamisala CMR konventsiooni eesm\u00e4rk on \u00fchtlustada rahvusvahelise autoveo lepingutingimusi ja sellega seotud dokumente, tagades vedaja vastutuse \u00fchtset k\u00e4sitlemist. Konventsiooni kohaldatakse igasuguse kauba autoveo lepingu suhtes, kui&hellip; <a class=\"more-link\" href=\"https:\/\/rtlg.eu\/et\/abistav-teave\/cmr-konventsioon\/\">Continue reading <span class=\"screen-reader-text\">CMR konventsioon<\/span><\/a><\/p>\n","protected":false},"author":4,"featured_media":0,"parent":902,"menu_order":0,"comment_status":"closed","ping_status":"closed","template":"elementor_header_footer","meta":{"inline_featured_image":false,"footnotes":""},"class_list":["post-2156","page","type-page","status-publish","hentry","entry"],"yoast_head":"<!-- This site is optimized with the Yoast SEO plugin v21.3 - https:\/\/yoast.com\/wordpress\/plugins\/seo\/ -->\n<title>CMR konventsioon - RTLG<\/title>\n<meta name=\"robots\" content=\"index, follow, max-snippet:-1, max-image-preview:large, max-video-preview:-1\" \/>\n<link rel=\"canonical\" href=\"https:\/\/rtlg.eu\/et\/abistav-teave\/cmr-konventsioon\/\" \/>\n<meta property=\"og:locale\" content=\"et_EE\" \/>\n<meta property=\"og:type\" content=\"article\" \/>\n<meta property=\"og:title\" content=\"CMR konventsioon - RTLG\" \/>\n<meta property=\"og:description\" content=\"CMR konventsioon Rahvusvahelise autokaubaveolepingu konventsioon (CMR) reguleerib kaupade vedamist s\u00f5idukitega riikide vahel, millest v\u00e4hemalt \u00fcks on konventsiooniosaline. See dokument \u00fchtlustab rahvusvahelise autoveo lepingu tingimusi, sealhulgas veodokumente ja vedaja vastutust. Kohaldamisala CMR konventsiooni eesm\u00e4rk on \u00fchtlustada rahvusvahelise autoveo lepingutingimusi ja sellega seotud dokumente, tagades vedaja vastutuse \u00fchtset k\u00e4sitlemist. Konventsiooni kohaldatakse igasuguse kauba autoveo lepingu suhtes, kui&hellip; Continue reading CMR konventsioon\" \/>\n<meta property=\"og:url\" content=\"https:\/\/rtlg.eu\/et\/abistav-teave\/cmr-konventsioon\/\" \/>\n<meta property=\"og:site_name\" content=\"RTLG\" \/>\n<meta property=\"article:modified_time\" content=\"2024-05-31T11:58:27+00:00\" \/>\n<meta name=\"twitter:card\" content=\"summary_large_image\" \/>\n<meta name=\"twitter:label1\" content=\"Est. reading time\" \/>\n\t<meta name=\"twitter:data1\" content=\"2 minutit\" \/>\n<script type=\"application\/ld+json\" class=\"yoast-schema-graph\">{\"@context\":\"https:\/\/schema.org\",\"@graph\":[{\"@type\":\"WebPage\",\"@id\":\"https:\/\/rtlg.eu\/et\/abistav-teave\/cmr-konventsioon\/\",\"url\":\"https:\/\/rtlg.eu\/et\/abistav-teave\/cmr-konventsioon\/\",\"name\":\"CMR konventsioon - RTLG\",\"isPartOf\":{\"@id\":\"https:\/\/rtlg.eu\/#website\"},\"datePublished\":\"2024-05-31T11:16:00+00:00\",\"dateModified\":\"2024-05-31T11:58:27+00:00\",\"breadcrumb\":{\"@id\":\"https:\/\/rtlg.eu\/et\/abistav-teave\/cmr-konventsioon\/#breadcrumb\"},\"inLanguage\":\"et\",\"potentialAction\":[{\"@type\":\"ReadAction\",\"target\":[\"https:\/\/rtlg.eu\/et\/abistav-teave\/cmr-konventsioon\/\"]}]},{\"@type\":\"BreadcrumbList\",\"@id\":\"https:\/\/rtlg.eu\/et\/abistav-teave\/cmr-konventsioon\/#breadcrumb\",\"itemListElement\":[{\"@type\":\"ListItem\",\"position\":1,\"name\":\"Avaleht\",\"item\":\"https:\/\/rtlg.eu\/\"},{\"@type\":\"ListItem\",\"position\":2,\"name\":\"Abistav teave\",\"item\":\"https:\/\/rtlg.eu\/et\/abistav-teave\/\"},{\"@type\":\"ListItem\",\"position\":3,\"name\":\"CMR konventsioon\"}]},{\"@type\":\"WebSite\",\"@id\":\"https:\/\/rtlg.eu\/#website\",\"url\":\"https:\/\/rtlg.eu\/\",\"name\":\"RTLG\",\"description\":\"Rhino Transport &amp; Logistics Group\",\"publisher\":{\"@id\":\"https:\/\/rtlg.eu\/#organization\"},\"potentialAction\":[{\"@type\":\"SearchAction\",\"target\":{\"@type\":\"EntryPoint\",\"urlTemplate\":\"https:\/\/rtlg.eu\/?s={search_term_string}\"},\"query-input\":\"required name=search_term_string\"}],\"inLanguage\":\"et\"},{\"@type\":\"Organization\",\"@id\":\"https:\/\/rtlg.eu\/#organization\",\"name\":\"RTLG\",\"url\":\"https:\/\/rtlg.eu\/\",\"logo\":{\"@type\":\"ImageObject\",\"inLanguage\":\"et\",\"@id\":\"https:\/\/rtlg.eu\/#\/schema\/logo\/image\/\",\"url\":\"https:\/\/rtlg.eu\/wp-content\/uploads\/2021\/10\/logo.png\",\"contentUrl\":\"https:\/\/rtlg.eu\/wp-content\/uploads\/2021\/10\/logo.png\",\"width\":376,\"height\":95,\"caption\":\"RTLG\"},\"image\":{\"@id\":\"https:\/\/rtlg.eu\/#\/schema\/logo\/image\/\"}}]}<\/script>\n<!-- \/ Yoast SEO plugin. -->","yoast_head_json":{"title":"CMR konventsioon - RTLG","robots":{"index":"index","follow":"follow","max-snippet":"max-snippet:-1","max-image-preview":"max-image-preview:large","max-video-preview":"max-video-preview:-1"},"canonical":"https:\/\/rtlg.eu\/et\/abistav-teave\/cmr-konventsioon\/","og_locale":"et_EE","og_type":"article","og_title":"CMR konventsioon - RTLG","og_description":"CMR konventsioon Rahvusvahelise autokaubaveolepingu konventsioon (CMR) reguleerib kaupade vedamist s\u00f5idukitega riikide vahel, millest v\u00e4hemalt \u00fcks on konventsiooniosaline. See dokument \u00fchtlustab rahvusvahelise autoveo lepingu tingimusi, sealhulgas veodokumente ja vedaja vastutust. Kohaldamisala CMR konventsiooni eesm\u00e4rk on \u00fchtlustada rahvusvahelise autoveo lepingutingimusi ja sellega seotud dokumente, tagades vedaja vastutuse \u00fchtset k\u00e4sitlemist. Konventsiooni kohaldatakse igasuguse kauba autoveo lepingu suhtes, kui&hellip; Continue reading CMR konventsioon","og_url":"https:\/\/rtlg.eu\/et\/abistav-teave\/cmr-konventsioon\/","og_site_name":"RTLG","article_modified_time":"2024-05-31T11:58:27+00:00","twitter_card":"summary_large_image","twitter_misc":{"Est. reading time":"2 minutit"},"schema":{"@context":"https:\/\/schema.org","@graph":[{"@type":"WebPage","@id":"https:\/\/rtlg.eu\/et\/abistav-teave\/cmr-konventsioon\/","url":"https:\/\/rtlg.eu\/et\/abistav-teave\/cmr-konventsioon\/","name":"CMR konventsioon - RTLG","isPartOf":{"@id":"https:\/\/rtlg.eu\/#website"},"datePublished":"2024-05-31T11:16:00+00:00","dateModified":"2024-05-31T11:58:27+00:00","breadcrumb":{"@id":"https:\/\/rtlg.eu\/et\/abistav-teave\/cmr-konventsioon\/#breadcrumb"},"inLanguage":"et","potentialAction":[{"@type":"ReadAction","target":["https:\/\/rtlg.eu\/et\/abistav-teave\/cmr-konventsioon\/"]}]},{"@type":"BreadcrumbList","@id":"https:\/\/rtlg.eu\/et\/abistav-teave\/cmr-konventsioon\/#breadcrumb","itemListElement":[{"@type":"ListItem","position":1,"name":"Avaleht","item":"https:\/\/rtlg.eu\/"},{"@type":"ListItem","position":2,"name":"Abistav teave","item":"https:\/\/rtlg.eu\/et\/abistav-teave\/"},{"@type":"ListItem","position":3,"name":"CMR konventsioon"}]},{"@type":"WebSite","@id":"https:\/\/rtlg.eu\/#website","url":"https:\/\/rtlg.eu\/","name":"RTLG","description":"Rhino Transport &amp; Logistics Group","publisher":{"@id":"https:\/\/rtlg.eu\/#organization"},"potentialAction":[{"@type":"SearchAction","target":{"@type":"EntryPoint","urlTemplate":"https:\/\/rtlg.eu\/?s={search_term_string}"},"query-input":"required name=search_term_string"}],"inLanguage":"et"},{"@type":"Organization","@id":"https:\/\/rtlg.eu\/#organization","name":"RTLG","url":"https:\/\/rtlg.eu\/","logo":{"@type":"ImageObject","inLanguage":"et","@id":"https:\/\/rtlg.eu\/#\/schema\/logo\/image\/","url":"https:\/\/rtlg.eu\/wp-content\/uploads\/2021\/10\/logo.png","contentUrl":"https:\/\/rtlg.eu\/wp-content\/uploads\/2021\/10\/logo.png","width":376,"height":95,"caption":"RTLG"},"image":{"@id":"https:\/\/rtlg.eu\/#\/schema\/logo\/image\/"}}]}},"_links":{"self":[{"href":"https:\/\/rtlg.eu\/et\/wp-json\/wp\/v2\/pages\/2156"}],"collection":[{"href":"https:\/\/rtlg.eu\/et\/wp-json\/wp\/v2\/pages"}],"about":[{"href":"https:\/\/rtlg.eu\/et\/wp-json\/wp\/v2\/types\/page"}],"author":[{"embeddable":true,"href":"https:\/\/rtlg.eu\/et\/wp-json\/wp\/v2\/users\/4"}],"replies":[{"embeddable":true,"href":"https:\/\/rtlg.eu\/et\/wp-json\/wp\/v2\/comments?post=2156"}],"version-history":[{"count":10,"href":"https:\/\/rtlg.eu\/et\/wp-json\/wp\/v2\/pages\/2156\/revisions"}],"predecessor-version":[{"id":2193,"href":"https:\/\/rtlg.eu\/et\/wp-json\/wp\/v2\/pages\/2156\/revisions\/2193"}],"up":[{"embeddable":true,"href":"https:\/\/rtlg.eu\/et\/wp-json\/wp\/v2\/pages\/902"}],"wp:attachment":[{"href":"https:\/\/rtlg.eu\/et\/wp-json\/wp\/v2\/media?parent=2156"}],"curies":[{"name":"wp","href":"https:\/\/api.w.org\/{rel}","templated":true}]}}