{"id":2207,"date":"2024-05-31T12:31:59","date_gmt":"2024-05-31T12:31:59","guid":{"rendered":"https:\/\/rtlg.eu\/abistav-teave\/laadimisuhikud\/"},"modified":"2024-05-31T12:31:59","modified_gmt":"2024-05-31T12:31:59","slug":"laadimisuhikud","status":"publish","type":"page","link":"https:\/\/rtlg.eu\/et\/abistav-teave\/laadimisuhikud\/","title":{"rendered":"Laadimis\u00fchikud"},"content":{"rendered":"\t\t<div data-elementor-type=\"wp-page\" data-elementor-id=\"2207\" class=\"elementor elementor-2207 elementor-2190\" data-elementor-post-type=\"page\">\n\t\t\t\t\t\t<section class=\"elementor-section elementor-top-section elementor-element elementor-element-3d9f3e97 elementor-section-boxed elementor-section-height-default elementor-section-height-default exad-glass-effect-no exad-sticky-section-no\" data-id=\"3d9f3e97\" data-element_type=\"section\">\n\t\t\t\t\t\t<div class=\"elementor-container elementor-column-gap-default\">\n\t\t\t\t\t<div class=\"elementor-column elementor-col-100 elementor-top-column elementor-element elementor-element-617f7951 exad-glass-effect-no exad-sticky-section-no\" data-id=\"617f7951\" data-element_type=\"column\">\n\t\t\t<div class=\"elementor-widget-wrap elementor-element-populated\">\n\t\t\t\t\t\t<div class=\"elementor-element elementor-element-2aa959f8 exad-sticky-section-no exad-glass-effect-no elementor-widget elementor-widget-breadcrumbs\" data-id=\"2aa959f8\" data-element_type=\"widget\" data-widget_type=\"breadcrumbs.default\">\n\t\t\t\t<div class=\"elementor-widget-container\">\n\t\t\t<link rel=\"stylesheet\" href=\"https:\/\/rtlg.eu\/wp-content\/plugins\/elementor-pro\/assets\/css\/widget-theme-elements.min.css?ver=1724877559\"><p id=\"breadcrumbs\"><span><span><a href=\"https:\/\/rtlg.eu\/\">Avaleht<\/a><\/span><\/span><\/p>\t\t<\/div>\n\t\t\t\t<\/div>\n\t\t\t\t\t<\/div>\n\t\t<\/div>\n\t\t\t\t\t<\/div>\n\t\t<\/section>\n\t\t\t\t<section class=\"elementor-section elementor-top-section elementor-element elementor-element-7d0acc09 elementor-section-boxed elementor-section-height-default elementor-section-height-default exad-glass-effect-no exad-sticky-section-no\" data-id=\"7d0acc09\" data-element_type=\"section\">\n\t\t\t\t\t\t<div class=\"elementor-container elementor-column-gap-default\">\n\t\t\t\t\t<div class=\"elementor-column elementor-col-100 elementor-top-column elementor-element elementor-element-29a79885 exad-glass-effect-no exad-sticky-section-no\" data-id=\"29a79885\" data-element_type=\"column\">\n\t\t\t<div class=\"elementor-widget-wrap elementor-element-populated\">\n\t\t\t\t\t\t<div class=\"elementor-element elementor-element-171e866 exad-sticky-section-no exad-glass-effect-no elementor-widget elementor-widget-heading\" data-id=\"171e866\" data-element_type=\"widget\" data-widget_type=\"heading.default\">\n\t\t\t\t<div class=\"elementor-widget-container\">\n\t\t\t<style>\/*! elementor - v3.23.0 - 05-08-2024 *\/\n.elementor-heading-title{padding:0;margin:0;line-height:1}.elementor-widget-heading .elementor-heading-title[class*=elementor-size-]>a{color:inherit;font-size:inherit;line-height:inherit}.elementor-widget-heading .elementor-heading-title.elementor-size-small{font-size:15px}.elementor-widget-heading .elementor-heading-title.elementor-size-medium{font-size:19px}.elementor-widget-heading .elementor-heading-title.elementor-size-large{font-size:29px}.elementor-widget-heading .elementor-heading-title.elementor-size-xl{font-size:39px}.elementor-widget-heading .elementor-heading-title.elementor-size-xxl{font-size:59px}<\/style><h1 class=\"elementor-heading-title elementor-size-default\">Laadimis\u00fchikud<\/h1>\t\t<\/div>\n\t\t\t\t<\/div>\n\t\t\t\t<div class=\"elementor-element elementor-element-7358eec exad-sticky-section-no exad-glass-effect-no elementor-widget elementor-widget-post-info\" data-id=\"7358eec\" data-element_type=\"widget\" data-widget_type=\"post-info.default\">\n\t\t\t\t<div class=\"elementor-widget-container\">\n\t\t\t<link rel=\"stylesheet\" href=\"https:\/\/rtlg.eu\/wp-content\/plugins\/elementor\/assets\/css\/widget-icon-list.min.css\">\t\t<ul class=\"elementor-inline-items elementor-icon-list-items elementor-post-info\">\n\t\t\t\t\t\t\t\t<li class=\"elementor-icon-list-item elementor-repeater-item-0554e95 elementor-inline-item\" itemprop=\"datePublished\">\n\t\t\t\t\t\t\t\t\t\t\t\t\t<span class=\"elementor-icon-list-text elementor-post-info__item elementor-post-info__item--type-date\">\n\t\t\t\t\t\t\t\t\t\t<time>31\/05\/2024<\/time>\t\t\t\t\t<\/span>\n\t\t\t\t\t\t\t\t<\/li>\n\t\t\t\t<\/ul>\n\t\t\t\t<\/div>\n\t\t\t\t<\/div>\n\t\t\t\t<div class=\"elementor-element elementor-element-4584b6c4 elementor-widget-divider--view-line exad-sticky-section-no exad-glass-effect-no elementor-widget elementor-widget-divider\" data-id=\"4584b6c4\" data-element_type=\"widget\" data-widget_type=\"divider.default\">\n\t\t\t\t<div class=\"elementor-widget-container\">\n\t\t\t<style>\/*! elementor - v3.23.0 - 05-08-2024 *\/\n.elementor-widget-divider{--divider-border-style:none;--divider-border-width:1px;--divider-color:#0c0d0e;--divider-icon-size:20px;--divider-element-spacing:10px;--divider-pattern-height:24px;--divider-pattern-size:20px;--divider-pattern-url:none;--divider-pattern-repeat:repeat-x}.elementor-widget-divider .elementor-divider{display:flex}.elementor-widget-divider .elementor-divider__text{font-size:15px;line-height:1;max-width:95%}.elementor-widget-divider .elementor-divider__element{margin:0 var(--divider-element-spacing);flex-shrink:0}.elementor-widget-divider .elementor-icon{font-size:var(--divider-icon-size)}.elementor-widget-divider .elementor-divider-separator{display:flex;margin:0;direction:ltr}.elementor-widget-divider--view-line_icon .elementor-divider-separator,.elementor-widget-divider--view-line_text .elementor-divider-separator{align-items:center}.elementor-widget-divider--view-line_icon .elementor-divider-separator:after,.elementor-widget-divider--view-line_icon .elementor-divider-separator:before,.elementor-widget-divider--view-line_text .elementor-divider-separator:after,.elementor-widget-divider--view-line_text .elementor-divider-separator:before{display:block;content:\"\";border-block-end:0;flex-grow:1;border-block-start:var(--divider-border-width) var(--divider-border-style) var(--divider-color)}.elementor-widget-divider--element-align-left .elementor-divider .elementor-divider-separator>.elementor-divider__svg:first-of-type{flex-grow:0;flex-shrink:100}.elementor-widget-divider--element-align-left .elementor-divider-separator:before{content:none}.elementor-widget-divider--element-align-left .elementor-divider__element{margin-left:0}.elementor-widget-divider--element-align-right .elementor-divider .elementor-divider-separator>.elementor-divider__svg:last-of-type{flex-grow:0;flex-shrink:100}.elementor-widget-divider--element-align-right .elementor-divider-separator:after{content:none}.elementor-widget-divider--element-align-right .elementor-divider__element{margin-right:0}.elementor-widget-divider--element-align-start .elementor-divider .elementor-divider-separator>.elementor-divider__svg:first-of-type{flex-grow:0;flex-shrink:100}.elementor-widget-divider--element-align-start .elementor-divider-separator:before{content:none}.elementor-widget-divider--element-align-start .elementor-divider__element{margin-inline-start:0}.elementor-widget-divider--element-align-end .elementor-divider .elementor-divider-separator>.elementor-divider__svg:last-of-type{flex-grow:0;flex-shrink:100}.elementor-widget-divider--element-align-end .elementor-divider-separator:after{content:none}.elementor-widget-divider--element-align-end .elementor-divider__element{margin-inline-end:0}.elementor-widget-divider:not(.elementor-widget-divider--view-line_text):not(.elementor-widget-divider--view-line_icon) .elementor-divider-separator{border-block-start:var(--divider-border-width) var(--divider-border-style) var(--divider-color)}.elementor-widget-divider--separator-type-pattern{--divider-border-style:none}.elementor-widget-divider--separator-type-pattern.elementor-widget-divider--view-line .elementor-divider-separator,.elementor-widget-divider--separator-type-pattern:not(.elementor-widget-divider--view-line) .elementor-divider-separator:after,.elementor-widget-divider--separator-type-pattern:not(.elementor-widget-divider--view-line) .elementor-divider-separator:before,.elementor-widget-divider--separator-type-pattern:not([class*=elementor-widget-divider--view]) .elementor-divider-separator{width:100%;min-height:var(--divider-pattern-height);-webkit-mask-size:var(--divider-pattern-size) 100%;mask-size:var(--divider-pattern-size) 100%;-webkit-mask-repeat:var(--divider-pattern-repeat);mask-repeat:var(--divider-pattern-repeat);background-color:var(--divider-color);-webkit-mask-image:var(--divider-pattern-url);mask-image:var(--divider-pattern-url)}.elementor-widget-divider--no-spacing{--divider-pattern-size:auto}.elementor-widget-divider--bg-round{--divider-pattern-repeat:round}.rtl .elementor-widget-divider .elementor-divider__text{direction:rtl}.e-con-inner>.elementor-widget-divider,.e-con>.elementor-widget-divider{width:var(--container-widget-width,100%);--flex-grow:var(--container-widget-flex-grow)}<\/style>\t\t<div class=\"elementor-divider\">\n\t\t\t<span class=\"elementor-divider-separator\">\n\t\t\t\t\t\t<\/span>\n\t\t<\/div>\n\t\t\t\t<\/div>\n\t\t\t\t<\/div>\n\t\t\t\t<div class=\"elementor-element elementor-element-e0feb71 exad-sticky-section-no exad-glass-effect-no elementor-widget elementor-widget-text-editor\" data-id=\"e0feb71\" data-element_type=\"widget\" data-widget_type=\"text-editor.default\">\n\t\t\t\t<div class=\"elementor-widget-container\">\n\t\t\t<style>\/*! elementor - v3.23.0 - 05-08-2024 *\/\n.elementor-widget-text-editor.elementor-drop-cap-view-stacked .elementor-drop-cap{background-color:#69727d;color:#fff}.elementor-widget-text-editor.elementor-drop-cap-view-framed .elementor-drop-cap{color:#69727d;border:3px solid;background-color:transparent}.elementor-widget-text-editor:not(.elementor-drop-cap-view-default) .elementor-drop-cap{margin-top:8px}.elementor-widget-text-editor:not(.elementor-drop-cap-view-default) .elementor-drop-cap-letter{width:1em;height:1em}.elementor-widget-text-editor .elementor-drop-cap{float:left;text-align:center;line-height:1;font-size:50px}.elementor-widget-text-editor .elementor-drop-cap-letter{display:inline-block}<\/style>\t\t\t\t<p>Maanteetranspordis kasutatakse erinevaid m\u00f5\u00f5t\u00fchikuid. Rahvusvahelised standardid reguleerivad veokite n\u00f5udeid, m\u00e4\u00e4rates kindlaks nende maksimaalse massi ja m\u00f5\u00f5tmed, mida kasutatakse kaupade vedamiseks.<\/p>\n<p>\nVeoki m\u00f5\u00f5t\u00fchikud h\u00f5lmavad:<\/p>\n<ul>\n<li>\n<p>Maksimaalne kaalu piirang: kuni 24 tonni<\/p>\n<\/li>\n<li>\n<p>Kauba maht: 85\u2013112 m\u00b3<\/p>\n<\/li>\n<li>\n<p>Laadimispindala: kuni 13,6 ldm (laadimismeetrit)<\/p>\n<li>\n<li>\n<p>Mahutavus: kuni 33 euroalust<\/p>\n<\/li>\n<\/ul>\n<p>\u00a0<\/p>\n<p>T\u00fc\u00fcpilised poolhaagise sisem\u00f5\u00f5tmed on: 13,6 m pikk, 2,40 m lai ja 2,65 m k\u00f5rge.<\/p>\n<p>Osalise koormaga transpordi puhul arvutatakse transpordihind suurima eseme kaalu v\u00f5i mahu j\u00e4rgi. N\u00e4iteks 1 m\u00b3 (kuupmeeter) v\u00f5rdub 333 kg,<\/p>\n<p>1 ldm (laadimismeeter) v\u00f5rdub 1850 kg, 1 euroalus on 0,4 ldm ja v\u00f5rdub 740 kg, samas kui 1 Soome alus on 0,5 ldm v\u00f5i 925 kg.<\/p>\n<p>\nAluste m\u00f5\u00f5tmed:<\/p>\n<ul>\n<li>\n<p>1 euroalus: 1200 x 800 mm<\/p>\n<\/li>\n<li>\n<p>1 Soome alus: 1200 x 1000 mm<\/p>\n<\/li>\n<\/ul>\n\t\t\t\t\t\t<\/div>\n\t\t\t\t<\/div>\n\t\t\t\t<div class=\"elementor-element elementor-element-1e7cca4 exad-sticky-section-no exad-glass-effect-no elementor-widget elementor-widget-text-editor\" data-id=\"1e7cca4\" data-element_type=\"widget\" data-widget_type=\"text-editor.default\">\n\t\t\t\t<div class=\"elementor-widget-container\">\n\t\t\t\t\t\t\t<div>\n<table>\n<tbody>\n<tr>\n<td>\n<p>EUR<\/p>\n<\/td>\n<td>\n<p>FIN<\/p>\n<\/td>\n<td>\n<p>LDM<\/p>\n<\/td>\n<td>\n<p>m<sup>3<\/sup><\/p>\n<\/td>\n<td>\n<p>kg<\/p>\n<\/td>\n<\/tr>\n<tr>\n<td>\n<p>1<\/p>\n<\/td>\n<td>\n<p>0,8<\/p>\n<\/td>\n<td>\n<p>0,4<\/p>\n<\/td>\n<td>\n<p>2,5<\/p>\n<\/td>\n<td>\n<p>730<\/p>\n<\/td>\n<\/tr>\n<tr>\n<td>\n<p>2<\/p>\n<\/td>\n<td>\n<p>1,6<\/p>\n<\/td>\n<td>\n<p>0,8<\/p>\n<\/td>\n<td>\n<p>5,0<\/p>\n<\/td>\n<td>\n<p>1460<\/p>\n<\/td>\n<\/tr>\n<tr>\n<td>\n<p>3<\/p>\n<\/td>\n<td>\n<p>2,4<\/p>\n<\/td>\n<td>\n<p>1,2<\/p>\n<\/td>\n<td>\n<p>7,5<\/p>\n<\/td>\n<td>\n<p>2190<\/p>\n<\/td>\n<\/tr>\n<tr>\n<td>\n<p>4<\/p>\n<\/td>\n<td>\n<p>3,2<\/p>\n<\/td>\n<td>\n<p>1,6<\/p>\n<\/td>\n<td>\n<p>10,0<\/p>\n<\/td>\n<td>\n<p>2920<\/p>\n<\/td>\n<\/tr>\n<tr>\n<td>\n<p>5<\/p>\n<\/td>\n<td>\n<p>4,0<\/p>\n<\/td>\n<td>\n<p>2,0<\/p>\n<\/td>\n<td>\n<p>12,5<\/p>\n<\/td>\n<td>\n<p>3650<\/p>\n<\/td>\n<\/tr>\n<tr>\n<td>\n<p>6<\/p>\n<\/td>\n<td>\n<p>4,8<\/p>\n<\/td>\n<td>\n<p>2,4<\/p>\n<\/td>\n<td>\n<p>15,0<\/p>\n<\/td>\n<td>\n<p>4380<\/p>\n<\/td>\n<\/tr>\n<tr>\n<td>\n<p>7<\/p>\n<\/td>\n<td>\n<p>5,6<\/p>\n<\/td>\n<td>\n<p>2,8<\/p>\n<\/td>\n<td>\n<p>17,5<\/p>\n<\/td>\n<td>\n<p>5110<\/p>\n<\/td>\n<\/tr>\n<tr>\n<td>\n<p>8<\/p>\n<\/td>\n<td>\n<p>6,4<\/p>\n<\/td>\n<td>\n<p>3,2<\/p>\n<\/td>\n<td>\n<p>20,0<\/p>\n<\/td>\n<td>\n<p>5840<\/p>\n<\/td>\n<\/tr>\n<tr>\n<td>\n<p>9<\/p>\n<\/td>\n<td>\n<p>7,2<\/p>\n<\/td>\n<td>\n<p>3,6<\/p>\n<\/td>\n<td>\n<p>22,5<\/p>\n<\/td>\n<td>\n<p>6570<\/p>\n<\/td>\n<\/tr>\n<tr>\n<td>\n<p>10<\/p>\n<\/td>\n<td>\n<p>8,0<\/p>\n<\/td>\n<td>\n<p>4,0<\/p>\n<\/td>\n<td>\n<p>25,0<\/p>\n<\/td>\n<td>\n<p>7300<\/p>\n<\/td>\n<\/tr>\n<tr>\n<td>\n<p>11<\/p>\n<\/td>\n<td>\n<p>8,8<\/p>\n<\/td>\n<td>\n<p>4,4<\/p>\n<\/td>\n<td>\n<p>27,5<\/p>\n<\/td>\n<td>\n<p>8030<\/p>\n<\/td>\n<\/tr>\n<tr>\n<td>\n<p>12<\/p>\n<\/td>\n<td>\n<p>9,6<\/p>\n<\/td>\n<td>\n<p>4,8<\/p>\n<\/td>\n<td>\n<p>30,0<\/p>\n<\/td>\n<td>\n<p>8760<\/p>\n<\/td>\n<\/tr>\n<tr>\n<td>\n<p>13<\/p>\n<\/td>\n<td>\n<p>10,4<\/p>\n<\/td>\n<td>\n<p>5,2<\/p>\n<\/td>\n<td>\n<p>32,5<\/p>\n<\/td>\n<td>\n<p>9490<\/p>\n<\/td>\n<\/tr>\n<tr>\n<td>\n<p>14<\/p>\n<\/td>\n<td>\n<p>11,2<\/p>\n<\/td>\n<td>\n<p>5,6<\/p>\n<\/td>\n<td>\n<p>35,0<\/p>\n<\/td>\n<td>\n<p>10220<\/p>\n<\/td>\n<\/tr>\n<tr>\n<td>\n<p>15<\/p>\n<\/td>\n<td>\n<p>12,0<\/p>\n<\/td>\n<td>\n<p>6,0<\/p>\n<\/td>\n<td>\n<p>37,5<\/p>\n<\/td>\n<td>\n<p>10950<\/p>\n<\/td>\n<\/tr>\n<tr>\n<td>\n<p>16<\/p>\n<\/td>\n<td>\n<p>12,8<\/p>\n<\/td>\n<td>\n<p>6,4<\/p>\n<\/td>\n<td>\n<p>40,0<\/p>\n<\/td>\n<td>\n<p>11680<\/p>\n<\/td>\n<\/tr>\n<tr>\n<td>\n<p>17<\/p>\n<\/td>\n<td>\n<p>13,6<\/p>\n<\/td>\n<td>\n<p>6,8<\/p>\n<\/td>\n<td>\n<p>42,5<\/p>\n<\/td>\n<td>\n<p>12410<\/p>\n<\/td>\n<\/tr>\n<tr>\n<td>\n<p>18<\/p>\n<\/td>\n<td>\n<p>14,4<\/p>\n<\/td>\n<td>\n<p>7,2<\/p>\n<\/td>\n<td>\n<p>45,0<\/p>\n<\/td>\n<td>\n<p>13140<\/p>\n<\/td>\n<\/tr>\n<tr>\n<td>\n<p>19<\/p>\n<\/td>\n<td>\n<p>15,2<\/p>\n<\/td>\n<td>\n<p>7,6<\/p>\n<\/td>\n<td>\n<p>47,5<\/p>\n<\/td>\n<td>\n<p>13870<\/p>\n<\/td>\n<\/tr>\n<tr>\n<td>\n<p>20<\/p>\n<\/td>\n<td>\n<p>16,0<\/p>\n<\/td>\n<td>\n<p>8,0<\/p>\n<\/td>\n<td>\n<p>50,0<\/p>\n<\/td>\n<td>\n<p>14600<\/p>\n<\/td>\n<\/tr>\n<tr>\n<td>\n<p>21<\/p>\n<\/td>\n<td>\n<p>16,8<\/p>\n<\/td>\n<td>\n<p>8,4<\/p>\n<\/td>\n<td>\n<p>52,5<\/p>\n<\/td>\n<td>\n<p>15330<\/p>\n<\/td>\n<\/tr>\n<tr>\n<td>\n<p>22<\/p>\n<\/td>\n<td>\n<p>17,6<\/p>\n<\/td>\n<td>\n<p>8,8<\/p>\n<\/td>\n<td>\n<p>55,0<\/p>\n<\/td>\n<td>\n<p>16060<\/p>\n<\/td>\n<\/tr>\n<tr>\n<td>\n<p>23<\/p>\n<\/td>\n<td>\n<p>18,4<\/p>\n<\/td>\n<td>\n<p>9,2<\/p>\n<\/td>\n<td>\n<p>57,5<\/p>\n<\/td>\n<td>\n<p>16790<\/p>\n<\/td>\n<\/tr>\n<tr>\n<td>\n<p>24<\/p>\n<\/td>\n<td>\n<p>19,2<\/p>\n<\/td>\n<td>\n<p>9,6<\/p>\n<\/td>\n<td>\n<p>60,0<\/p>\n<\/td>\n<td>\n<p>17520<\/p>\n<\/td>\n<\/tr>\n<tr>\n<td>\n<p>25<\/p>\n<\/td>\n<td>\n<p>20,0<\/p>\n<\/td>\n<td>\n<p>10,0<\/p>\n<\/td>\n<td>\n<p>62,5<\/p>\n<\/td>\n<td>\n<p>18250<\/p>\n<\/td>\n<\/tr>\n<tr>\n<td>\n<p>26<\/p>\n<\/td>\n<td>\n<p>20,8<\/p>\n<\/td>\n<td>\n<p>10,4<\/p>\n<\/td>\n<td>\n<p>65,0<\/p>\n<\/td>\n<td>\n<p>18980<\/p>\n<\/td>\n<\/tr>\n<tr>\n<td>\n<p>27<\/p>\n<\/td>\n<td>\n<p>21,6<\/p>\n<\/td>\n<td>\n<p>10,8<\/p>\n<\/td>\n<td>\n<p>67,5<\/p>\n<\/td>\n<td>\n<p>19710<\/p>\n<\/td>\n<\/tr>\n<tr>\n<td>\n<p>28<\/p>\n<\/td>\n<td>\n<p>22,4<\/p>\n<\/td>\n<td>\n<p>11,2<\/p>\n<\/td>\n<td>\n<p>70,0<\/p>\n<\/td>\n<td>\n<p>20440<\/p>\n<\/td>\n<\/tr>\n<tr>\n<td>\n<p>29<\/p>\n<\/td>\n<td>\n<p>23,2<\/p>\n<\/td>\n<td>\n<p>11,6<\/p>\n<\/td>\n<td>\n<p>72,5<\/p>\n<\/td>\n<td>\n<p>21170<\/p>\n<\/td>\n<\/tr>\n<tr>\n<td>\n<p>30<\/p>\n<\/td>\n<td>\n<p>24,0<\/p>\n<\/td>\n<td>\n<p>12,0<\/p>\n<\/td>\n<td>\n<p>75,0<\/p>\n<\/td>\n<td>\n<p>21900<\/p>\n<\/td>\n<\/tr>\n<tr>\n<td>\n<p>31<\/p>\n<\/td>\n<td>\n<p>24,8<\/p>\n<\/td>\n<td>\n<p>12,4<\/p>\n<\/td>\n<td>\n<p>77,5<\/p>\n<\/td>\n<td>\n<p>22630<\/p>\n<\/td>\n<\/tr>\n<tr>\n<td>\n<p>32<\/p>\n<\/td>\n<td>\n<p>25,6<\/p>\n<\/td>\n<td>\n<p>12,8<\/p>\n<\/td>\n<td>\n<p>80,0<\/p>\n<\/td>\n<td>\n<p>23630<\/p>\n<\/td>\n<\/tr>\n<tr>\n<td>\n<p>33<\/p>\n<\/td>\n<td>\n<p>26,4<\/p>\n<\/td>\n<td>\n<p>13,2<\/p>\n<\/td>\n<td>\n<p>82,5<\/p>\n<\/td>\n<td>\n<p>23700<\/p>\n<\/td>\n<\/tr>\n<tr>\n<td>\n<p>34<\/p>\n<\/td>\n<td>\n<p>27,0<\/p>\n<\/td>\n<td>\n<p>13,6<\/p>\n<\/td>\n<td>\n<p>85,0<\/p>\n<\/td>\n<td>\n<p>24000<\/p>\n<\/td>\n<\/tr>\n<\/tbody>\n<\/table>\n<\/div>\n\t\t\t\t\t\t<\/div>\n\t\t\t\t<\/div>\n\t\t\t\t\t<\/div>\n\t\t<\/div>\n\t\t\t\t\t<\/div>\n\t\t<\/section>\n\t\t\t\t<\/div>\n\t\t","protected":false},"excerpt":{"rendered":"<p>Laadimis\u00fchikud Maanteetranspordis kasutatakse erinevaid m\u00f5\u00f5t\u00fchikuid. Rahvusvahelised standardid reguleerivad veokite n\u00f5udeid, m\u00e4\u00e4rates kindlaks nende maksimaalse massi ja m\u00f5\u00f5tmed, mida kasutatakse kaupade vedamiseks. Veoki m\u00f5\u00f5t\u00fchikud h\u00f5lmavad: Maksimaalne kaalu piirang: kuni 24 tonni Kauba maht: 85\u2013112 m\u00b3 Laadimispindala: kuni 13,6 ldm (laadimismeetrit) Mahutavus: kuni 33 euroalust \u00a0 T\u00fc\u00fcpilised poolhaagise sisem\u00f5\u00f5tmed on: 13,6 m pikk, 2,40 m lai ja&hellip; <a class=\"more-link\" href=\"https:\/\/rtlg.eu\/et\/abistav-teave\/laadimisuhikud\/\">Continue reading <span class=\"screen-reader-text\">Laadimis\u00fchikud<\/span><\/a><\/p>\n","protected":false},"author":4,"featured_media":0,"parent":902,"menu_order":0,"comment_status":"closed","ping_status":"closed","template":"elementor_header_footer","meta":{"inline_featured_image":false,"footnotes":""},"class_list":["post-2207","page","type-page","status-publish","hentry","entry"],"yoast_head":"<!-- This site is optimized with the Yoast SEO plugin v21.3 - https:\/\/yoast.com\/wordpress\/plugins\/seo\/ -->\n<title>Laadimis\u00fchikud - RTLG<\/title>\n<meta name=\"robots\" content=\"index, follow, max-snippet:-1, max-image-preview:large, max-video-preview:-1\" \/>\n<link rel=\"canonical\" href=\"https:\/\/rtlg.eu\/helpful-information\/loading-units\/\" \/>\n<meta property=\"og:locale\" content=\"et_EE\" \/>\n<meta property=\"og:type\" content=\"article\" \/>\n<meta property=\"og:title\" content=\"Laadimis\u00fchikud - RTLG\" \/>\n<meta property=\"og:description\" content=\"Laadimis\u00fchikud Maanteetranspordis kasutatakse erinevaid m\u00f5\u00f5t\u00fchikuid. Rahvusvahelised standardid reguleerivad veokite n\u00f5udeid, m\u00e4\u00e4rates kindlaks nende maksimaalse massi ja m\u00f5\u00f5tmed, mida kasutatakse kaupade vedamiseks. Veoki m\u00f5\u00f5t\u00fchikud h\u00f5lmavad: Maksimaalne kaalu piirang: kuni 24 tonni Kauba maht: 85\u2013112 m\u00b3 Laadimispindala: kuni 13,6 ldm (laadimismeetrit) Mahutavus: kuni 33 euroalust \u00a0 T\u00fc\u00fcpilised poolhaagise sisem\u00f5\u00f5tmed on: 13,6 m pikk, 2,40 m lai ja&hellip; Continue reading Laadimis\u00fchikud\" \/>\n<meta property=\"og:url\" content=\"https:\/\/rtlg.eu\/helpful-information\/loading-units\/\" \/>\n<meta property=\"og:site_name\" content=\"RTLG\" \/>\n<meta name=\"twitter:card\" content=\"summary_large_image\" \/>\n<meta name=\"twitter:label1\" content=\"Est. reading time\" \/>\n\t<meta name=\"twitter:data1\" content=\"1 minut\" \/>\n<script type=\"application\/ld+json\" class=\"yoast-schema-graph\">{\"@context\":\"https:\/\/schema.org\",\"@graph\":[{\"@type\":\"WebPage\",\"@id\":\"https:\/\/rtlg.eu\/helpful-information\/loading-units\/\",\"url\":\"https:\/\/rtlg.eu\/helpful-information\/loading-units\/\",\"name\":\"Laadimis\u00fchikud - RTLG\",\"isPartOf\":{\"@id\":\"https:\/\/rtlg.eu\/#website\"},\"datePublished\":\"2024-05-31T12:31:59+00:00\",\"dateModified\":\"2024-05-31T12:31:59+00:00\",\"breadcrumb\":{\"@id\":\"https:\/\/rtlg.eu\/helpful-information\/loading-units\/#breadcrumb\"},\"inLanguage\":\"et\",\"potentialAction\":[{\"@type\":\"ReadAction\",\"target\":[\"https:\/\/rtlg.eu\/helpful-information\/loading-units\/\"]}]},{\"@type\":\"BreadcrumbList\",\"@id\":\"https:\/\/rtlg.eu\/helpful-information\/loading-units\/#breadcrumb\",\"itemListElement\":[{\"@type\":\"ListItem\",\"position\":1,\"name\":\"Avaleht\",\"item\":\"https:\/\/rtlg.eu\/\"},{\"@type\":\"ListItem\",\"position\":2,\"name\":\"Abistav teave\",\"item\":\"https:\/\/rtlg.eu\/et\/abistav-teave\/\"},{\"@type\":\"ListItem\",\"position\":3,\"name\":\"Laadimis\u00fchikud\"}]},{\"@type\":\"WebSite\",\"@id\":\"https:\/\/rtlg.eu\/#website\",\"url\":\"https:\/\/rtlg.eu\/\",\"name\":\"RTLG\",\"description\":\"Rhino Transport &amp; Logistics Group\",\"publisher\":{\"@id\":\"https:\/\/rtlg.eu\/#organization\"},\"potentialAction\":[{\"@type\":\"SearchAction\",\"target\":{\"@type\":\"EntryPoint\",\"urlTemplate\":\"https:\/\/rtlg.eu\/?s={search_term_string}\"},\"query-input\":\"required name=search_term_string\"}],\"inLanguage\":\"et\"},{\"@type\":\"Organization\",\"@id\":\"https:\/\/rtlg.eu\/#organization\",\"name\":\"RTLG\",\"url\":\"https:\/\/rtlg.eu\/\",\"logo\":{\"@type\":\"ImageObject\",\"inLanguage\":\"et\",\"@id\":\"https:\/\/rtlg.eu\/#\/schema\/logo\/image\/\",\"url\":\"https:\/\/rtlg.eu\/wp-content\/uploads\/2021\/10\/logo.png\",\"contentUrl\":\"https:\/\/rtlg.eu\/wp-content\/uploads\/2021\/10\/logo.png\",\"width\":376,\"height\":95,\"caption\":\"RTLG\"},\"image\":{\"@id\":\"https:\/\/rtlg.eu\/#\/schema\/logo\/image\/\"}}]}<\/script>\n<!-- \/ Yoast SEO plugin. -->","yoast_head_json":{"title":"Laadimis\u00fchikud - RTLG","robots":{"index":"index","follow":"follow","max-snippet":"max-snippet:-1","max-image-preview":"max-image-preview:large","max-video-preview":"max-video-preview:-1"},"canonical":"https:\/\/rtlg.eu\/helpful-information\/loading-units\/","og_locale":"et_EE","og_type":"article","og_title":"Laadimis\u00fchikud - RTLG","og_description":"Laadimis\u00fchikud Maanteetranspordis kasutatakse erinevaid m\u00f5\u00f5t\u00fchikuid. Rahvusvahelised standardid reguleerivad veokite n\u00f5udeid, m\u00e4\u00e4rates kindlaks nende maksimaalse massi ja m\u00f5\u00f5tmed, mida kasutatakse kaupade vedamiseks. Veoki m\u00f5\u00f5t\u00fchikud h\u00f5lmavad: Maksimaalne kaalu piirang: kuni 24 tonni Kauba maht: 85\u2013112 m\u00b3 Laadimispindala: kuni 13,6 ldm (laadimismeetrit) Mahutavus: kuni 33 euroalust \u00a0 T\u00fc\u00fcpilised poolhaagise sisem\u00f5\u00f5tmed on: 13,6 m pikk, 2,40 m lai ja&hellip; Continue reading Laadimis\u00fchikud","og_url":"https:\/\/rtlg.eu\/helpful-information\/loading-units\/","og_site_name":"RTLG","twitter_card":"summary_large_image","twitter_misc":{"Est. reading time":"1 minut"},"schema":{"@context":"https:\/\/schema.org","@graph":[{"@type":"WebPage","@id":"https:\/\/rtlg.eu\/helpful-information\/loading-units\/","url":"https:\/\/rtlg.eu\/helpful-information\/loading-units\/","name":"Laadimis\u00fchikud - RTLG","isPartOf":{"@id":"https:\/\/rtlg.eu\/#website"},"datePublished":"2024-05-31T12:31:59+00:00","dateModified":"2024-05-31T12:31:59+00:00","breadcrumb":{"@id":"https:\/\/rtlg.eu\/helpful-information\/loading-units\/#breadcrumb"},"inLanguage":"et","potentialAction":[{"@type":"ReadAction","target":["https:\/\/rtlg.eu\/helpful-information\/loading-units\/"]}]},{"@type":"BreadcrumbList","@id":"https:\/\/rtlg.eu\/helpful-information\/loading-units\/#breadcrumb","itemListElement":[{"@type":"ListItem","position":1,"name":"Avaleht","item":"https:\/\/rtlg.eu\/"},{"@type":"ListItem","position":2,"name":"Abistav teave","item":"https:\/\/rtlg.eu\/et\/abistav-teave\/"},{"@type":"ListItem","position":3,"name":"Laadimis\u00fchikud"}]},{"@type":"WebSite","@id":"https:\/\/rtlg.eu\/#website","url":"https:\/\/rtlg.eu\/","name":"RTLG","description":"Rhino Transport &amp; Logistics Group","publisher":{"@id":"https:\/\/rtlg.eu\/#organization"},"potentialAction":[{"@type":"SearchAction","target":{"@type":"EntryPoint","urlTemplate":"https:\/\/rtlg.eu\/?s={search_term_string}"},"query-input":"required name=search_term_string"}],"inLanguage":"et"},{"@type":"Organization","@id":"https:\/\/rtlg.eu\/#organization","name":"RTLG","url":"https:\/\/rtlg.eu\/","logo":{"@type":"ImageObject","inLanguage":"et","@id":"https:\/\/rtlg.eu\/#\/schema\/logo\/image\/","url":"https:\/\/rtlg.eu\/wp-content\/uploads\/2021\/10\/logo.png","contentUrl":"https:\/\/rtlg.eu\/wp-content\/uploads\/2021\/10\/logo.png","width":376,"height":95,"caption":"RTLG"},"image":{"@id":"https:\/\/rtlg.eu\/#\/schema\/logo\/image\/"}}]}},"_links":{"self":[{"href":"https:\/\/rtlg.eu\/et\/wp-json\/wp\/v2\/pages\/2207"}],"collection":[{"href":"https:\/\/rtlg.eu\/et\/wp-json\/wp\/v2\/pages"}],"about":[{"href":"https:\/\/rtlg.eu\/et\/wp-json\/wp\/v2\/types\/page"}],"author":[{"embeddable":true,"href":"https:\/\/rtlg.eu\/et\/wp-json\/wp\/v2\/users\/4"}],"replies":[{"embeddable":true,"href":"https:\/\/rtlg.eu\/et\/wp-json\/wp\/v2\/comments?post=2207"}],"version-history":[{"count":1,"href":"https:\/\/rtlg.eu\/et\/wp-json\/wp\/v2\/pages\/2207\/revisions"}],"predecessor-version":[{"id":2208,"href":"https:\/\/rtlg.eu\/et\/wp-json\/wp\/v2\/pages\/2207\/revisions\/2208"}],"up":[{"embeddable":true,"href":"https:\/\/rtlg.eu\/et\/wp-json\/wp\/v2\/pages\/902"}],"wp:attachment":[{"href":"https:\/\/rtlg.eu\/et\/wp-json\/wp\/v2\/media?parent=2207"}],"curies":[{"name":"wp","href":"https:\/\/api.w.org\/{rel}","templated":true}]}}