{"id":789,"date":"2021-11-12T17:11:38","date_gmt":"2021-11-12T17:11:38","guid":{"rendered":"https:\/\/rtlg.eu\/?page_id=789"},"modified":"2024-05-28T13:52:55","modified_gmt":"2024-05-28T13:52:55","slug":"autoveod","status":"publish","type":"page","link":"https:\/\/rtlg.eu\/et\/autoveod\/","title":{"rendered":"Autoveod"},"content":{"rendered":"\t\t<div data-elementor-type=\"wp-page\" data-elementor-id=\"789\" class=\"elementor elementor-789 elementor-425\" data-elementor-post-type=\"page\">\n\t\t\t\t\t\t<section class=\"elementor-section elementor-top-section elementor-element elementor-element-6ff0517b elementor-section-boxed elementor-section-height-default elementor-section-height-default exad-glass-effect-no exad-sticky-section-no\" data-id=\"6ff0517b\" data-element_type=\"section\">\n\t\t\t\t\t\t<div class=\"elementor-container elementor-column-gap-default\">\n\t\t\t\t\t<div class=\"elementor-column elementor-col-100 elementor-top-column elementor-element elementor-element-7907f3e8 exad-glass-effect-no exad-sticky-section-no\" data-id=\"7907f3e8\" data-element_type=\"column\">\n\t\t\t<div class=\"elementor-widget-wrap elementor-element-populated\">\n\t\t\t\t\t\t<div class=\"elementor-element elementor-element-427f8001 exad-sticky-section-no exad-glass-effect-no elementor-widget elementor-widget-breadcrumbs\" data-id=\"427f8001\" data-element_type=\"widget\" data-widget_type=\"breadcrumbs.default\">\n\t\t\t\t<div class=\"elementor-widget-container\">\n\t\t\t<link rel=\"stylesheet\" href=\"https:\/\/rtlg.eu\/wp-content\/plugins\/elementor-pro\/assets\/css\/widget-theme-elements.min.css?ver=1724877559\"><p id=\"breadcrumbs\"><span><span><a href=\"https:\/\/rtlg.eu\/\">Avaleht<\/a><\/span><\/span><\/p>\t\t<\/div>\n\t\t\t\t<\/div>\n\t\t\t\t\t<\/div>\n\t\t<\/div>\n\t\t\t\t\t<\/div>\n\t\t<\/section>\n\t\t\t\t<section class=\"elementor-section elementor-top-section elementor-element elementor-element-9feeb66 elementor-section-boxed elementor-section-height-default elementor-section-height-default exad-glass-effect-no exad-sticky-section-no\" data-id=\"9feeb66\" data-element_type=\"section\">\n\t\t\t\t\t\t<div class=\"elementor-container elementor-column-gap-default\">\n\t\t\t\t\t<div class=\"elementor-column elementor-col-100 elementor-top-column elementor-element elementor-element-7c318299 exad-glass-effect-no exad-sticky-section-no\" data-id=\"7c318299\" data-element_type=\"column\">\n\t\t\t<div class=\"elementor-widget-wrap elementor-element-populated\">\n\t\t\t\t\t\t<div class=\"elementor-element elementor-element-17f95ba9 exad-sticky-section-no exad-glass-effect-no elementor-widget elementor-widget-heading\" data-id=\"17f95ba9\" data-element_type=\"widget\" data-widget_type=\"heading.default\">\n\t\t\t\t<div class=\"elementor-widget-container\">\n\t\t\t<style>\/*! elementor - v3.23.0 - 05-08-2024 *\/\n.elementor-heading-title{padding:0;margin:0;line-height:1}.elementor-widget-heading .elementor-heading-title[class*=elementor-size-]>a{color:inherit;font-size:inherit;line-height:inherit}.elementor-widget-heading .elementor-heading-title.elementor-size-small{font-size:15px}.elementor-widget-heading .elementor-heading-title.elementor-size-medium{font-size:19px}.elementor-widget-heading .elementor-heading-title.elementor-size-large{font-size:29px}.elementor-widget-heading .elementor-heading-title.elementor-size-xl{font-size:39px}.elementor-widget-heading .elementor-heading-title.elementor-size-xxl{font-size:59px}<\/style><h1 class=\"elementor-heading-title elementor-size-default\"><span style=\"white-space: normal;\">Autoveod<\/span><\/h1>\t\t<\/div>\n\t\t\t\t<\/div>\n\t\t\t\t\t<\/div>\n\t\t<\/div>\n\t\t\t\t\t<\/div>\n\t\t<\/section>\n\t\t\t\t<section class=\"elementor-section elementor-top-section elementor-element elementor-element-4521044b elementor-section-boxed elementor-section-height-default elementor-section-height-default exad-glass-effect-no exad-sticky-section-no\" data-id=\"4521044b\" data-element_type=\"section\">\n\t\t\t\t\t\t<div class=\"elementor-container elementor-column-gap-default\">\n\t\t\t\t\t<div class=\"elementor-column elementor-col-100 elementor-top-column elementor-element elementor-element-3326fa51 exad-glass-effect-no exad-sticky-section-no\" data-id=\"3326fa51\" data-element_type=\"column\">\n\t\t\t<div class=\"elementor-widget-wrap elementor-element-populated\">\n\t\t\t\t\t\t<div class=\"elementor-element elementor-element-47ec20eb exad-sticky-section-no exad-glass-effect-no elementor-widget elementor-widget-text-editor\" data-id=\"47ec20eb\" data-element_type=\"widget\" data-widget_type=\"text-editor.default\">\n\t\t\t\t<div class=\"elementor-widget-container\">\n\t\t\t<style>\/*! elementor - v3.23.0 - 05-08-2024 *\/\n.elementor-widget-text-editor.elementor-drop-cap-view-stacked .elementor-drop-cap{background-color:#69727d;color:#fff}.elementor-widget-text-editor.elementor-drop-cap-view-framed .elementor-drop-cap{color:#69727d;border:3px solid;background-color:transparent}.elementor-widget-text-editor:not(.elementor-drop-cap-view-default) .elementor-drop-cap{margin-top:8px}.elementor-widget-text-editor:not(.elementor-drop-cap-view-default) .elementor-drop-cap-letter{width:1em;height:1em}.elementor-widget-text-editor .elementor-drop-cap{float:left;text-align:center;line-height:1;font-size:50px}.elementor-widget-text-editor .elementor-drop-cap-letter{display:inline-block}<\/style>\t\t\t\t<p>Autoveod on optimaalne viis keskmise suurusega kauba kohaleveoks. Samuti on see transpordiviis teistega v\u00f5rreldes soodne, sest sellel on k\u00f5ige v\u00e4hem t\u00f6\u00f6etappe (ei s\u00f5ltu meresadamatest, raudteedest ja lennujaamadest) ning kohalevedu toimub otse saaja aadressile. Kaubavedu maanteedel \u00fcle maailma on ideaalne v\u00f5imalus neile, kes hindavad tellimuste kiiret t\u00e4itmist ja m\u00f5istlikku hinda.<\/p><p><br><\/p>\n<p><\/p>\n<p><b>Rhino Transport &amp; Logistics Group<\/b> pakub t\u00e4isteenust eksport- ja importkaupade tarnimiseks ning ekspedeerimiseks maanteedel Euroopast SR\u00dc riikidesse, samuti Ukrainasse ja Gruusiasse&nbsp; ja vastupidises suunas.<\/p>\n<p><\/p>\n<p>Me oleme otsesed vedajad<\/p>\n<ul class=\"list-style\">\n<li>Isiklik autopark 150 s\u00f5idukiga<\/li>\n<li>Konteinerveo s\u00f5idukid, tentid mahuga 93 m3 \u0438 120 m3<\/li>\n<li>Load ADR (ohtlikud kaubad) veoks<\/li>\n<li>K\u00fclmikkonteinerid<\/li>\n<li>Suuremahuliste ja mittegabariitsete, raskete ja koondveoste vedu<\/li>\n<li>Rhino Transport &amp; Logistics Groupi s\u00f5idukipark on registreeritud&nbsp; EL-is ja meil on vedajate partnereid teistes Ida-Euroopa riikides.<\/li>\n<\/ul><div><font color=\"#000000\" face=\"-apple-system, BlinkMacSystemFont, Segoe UI, Roboto, Oxygen-Sans, Ubuntu, Cantarell, Helvetica Neue, sans-serif\"><span style=\"font-size: 13px;\"><br><\/span><\/font><\/div>\n<p>Autoveo teenused sisaldavad j\u00e4rgmist:<\/p>\n<ul class=\"list-style\">\n<li>Tarne uksest ukseni<\/li>\n<li>Tasuta konsultatsioonid seoses tarneskeemide optimeerimise ja tollivormistusega<\/li>\n<li>Kaubaveo tariifim\u00e4\u00e4rade arvutamine<\/li>\n<li>Veose kindlustus, l\u00e4biva konossemendi v\u00e4ljastamine<\/li>\n<li>Tollimaakleri teenused<\/li>\n<li>Tellimuse t\u00e4itmise ajal s\u00f5iduki geograafilise asukoha j\u00e4lgimine<\/li>\n<\/ul><div><font color=\"#000000\" face=\"-apple-system, BlinkMacSystemFont, Segoe UI, Roboto, Oxygen-Sans, Ubuntu, Cantarell, Helvetica Neue, sans-serif\"><span style=\"font-size: 13px;\"><br><\/span><\/font><\/div>\n<p>Firma prioriteetsete suundade hulka kuuluvad:<\/p>\n<ul class=\"list-style\">\n<li>Balti riigid: Eesti, L\u00e4ti, Leedu<\/li>\n<li>L\u00e4\u00e4ne-Euroopa: Prantsusmaa, Saksamaa, Belgia, Holland, Luksemburg<\/li>\n<li>L\u00f5una-Euroopa: Itaalia, Hispaania<\/li>\n<li>Skandinaavia: Rootsi, Norra, Soome, Taani<\/li>\n<li>Kesk-Aasia: Usbekistan, Kasahstan<\/li>\n<li>Samuti paljud teised Ida-Euroopa riigid.<\/li>\n<\/ul>\n<div><span style=\"color: #000000; font-family: -apple-system, BlinkMacSystemFont, Segoe UI, Roboto, Oxygen-Sans, Ubuntu, Cantarell, Helvetica Neue, sans-serif;\"><span style=\"font-size: 13px;\">&nbsp;<\/span><\/span><\/div>\n<p>Kogu veerem vastab Euro-5 keskkonnastandardile ja on kindlustatud vedaja tsiviilvastutuse riskide vastu (CMR-kindlustus).<\/p>\n<p>Rhino Transport &amp; Logistics Group tagab kaupade ohutuse rahvusvahelise maanteeveo igal etapil. V\u00f5ite firma k\u00e4tte usaldada ka k\u00f5ige keerukamad ja hapramad esemed, sest k\u00f5ik s\u00f5idukid ja seadmed on varustatud spetsiaalsete kaitsemehhanismidega, mis tagavad veose t\u00e4ieliku ohutuse teel.<\/p>\t\t\t\t\t\t<\/div>\n\t\t\t\t<\/div>\n\t\t\t\t\t<\/div>\n\t\t<\/div>\n\t\t\t\t\t<\/div>\n\t\t<\/section>\n\t\t\t\t<\/div>\n\t\t","protected":false},"excerpt":{"rendered":"<p>Autoveod Autoveod on optimaalne viis keskmise suurusega kauba kohaleveoks. Samuti on see transpordiviis teistega v\u00f5rreldes soodne, sest sellel on k\u00f5ige v\u00e4hem t\u00f6\u00f6etappe (ei s\u00f5ltu meresadamatest, raudteedest ja lennujaamadest) ning kohalevedu toimub otse saaja aadressile. Kaubavedu maanteedel \u00fcle maailma on ideaalne v\u00f5imalus neile, kes hindavad tellimuste kiiret t\u00e4itmist ja m\u00f5istlikku hinda. &nbsp; Rhino Transport &amp; Logistics&hellip; <a class=\"more-link\" href=\"https:\/\/rtlg.eu\/et\/autoveod\/\">Continue reading <span class=\"screen-reader-text\">Autoveod<\/span><\/a><\/p>\n","protected":false},"author":2,"featured_media":0,"parent":0,"menu_order":0,"comment_status":"closed","ping_status":"closed","template":"elementor_header_footer","meta":{"inline_featured_image":false,"footnotes":""},"class_list":["post-789","page","type-page","status-publish","hentry","entry"],"yoast_head":"<!-- This site is optimized with the Yoast SEO plugin v21.3 - https:\/\/yoast.com\/wordpress\/plugins\/seo\/ -->\n<title>Autoveod - logistikafirma RTLG<\/title>\n<meta name=\"description\" content=\"Rhino transport &amp; logistics group - t\u00e4ielik valik autoveoteenuseid k\u00f5ikjal maailmas. Otsene vedaja.\" \/>\n<meta name=\"robots\" content=\"index, follow, max-snippet:-1, max-image-preview:large, max-video-preview:-1\" \/>\n<link rel=\"canonical\" href=\"https:\/\/rtlg.eu\/et\/autoveod\/\" \/>\n<meta property=\"og:locale\" content=\"et_EE\" \/>\n<meta property=\"og:type\" content=\"article\" \/>\n<meta property=\"og:title\" content=\"Autoveod - logistikafirma RTLG\" \/>\n<meta property=\"og:description\" content=\"Rhino transport &amp; logistics group - t\u00e4ielik valik autoveoteenuseid k\u00f5ikjal maailmas. Otsene vedaja.\" \/>\n<meta property=\"og:url\" content=\"https:\/\/rtlg.eu\/et\/autoveod\/\" \/>\n<meta property=\"og:site_name\" content=\"RTLG\" \/>\n<meta property=\"article:modified_time\" content=\"2024-05-28T13:52:55+00:00\" \/>\n<meta name=\"twitter:card\" content=\"summary_large_image\" \/>\n<meta name=\"twitter:label1\" content=\"Est. reading time\" \/>\n\t<meta name=\"twitter:data1\" content=\"2 minutit\" \/>\n<script type=\"application\/ld+json\" class=\"yoast-schema-graph\">{\"@context\":\"https:\/\/schema.org\",\"@graph\":[{\"@type\":\"WebPage\",\"@id\":\"https:\/\/rtlg.eu\/et\/autoveod\/\",\"url\":\"https:\/\/rtlg.eu\/et\/autoveod\/\",\"name\":\"Autoveod - logistikafirma RTLG\",\"isPartOf\":{\"@id\":\"https:\/\/rtlg.eu\/#website\"},\"datePublished\":\"2021-11-12T17:11:38+00:00\",\"dateModified\":\"2024-05-28T13:52:55+00:00\",\"description\":\"Rhino transport & logistics group - t\u00e4ielik valik autoveoteenuseid k\u00f5ikjal maailmas. Otsene vedaja.\",\"breadcrumb\":{\"@id\":\"https:\/\/rtlg.eu\/et\/autoveod\/#breadcrumb\"},\"inLanguage\":\"et\",\"potentialAction\":[{\"@type\":\"ReadAction\",\"target\":[\"https:\/\/rtlg.eu\/et\/autoveod\/\"]}]},{\"@type\":\"BreadcrumbList\",\"@id\":\"https:\/\/rtlg.eu\/et\/autoveod\/#breadcrumb\",\"itemListElement\":[{\"@type\":\"ListItem\",\"position\":1,\"name\":\"Avaleht\",\"item\":\"https:\/\/rtlg.eu\/\"},{\"@type\":\"ListItem\",\"position\":2,\"name\":\"Autoveod\"}]},{\"@type\":\"WebSite\",\"@id\":\"https:\/\/rtlg.eu\/#website\",\"url\":\"https:\/\/rtlg.eu\/\",\"name\":\"RTLG\",\"description\":\"Rhino Transport &amp; Logistics Group\",\"publisher\":{\"@id\":\"https:\/\/rtlg.eu\/#organization\"},\"potentialAction\":[{\"@type\":\"SearchAction\",\"target\":{\"@type\":\"EntryPoint\",\"urlTemplate\":\"https:\/\/rtlg.eu\/?s={search_term_string}\"},\"query-input\":\"required name=search_term_string\"}],\"inLanguage\":\"et\"},{\"@type\":\"Organization\",\"@id\":\"https:\/\/rtlg.eu\/#organization\",\"name\":\"RTLG\",\"url\":\"https:\/\/rtlg.eu\/\",\"logo\":{\"@type\":\"ImageObject\",\"inLanguage\":\"et\",\"@id\":\"https:\/\/rtlg.eu\/#\/schema\/logo\/image\/\",\"url\":\"https:\/\/rtlg.eu\/wp-content\/uploads\/2021\/10\/logo.png\",\"contentUrl\":\"https:\/\/rtlg.eu\/wp-content\/uploads\/2021\/10\/logo.png\",\"width\":376,\"height\":95,\"caption\":\"RTLG\"},\"image\":{\"@id\":\"https:\/\/rtlg.eu\/#\/schema\/logo\/image\/\"}}]}<\/script>\n<!-- \/ Yoast SEO plugin. -->","yoast_head_json":{"title":"Autoveod - logistikafirma RTLG","description":"Rhino transport & logistics group - t\u00e4ielik valik autoveoteenuseid k\u00f5ikjal maailmas. Otsene vedaja.","robots":{"index":"index","follow":"follow","max-snippet":"max-snippet:-1","max-image-preview":"max-image-preview:large","max-video-preview":"max-video-preview:-1"},"canonical":"https:\/\/rtlg.eu\/et\/autoveod\/","og_locale":"et_EE","og_type":"article","og_title":"Autoveod - logistikafirma RTLG","og_description":"Rhino transport & logistics group - t\u00e4ielik valik autoveoteenuseid k\u00f5ikjal maailmas. Otsene vedaja.","og_url":"https:\/\/rtlg.eu\/et\/autoveod\/","og_site_name":"RTLG","article_modified_time":"2024-05-28T13:52:55+00:00","twitter_card":"summary_large_image","twitter_misc":{"Est. reading time":"2 minutit"},"schema":{"@context":"https:\/\/schema.org","@graph":[{"@type":"WebPage","@id":"https:\/\/rtlg.eu\/et\/autoveod\/","url":"https:\/\/rtlg.eu\/et\/autoveod\/","name":"Autoveod - logistikafirma RTLG","isPartOf":{"@id":"https:\/\/rtlg.eu\/#website"},"datePublished":"2021-11-12T17:11:38+00:00","dateModified":"2024-05-28T13:52:55+00:00","description":"Rhino transport & logistics group - t\u00e4ielik valik autoveoteenuseid k\u00f5ikjal maailmas. Otsene vedaja.","breadcrumb":{"@id":"https:\/\/rtlg.eu\/et\/autoveod\/#breadcrumb"},"inLanguage":"et","potentialAction":[{"@type":"ReadAction","target":["https:\/\/rtlg.eu\/et\/autoveod\/"]}]},{"@type":"BreadcrumbList","@id":"https:\/\/rtlg.eu\/et\/autoveod\/#breadcrumb","itemListElement":[{"@type":"ListItem","position":1,"name":"Avaleht","item":"https:\/\/rtlg.eu\/"},{"@type":"ListItem","position":2,"name":"Autoveod"}]},{"@type":"WebSite","@id":"https:\/\/rtlg.eu\/#website","url":"https:\/\/rtlg.eu\/","name":"RTLG","description":"Rhino Transport &amp; Logistics Group","publisher":{"@id":"https:\/\/rtlg.eu\/#organization"},"potentialAction":[{"@type":"SearchAction","target":{"@type":"EntryPoint","urlTemplate":"https:\/\/rtlg.eu\/?s={search_term_string}"},"query-input":"required name=search_term_string"}],"inLanguage":"et"},{"@type":"Organization","@id":"https:\/\/rtlg.eu\/#organization","name":"RTLG","url":"https:\/\/rtlg.eu\/","logo":{"@type":"ImageObject","inLanguage":"et","@id":"https:\/\/rtlg.eu\/#\/schema\/logo\/image\/","url":"https:\/\/rtlg.eu\/wp-content\/uploads\/2021\/10\/logo.png","contentUrl":"https:\/\/rtlg.eu\/wp-content\/uploads\/2021\/10\/logo.png","width":376,"height":95,"caption":"RTLG"},"image":{"@id":"https:\/\/rtlg.eu\/#\/schema\/logo\/image\/"}}]}},"_links":{"self":[{"href":"https:\/\/rtlg.eu\/et\/wp-json\/wp\/v2\/pages\/789"}],"collection":[{"href":"https:\/\/rtlg.eu\/et\/wp-json\/wp\/v2\/pages"}],"about":[{"href":"https:\/\/rtlg.eu\/et\/wp-json\/wp\/v2\/types\/page"}],"author":[{"embeddable":true,"href":"https:\/\/rtlg.eu\/et\/wp-json\/wp\/v2\/users\/2"}],"replies":[{"embeddable":true,"href":"https:\/\/rtlg.eu\/et\/wp-json\/wp\/v2\/comments?post=789"}],"version-history":[{"count":13,"href":"https:\/\/rtlg.eu\/et\/wp-json\/wp\/v2\/pages\/789\/revisions"}],"predecessor-version":[{"id":1998,"href":"https:\/\/rtlg.eu\/et\/wp-json\/wp\/v2\/pages\/789\/revisions\/1998"}],"wp:attachment":[{"href":"https:\/\/rtlg.eu\/et\/wp-json\/wp\/v2\/media?parent=789"}],"curies":[{"name":"wp","href":"https:\/\/api.w.org\/{rel}","templated":true}]}}