{"id":791,"date":"2021-11-12T17:24:00","date_gmt":"2021-11-12T17:24:00","guid":{"rendered":"https:\/\/rtlg.eu\/?page_id=791"},"modified":"2022-02-10T17:06:42","modified_gmt":"2022-02-10T17:06:42","slug":"raudteeveod","status":"publish","type":"page","link":"https:\/\/rtlg.eu\/et\/raudteeveod\/","title":{"rendered":"Raudteeveod"},"content":{"rendered":"\t\t<div data-elementor-type=\"wp-page\" data-elementor-id=\"791\" class=\"elementor elementor-791 elementor-449\" data-elementor-post-type=\"page\">\n\t\t\t\t\t\t<section class=\"elementor-section elementor-top-section elementor-element elementor-element-22b28737 elementor-section-boxed elementor-section-height-default elementor-section-height-default exad-glass-effect-no exad-sticky-section-no\" data-id=\"22b28737\" data-element_type=\"section\">\n\t\t\t\t\t\t<div class=\"elementor-container elementor-column-gap-default\">\n\t\t\t\t\t<div class=\"elementor-column elementor-col-100 elementor-top-column elementor-element elementor-element-503ec95b exad-glass-effect-no exad-sticky-section-no\" data-id=\"503ec95b\" data-element_type=\"column\">\n\t\t\t<div class=\"elementor-widget-wrap elementor-element-populated\">\n\t\t\t\t\t\t<div class=\"elementor-element elementor-element-54dafb87 exad-sticky-section-no exad-glass-effect-no elementor-widget elementor-widget-breadcrumbs\" data-id=\"54dafb87\" data-element_type=\"widget\" data-widget_type=\"breadcrumbs.default\">\n\t\t\t\t<div class=\"elementor-widget-container\">\n\t\t\t<link rel=\"stylesheet\" href=\"https:\/\/rtlg.eu\/wp-content\/plugins\/elementor-pro\/assets\/css\/widget-theme-elements.min.css?ver=1724877559\"><p id=\"breadcrumbs\"><span><span><a href=\"https:\/\/rtlg.eu\/\">Avaleht<\/a><\/span><\/span><\/p>\t\t<\/div>\n\t\t\t\t<\/div>\n\t\t\t\t\t<\/div>\n\t\t<\/div>\n\t\t\t\t\t<\/div>\n\t\t<\/section>\n\t\t\t\t<section class=\"elementor-section elementor-top-section elementor-element elementor-element-47c428f4 elementor-section-boxed elementor-section-height-default elementor-section-height-default exad-glass-effect-no exad-sticky-section-no\" data-id=\"47c428f4\" data-element_type=\"section\">\n\t\t\t\t\t\t<div class=\"elementor-container elementor-column-gap-default\">\n\t\t\t\t\t<div class=\"elementor-column elementor-col-100 elementor-top-column elementor-element elementor-element-4304a8ef exad-glass-effect-no exad-sticky-section-no\" data-id=\"4304a8ef\" data-element_type=\"column\">\n\t\t\t<div class=\"elementor-widget-wrap elementor-element-populated\">\n\t\t\t\t\t\t<div class=\"elementor-element elementor-element-48364d08 exad-sticky-section-no exad-glass-effect-no elementor-widget elementor-widget-heading\" data-id=\"48364d08\" data-element_type=\"widget\" data-widget_type=\"heading.default\">\n\t\t\t\t<div class=\"elementor-widget-container\">\n\t\t\t<style>\/*! elementor - v3.23.0 - 05-08-2024 *\/\n.elementor-heading-title{padding:0;margin:0;line-height:1}.elementor-widget-heading .elementor-heading-title[class*=elementor-size-]>a{color:inherit;font-size:inherit;line-height:inherit}.elementor-widget-heading .elementor-heading-title.elementor-size-small{font-size:15px}.elementor-widget-heading .elementor-heading-title.elementor-size-medium{font-size:19px}.elementor-widget-heading .elementor-heading-title.elementor-size-large{font-size:29px}.elementor-widget-heading .elementor-heading-title.elementor-size-xl{font-size:39px}.elementor-widget-heading .elementor-heading-title.elementor-size-xxl{font-size:59px}<\/style><h1 class=\"elementor-heading-title elementor-size-default\"><span style=\"white-space: normal;\">Raudteeveod<\/span><\/h1>\t\t<\/div>\n\t\t\t\t<\/div>\n\t\t\t\t\t<\/div>\n\t\t<\/div>\n\t\t\t\t\t<\/div>\n\t\t<\/section>\n\t\t\t\t<section class=\"elementor-section elementor-top-section elementor-element elementor-element-5e5417b9 elementor-section-boxed elementor-section-height-default elementor-section-height-default exad-glass-effect-no exad-sticky-section-no\" data-id=\"5e5417b9\" data-element_type=\"section\">\n\t\t\t\t\t\t<div class=\"elementor-container elementor-column-gap-default\">\n\t\t\t\t\t<div class=\"elementor-column elementor-col-100 elementor-top-column elementor-element elementor-element-1ea19845 exad-glass-effect-no exad-sticky-section-no\" data-id=\"1ea19845\" data-element_type=\"column\">\n\t\t\t<div class=\"elementor-widget-wrap elementor-element-populated\">\n\t\t\t\t\t\t<div class=\"elementor-element elementor-element-1a605cd0 exad-sticky-section-no exad-glass-effect-no elementor-widget elementor-widget-text-editor\" data-id=\"1a605cd0\" data-element_type=\"widget\" data-widget_type=\"text-editor.default\">\n\t\t\t\t<div class=\"elementor-widget-container\">\n\t\t\t<style>\/*! elementor - v3.23.0 - 05-08-2024 *\/\n.elementor-widget-text-editor.elementor-drop-cap-view-stacked .elementor-drop-cap{background-color:#69727d;color:#fff}.elementor-widget-text-editor.elementor-drop-cap-view-framed .elementor-drop-cap{color:#69727d;border:3px solid;background-color:transparent}.elementor-widget-text-editor:not(.elementor-drop-cap-view-default) .elementor-drop-cap{margin-top:8px}.elementor-widget-text-editor:not(.elementor-drop-cap-view-default) .elementor-drop-cap-letter{width:1em;height:1em}.elementor-widget-text-editor .elementor-drop-cap{float:left;text-align:center;line-height:1;font-size:50px}.elementor-widget-text-editor .elementor-drop-cap-letter{display:inline-block}<\/style>\t\t\t\t<p>Raudteevedu on usaldusv\u00e4\u00e4rne ja end t\u00f5estanud viis igat liiki kauba kohaleveoks. Suur transpordiv\u00f5rk, madalad logistikakulud ja v\u00f5imalus transportida mahukaid kaupu muudavad selle transpordiliigi \u00fcheks populaarsemaks k\u00f5igi kaubaveoteenuseid kasutavate ettev\u00f5tete seas. Raudtee\u00fchendused v\u00f5imaldavad tarnida kaupu terve maailma piiril, olenemata ilmastikutingimustest ja muudest v\u00e4\u00e4ramatutest asjaoludest, sest raudteetransport on tuntud t\u00e4psuse ja punktuaalsusega. Ja mis k\u00f5ige t\u00e4htsam, niisugune kauba kohaleveo viis on v\u00e4ga \u00f6konoomne.<\/p><p><br><\/p>\n<p><\/p>\n<p><b>Rhino Transport &amp; Logistics Group<\/b> pakub terviklikku teenuste kompleksi kaupade raudteeveoks koost\u00f6\u00f6s juhtivate raudtee-ekspediitoritega. See v\u00f5imaldab konkurentsiv\u00f5imelisi tariife ja tagab kaubale l\u00fchima tarneaja.<\/p><p><br><\/p>\n<p><\/p>\n<p>Raudteeveo teenused sisaldavad j\u00e4rgmist:<\/p>\n<ul class=\"list-style\">\n<li>Optimaalsete veomarsruutide valik<\/li>\n<li>Sobiva vaguni valik olenevalt veose omadustest<\/li>\n<li>Veose laadimisskeemide koostamine ja koordineerimine<\/li>\n<li>Vajalike dokumentide ja raudtee veolehtede vormistamine<\/li>\n<li>Vagunite plommimine ja \u00fcmberlaadimine kitsar\u00f6\u00f6pmelise raudtee vagunitelt laiar\u00f6\u00f6pmelise raudtee vagunitesse, autodelt vagunitesse, ja vastupidi<\/li>\n<li>Veoste valvamine transpordi ajal.<\/li>\n<\/ul>\n<p><br><\/p><p>Raudteekaubavedu on ideaalne valik neile, kes hoolivad tarne t\u00e4psusest ja kiirusest ning transpordi madalast kulust. Raudteeinfrastruktuuri arendatavus ja regulaarne uuendamine teevad niisuguse kaubaveo usaldusv\u00e4\u00e4rseks ja ohutuks. Rhino Transport &amp; Logistics Group omakorda v\u00f5tab t\u00e4ieliku vastutuse lasti turvalisuse eest igal tarneetapil: alates vastuv\u00f5tmisest ja laadimisest kuni saajale \u00fcleandmiseni.<\/p>\t\t\t\t\t\t<\/div>\n\t\t\t\t<\/div>\n\t\t\t\t\t<\/div>\n\t\t<\/div>\n\t\t\t\t\t<\/div>\n\t\t<\/section>\n\t\t\t\t<\/div>\n\t\t","protected":false},"excerpt":{"rendered":"<p>Raudteeveod Raudteevedu on usaldusv\u00e4\u00e4rne ja end t\u00f5estanud viis igat liiki kauba kohaleveoks. Suur transpordiv\u00f5rk, madalad logistikakulud ja v\u00f5imalus transportida mahukaid kaupu muudavad selle transpordiliigi \u00fcheks populaarsemaks k\u00f5igi kaubaveoteenuseid kasutavate ettev\u00f5tete seas. Raudtee\u00fchendused v\u00f5imaldavad tarnida kaupu terve maailma piiril, olenemata ilmastikutingimustest ja muudest v\u00e4\u00e4ramatutest asjaoludest, sest raudteetransport on tuntud t\u00e4psuse ja punktuaalsusega. Ja mis k\u00f5ige t\u00e4htsam,&hellip; <a class=\"more-link\" href=\"https:\/\/rtlg.eu\/et\/raudteeveod\/\">Continue reading <span class=\"screen-reader-text\">Raudteeveod<\/span><\/a><\/p>\n","protected":false},"author":2,"featured_media":0,"parent":0,"menu_order":0,"comment_status":"closed","ping_status":"closed","template":"elementor_header_footer","meta":{"inline_featured_image":false,"footnotes":""},"class_list":["post-791","page","type-page","status-publish","hentry","entry"],"yoast_head":"<!-- This site is optimized with the Yoast SEO plugin v21.3 - https:\/\/yoast.com\/wordpress\/plugins\/seo\/ -->\n<title>Raudteeveod - RTLG<\/title>\n<meta name=\"robots\" content=\"index, follow, max-snippet:-1, max-image-preview:large, max-video-preview:-1\" \/>\n<link rel=\"canonical\" href=\"https:\/\/rtlg.eu\/et\/raudteeveod\/\" \/>\n<meta property=\"og:locale\" content=\"et_EE\" \/>\n<meta property=\"og:type\" content=\"article\" \/>\n<meta property=\"og:title\" content=\"Raudteeveod - RTLG\" \/>\n<meta property=\"og:description\" content=\"Raudteeveod Raudteevedu on usaldusv\u00e4\u00e4rne ja end t\u00f5estanud viis igat liiki kauba kohaleveoks. Suur transpordiv\u00f5rk, madalad logistikakulud ja v\u00f5imalus transportida mahukaid kaupu muudavad selle transpordiliigi \u00fcheks populaarsemaks k\u00f5igi kaubaveoteenuseid kasutavate ettev\u00f5tete seas. Raudtee\u00fchendused v\u00f5imaldavad tarnida kaupu terve maailma piiril, olenemata ilmastikutingimustest ja muudest v\u00e4\u00e4ramatutest asjaoludest, sest raudteetransport on tuntud t\u00e4psuse ja punktuaalsusega. Ja mis k\u00f5ige t\u00e4htsam,&hellip; Continue reading Raudteeveod\" \/>\n<meta property=\"og:url\" content=\"https:\/\/rtlg.eu\/et\/raudteeveod\/\" \/>\n<meta property=\"og:site_name\" content=\"RTLG\" \/>\n<meta property=\"article:modified_time\" content=\"2022-02-10T17:06:42+00:00\" \/>\n<meta name=\"twitter:card\" content=\"summary_large_image\" \/>\n<meta name=\"twitter:label1\" content=\"Est. reading time\" \/>\n\t<meta name=\"twitter:data1\" content=\"1 minut\" \/>\n<script type=\"application\/ld+json\" class=\"yoast-schema-graph\">{\"@context\":\"https:\/\/schema.org\",\"@graph\":[{\"@type\":\"WebPage\",\"@id\":\"https:\/\/rtlg.eu\/et\/raudteeveod\/\",\"url\":\"https:\/\/rtlg.eu\/et\/raudteeveod\/\",\"name\":\"Raudteeveod - RTLG\",\"isPartOf\":{\"@id\":\"https:\/\/rtlg.eu\/#website\"},\"datePublished\":\"2021-11-12T17:24:00+00:00\",\"dateModified\":\"2022-02-10T17:06:42+00:00\",\"breadcrumb\":{\"@id\":\"https:\/\/rtlg.eu\/et\/raudteeveod\/#breadcrumb\"},\"inLanguage\":\"et\",\"potentialAction\":[{\"@type\":\"ReadAction\",\"target\":[\"https:\/\/rtlg.eu\/et\/raudteeveod\/\"]}]},{\"@type\":\"BreadcrumbList\",\"@id\":\"https:\/\/rtlg.eu\/et\/raudteeveod\/#breadcrumb\",\"itemListElement\":[{\"@type\":\"ListItem\",\"position\":1,\"name\":\"Avaleht\",\"item\":\"https:\/\/rtlg.eu\/\"},{\"@type\":\"ListItem\",\"position\":2,\"name\":\"Raudteeveod\"}]},{\"@type\":\"WebSite\",\"@id\":\"https:\/\/rtlg.eu\/#website\",\"url\":\"https:\/\/rtlg.eu\/\",\"name\":\"RTLG\",\"description\":\"Rhino Transport &amp; Logistics Group\",\"publisher\":{\"@id\":\"https:\/\/rtlg.eu\/#organization\"},\"potentialAction\":[{\"@type\":\"SearchAction\",\"target\":{\"@type\":\"EntryPoint\",\"urlTemplate\":\"https:\/\/rtlg.eu\/?s={search_term_string}\"},\"query-input\":\"required name=search_term_string\"}],\"inLanguage\":\"et\"},{\"@type\":\"Organization\",\"@id\":\"https:\/\/rtlg.eu\/#organization\",\"name\":\"RTLG\",\"url\":\"https:\/\/rtlg.eu\/\",\"logo\":{\"@type\":\"ImageObject\",\"inLanguage\":\"et\",\"@id\":\"https:\/\/rtlg.eu\/#\/schema\/logo\/image\/\",\"url\":\"https:\/\/rtlg.eu\/wp-content\/uploads\/2021\/10\/logo.png\",\"contentUrl\":\"https:\/\/rtlg.eu\/wp-content\/uploads\/2021\/10\/logo.png\",\"width\":376,\"height\":95,\"caption\":\"RTLG\"},\"image\":{\"@id\":\"https:\/\/rtlg.eu\/#\/schema\/logo\/image\/\"}}]}<\/script>\n<!-- \/ Yoast SEO plugin. -->","yoast_head_json":{"title":"Raudteeveod - RTLG","robots":{"index":"index","follow":"follow","max-snippet":"max-snippet:-1","max-image-preview":"max-image-preview:large","max-video-preview":"max-video-preview:-1"},"canonical":"https:\/\/rtlg.eu\/et\/raudteeveod\/","og_locale":"et_EE","og_type":"article","og_title":"Raudteeveod - RTLG","og_description":"Raudteeveod Raudteevedu on usaldusv\u00e4\u00e4rne ja end t\u00f5estanud viis igat liiki kauba kohaleveoks. Suur transpordiv\u00f5rk, madalad logistikakulud ja v\u00f5imalus transportida mahukaid kaupu muudavad selle transpordiliigi \u00fcheks populaarsemaks k\u00f5igi kaubaveoteenuseid kasutavate ettev\u00f5tete seas. Raudtee\u00fchendused v\u00f5imaldavad tarnida kaupu terve maailma piiril, olenemata ilmastikutingimustest ja muudest v\u00e4\u00e4ramatutest asjaoludest, sest raudteetransport on tuntud t\u00e4psuse ja punktuaalsusega. Ja mis k\u00f5ige t\u00e4htsam,&hellip; Continue reading Raudteeveod","og_url":"https:\/\/rtlg.eu\/et\/raudteeveod\/","og_site_name":"RTLG","article_modified_time":"2022-02-10T17:06:42+00:00","twitter_card":"summary_large_image","twitter_misc":{"Est. reading time":"1 minut"},"schema":{"@context":"https:\/\/schema.org","@graph":[{"@type":"WebPage","@id":"https:\/\/rtlg.eu\/et\/raudteeveod\/","url":"https:\/\/rtlg.eu\/et\/raudteeveod\/","name":"Raudteeveod - RTLG","isPartOf":{"@id":"https:\/\/rtlg.eu\/#website"},"datePublished":"2021-11-12T17:24:00+00:00","dateModified":"2022-02-10T17:06:42+00:00","breadcrumb":{"@id":"https:\/\/rtlg.eu\/et\/raudteeveod\/#breadcrumb"},"inLanguage":"et","potentialAction":[{"@type":"ReadAction","target":["https:\/\/rtlg.eu\/et\/raudteeveod\/"]}]},{"@type":"BreadcrumbList","@id":"https:\/\/rtlg.eu\/et\/raudteeveod\/#breadcrumb","itemListElement":[{"@type":"ListItem","position":1,"name":"Avaleht","item":"https:\/\/rtlg.eu\/"},{"@type":"ListItem","position":2,"name":"Raudteeveod"}]},{"@type":"WebSite","@id":"https:\/\/rtlg.eu\/#website","url":"https:\/\/rtlg.eu\/","name":"RTLG","description":"Rhino Transport &amp; Logistics Group","publisher":{"@id":"https:\/\/rtlg.eu\/#organization"},"potentialAction":[{"@type":"SearchAction","target":{"@type":"EntryPoint","urlTemplate":"https:\/\/rtlg.eu\/?s={search_term_string}"},"query-input":"required name=search_term_string"}],"inLanguage":"et"},{"@type":"Organization","@id":"https:\/\/rtlg.eu\/#organization","name":"RTLG","url":"https:\/\/rtlg.eu\/","logo":{"@type":"ImageObject","inLanguage":"et","@id":"https:\/\/rtlg.eu\/#\/schema\/logo\/image\/","url":"https:\/\/rtlg.eu\/wp-content\/uploads\/2021\/10\/logo.png","contentUrl":"https:\/\/rtlg.eu\/wp-content\/uploads\/2021\/10\/logo.png","width":376,"height":95,"caption":"RTLG"},"image":{"@id":"https:\/\/rtlg.eu\/#\/schema\/logo\/image\/"}}]}},"_links":{"self":[{"href":"https:\/\/rtlg.eu\/et\/wp-json\/wp\/v2\/pages\/791"}],"collection":[{"href":"https:\/\/rtlg.eu\/et\/wp-json\/wp\/v2\/pages"}],"about":[{"href":"https:\/\/rtlg.eu\/et\/wp-json\/wp\/v2\/types\/page"}],"author":[{"embeddable":true,"href":"https:\/\/rtlg.eu\/et\/wp-json\/wp\/v2\/users\/2"}],"replies":[{"embeddable":true,"href":"https:\/\/rtlg.eu\/et\/wp-json\/wp\/v2\/comments?post=791"}],"version-history":[{"count":5,"href":"https:\/\/rtlg.eu\/et\/wp-json\/wp\/v2\/pages\/791\/revisions"}],"predecessor-version":[{"id":1292,"href":"https:\/\/rtlg.eu\/et\/wp-json\/wp\/v2\/pages\/791\/revisions\/1292"}],"wp:attachment":[{"href":"https:\/\/rtlg.eu\/et\/wp-json\/wp\/v2\/media?parent=791"}],"curies":[{"name":"wp","href":"https:\/\/api.w.org\/{rel}","templated":true}]}}