{"id":793,"date":"2021-11-12T17:28:07","date_gmt":"2021-11-12T17:28:07","guid":{"rendered":"https:\/\/rtlg.eu\/?page_id=793"},"modified":"2024-06-11T10:11:15","modified_gmt":"2024-06-11T10:11:15","slug":"kontaktid-2","status":"publish","type":"page","link":"https:\/\/rtlg.eu\/et\/kontaktid-2\/","title":{"rendered":"Kontaktid"},"content":{"rendered":"\t\t<div data-elementor-type=\"wp-page\" data-elementor-id=\"793\" class=\"elementor elementor-793 elementor-344\" data-elementor-post-type=\"page\">\n\t\t\t\t\t\t<section class=\"elementor-section elementor-top-section elementor-element elementor-element-40221f5f elementor-section-boxed elementor-section-height-default elementor-section-height-default exad-glass-effect-no exad-sticky-section-no\" data-id=\"40221f5f\" data-element_type=\"section\">\n\t\t\t\t\t\t<div class=\"elementor-container elementor-column-gap-default\">\n\t\t\t\t\t<div class=\"elementor-column elementor-col-100 elementor-top-column elementor-element elementor-element-5a08071 exad-glass-effect-no exad-sticky-section-no\" data-id=\"5a08071\" data-element_type=\"column\">\n\t\t\t<div class=\"elementor-widget-wrap elementor-element-populated\">\n\t\t\t\t\t\t<div class=\"elementor-element elementor-element-588c2287 exad-sticky-section-no exad-glass-effect-no elementor-widget elementor-widget-breadcrumbs\" data-id=\"588c2287\" data-element_type=\"widget\" data-widget_type=\"breadcrumbs.default\">\n\t\t\t\t<div class=\"elementor-widget-container\">\n\t\t\t<link rel=\"stylesheet\" href=\"https:\/\/rtlg.eu\/wp-content\/plugins\/elementor-pro\/assets\/css\/widget-theme-elements.min.css?ver=1724877559\"><p id=\"breadcrumbs\"><span><span><a href=\"https:\/\/rtlg.eu\/\">Avaleht<\/a><\/span><\/span><\/p>\t\t<\/div>\n\t\t\t\t<\/div>\n\t\t\t\t\t<\/div>\n\t\t<\/div>\n\t\t\t\t\t<\/div>\n\t\t<\/section>\n\t\t\t\t<section class=\"elementor-section elementor-top-section elementor-element elementor-element-4f1f550e contacts elementor-section-boxed elementor-section-height-default elementor-section-height-default exad-glass-effect-no exad-sticky-section-no\" data-id=\"4f1f550e\" data-element_type=\"section\">\n\t\t\t\t\t\t<div class=\"elementor-container elementor-column-gap-default\">\n\t\t\t\t\t<div class=\"elementor-column elementor-col-100 elementor-top-column elementor-element elementor-element-a07d7ac exad-glass-effect-no exad-sticky-section-no\" data-id=\"a07d7ac\" data-element_type=\"column\">\n\t\t\t<div class=\"elementor-widget-wrap elementor-element-populated\">\n\t\t\t\t\t\t<div class=\"elementor-element elementor-element-5ca1e4c5 exad-sticky-section-no exad-glass-effect-no elementor-widget elementor-widget-theme-post-title elementor-page-title elementor-widget-heading\" data-id=\"5ca1e4c5\" data-element_type=\"widget\" data-widget_type=\"theme-post-title.default\">\n\t\t\t\t<div class=\"elementor-widget-container\">\n\t\t\t<style>\/*! elementor - v3.23.0 - 05-08-2024 *\/\n.elementor-heading-title{padding:0;margin:0;line-height:1}.elementor-widget-heading .elementor-heading-title[class*=elementor-size-]>a{color:inherit;font-size:inherit;line-height:inherit}.elementor-widget-heading .elementor-heading-title.elementor-size-small{font-size:15px}.elementor-widget-heading .elementor-heading-title.elementor-size-medium{font-size:19px}.elementor-widget-heading .elementor-heading-title.elementor-size-large{font-size:29px}.elementor-widget-heading .elementor-heading-title.elementor-size-xl{font-size:39px}.elementor-widget-heading .elementor-heading-title.elementor-size-xxl{font-size:59px}<\/style><h1 class=\"elementor-heading-title elementor-size-default\">Kontaktid<\/h1>\t\t<\/div>\n\t\t\t\t<\/div>\n\t\t\t\t<section class=\"elementor-section elementor-inner-section elementor-element elementor-element-792bc20 elementor-section-content-middle elementor-section-boxed elementor-section-height-default elementor-section-height-default exad-glass-effect-no exad-sticky-section-no\" data-id=\"792bc20\" data-element_type=\"section\">\n\t\t\t\t\t\t<div class=\"elementor-container elementor-column-gap-default\">\n\t\t\t\t\t<div class=\"elementor-column elementor-col-50 elementor-inner-column elementor-element elementor-element-398b8fc exad-glass-effect-no exad-sticky-section-no\" data-id=\"398b8fc\" data-element_type=\"column\">\n\t\t\t<div class=\"elementor-widget-wrap elementor-element-populated\">\n\t\t\t\t\t\t<div class=\"elementor-element elementor-element-381518aa exad-sticky-section-no exad-glass-effect-no elementor-widget elementor-widget-image\" data-id=\"381518aa\" data-element_type=\"widget\" data-widget_type=\"image.default\">\n\t\t\t\t<div class=\"elementor-widget-container\">\n\t\t\t<style>\/*! elementor - v3.23.0 - 05-08-2024 *\/\n.elementor-widget-image{text-align:center}.elementor-widget-image a{display:inline-block}.elementor-widget-image a img[src$=\".svg\"]{width:48px}.elementor-widget-image img{vertical-align:middle;display:inline-block}<\/style>\t\t\t\t\t\t\t\t\t\t<img fetchpriority=\"high\" decoding=\"async\" width=\"270\" height=\"203\" src=\"https:\/\/rtlg.eu\/wp-content\/uploads\/2021\/10\/contacts-img-1-270x203-1.jpg\" class=\"attachment-large size-large wp-image-845\" alt=\"\" style=\"width:100%;height:75.19%;max-width:270px\" \/>\t\t\t\t\t\t\t\t\t\t\t\t\t<\/div>\n\t\t\t\t<\/div>\n\t\t\t\t\t<\/div>\n\t\t<\/div>\n\t\t\t\t<div class=\"elementor-column elementor-col-50 elementor-inner-column elementor-element elementor-element-dcd91f3 elementor-hidden-mobile exad-glass-effect-no exad-sticky-section-no\" data-id=\"dcd91f3\" data-element_type=\"column\" data-settings=\"{&quot;background_background&quot;:&quot;classic&quot;}\">\n\t\t\t<div class=\"elementor-widget-wrap elementor-element-populated\">\n\t\t\t\t\t\t<div class=\"elementor-element elementor-element-1728c671 exad-sticky-section-no exad-glass-effect-no elementor-widget elementor-widget-text-editor\" data-id=\"1728c671\" data-element_type=\"widget\" data-widget_type=\"text-editor.default\">\n\t\t\t\t<div class=\"elementor-widget-container\">\n\t\t\t<style>\/*! elementor - v3.23.0 - 05-08-2024 *\/\n.elementor-widget-text-editor.elementor-drop-cap-view-stacked .elementor-drop-cap{background-color:#69727d;color:#fff}.elementor-widget-text-editor.elementor-drop-cap-view-framed .elementor-drop-cap{color:#69727d;border:3px solid;background-color:transparent}.elementor-widget-text-editor:not(.elementor-drop-cap-view-default) .elementor-drop-cap{margin-top:8px}.elementor-widget-text-editor:not(.elementor-drop-cap-view-default) .elementor-drop-cap-letter{width:1em;height:1em}.elementor-widget-text-editor .elementor-drop-cap{float:left;text-align:center;line-height:1;font-size:50px}.elementor-widget-text-editor .elementor-drop-cap-letter{display:inline-block}<\/style>\t\t\t\t<div class=\"row\">\r\n<div class=\"col-5\">\r\n<ul>\r\n \t<li>\r\n<div class=\"title-block\">RTLG O\u00dc<\/div>\r\n<div class=\"row\">\r\n<div class=\"col-5\">\r\n<ul>\r\n \t<li>Juriidiline aadress: Paneeli 2, 11415 Tallinn, Estonia<\/li>\r\n \t<li>Tegelik aadr.: Suur-S\u00f5jam\u00e4e 35a, 11415 Tallinn, Estonia<\/li>\r\n \t<li>E-mail:\u00a0<a class=\"mail-wrap\" href=\"mailto:info@rtlg.com\">info@rtlg.com<\/a><\/li>\r\n<\/ul>\r\n<\/div>\r\n<div class=\"col-7\">\r\n<ul>\r\n \t<li>Tel.: <a class=\"phone-wrap\" href=\"tel:+37256562101\">+372 5656 2101<\/a><\/li>\r\n<\/ul>\r\n<\/div>\r\n<\/div><\/li>\r\n<\/ul>\r\n<\/div>\r\n<\/div>\t\t\t\t\t\t<\/div>\n\t\t\t\t<\/div>\n\t\t\t\t\t<\/div>\n\t\t<\/div>\n\t\t\t\t\t<\/div>\n\t\t<\/section>\n\t\t\t\t<section class=\"elementor-section elementor-inner-section elementor-element elementor-element-a39ed12 contacts_form elementor-section-boxed elementor-section-height-default elementor-section-height-default exad-glass-effect-no exad-sticky-section-no\" data-id=\"a39ed12\" data-element_type=\"section\">\n\t\t\t\t\t\t<div class=\"elementor-container elementor-column-gap-default\">\n\t\t\t\t\t<div class=\"elementor-column elementor-col-100 elementor-inner-column elementor-element elementor-element-04a80a9 exad-glass-effect-no exad-sticky-section-no\" data-id=\"04a80a9\" data-element_type=\"column\">\n\t\t\t<div class=\"elementor-widget-wrap elementor-element-populated\">\n\t\t\t\t\t\t<div class=\"elementor-element elementor-element-7e578d8 exad-sticky-section-no exad-glass-effect-no elementor-widget elementor-widget-heading\" data-id=\"7e578d8\" data-element_type=\"widget\" data-widget_type=\"heading.default\">\n\t\t\t\t<div class=\"elementor-widget-container\">\n\t\t\t<h2 class=\"elementor-heading-title elementor-size-large\">Kirjuta meile<\/h2>\t\t<\/div>\n\t\t\t\t<\/div>\n\t\t\t\t<div class=\"elementor-element elementor-element-301f796 elementor-widget__width-initial exad-sticky-section-no exad-glass-effect-no elementor-widget elementor-widget-shortcode\" data-id=\"301f796\" data-element_type=\"widget\" data-widget_type=\"shortcode.default\">\n\t\t\t\t<div class=\"elementor-widget-container\">\n\t\t\t\t\t<div class=\"elementor-shortcode\"><div id=\"cf7cstmzr-form\" class=\"cf7cstmzr-form-359 cf7cstmzr-form\">\n<div class=\"wpcf7 no-js\" id=\"wpcf7-f1400-o1\" lang=\"et\" dir=\"ltr\">\n<div class=\"screen-reader-response\"><p role=\"status\" aria-live=\"polite\" aria-atomic=\"true\"><\/p> <ul><\/ul><\/div>\n<form action=\"\/et\/wp-json\/wp\/v2\/pages\/793#wpcf7-f1400-o1\" method=\"post\" class=\"wpcf7-form init\" aria-label=\"Contact form\" novalidate=\"novalidate\" data-status=\"init\">\n<div style=\"display: none;\">\n<input type=\"hidden\" name=\"_wpcf7\" value=\"1400\" \/>\n<input type=\"hidden\" name=\"_wpcf7_version\" value=\"5.9.8\" \/>\n<input type=\"hidden\" name=\"_wpcf7_locale\" value=\"et\" \/>\n<input type=\"hidden\" name=\"_wpcf7_unit_tag\" value=\"wpcf7-f1400-o1\" \/>\n<input type=\"hidden\" name=\"_wpcf7_container_post\" value=\"0\" \/>\n<input type=\"hidden\" name=\"_wpcf7_posted_data_hash\" value=\"\" \/>\n<\/div>\n<div class=\"row\">\n\t<div class=\"col-md-6 col-sm-12\">\n\t\t<p><label><span class=\"wpcf7-form-control-wrap\" data-name=\"your-name\"><input size=\"40\" maxlength=\"400\" class=\"wpcf7-form-control wpcf7-text wpcf7-validates-as-required\" aria-required=\"true\" aria-invalid=\"false\" placeholder=\"Nimi\" value=\"\" type=\"text\" name=\"your-name\" \/><\/span> <\/label>\n\t\t<\/p>\n\t\t<p><label><span class=\"wpcf7-form-control-wrap\" data-name=\"your-subject\"><input size=\"40\" maxlength=\"400\" class=\"wpcf7-form-control wpcf7-tel wpcf7-validates-as-required wpcf7-text wpcf7-validates-as-tel\" aria-required=\"true\" aria-invalid=\"false\" placeholder=\"Telefoninumber\" value=\"\" type=\"tel\" name=\"your-subject\" \/><\/span> <\/label>\n\t\t<\/p>\n\t\t<p><label><span class=\"wpcf7-form-control-wrap\" data-name=\"your-email\"><input size=\"40\" maxlength=\"400\" class=\"wpcf7-form-control wpcf7-email wpcf7-validates-as-required wpcf7-text wpcf7-validates-as-email\" aria-required=\"true\" aria-invalid=\"false\" placeholder=\"E-mail\" value=\"\" type=\"email\" name=\"your-email\" \/><\/span> <\/label>\n\t\t<\/p>\n\t\t<p><span class=\"subtext\"><\/span>\n\t\t<\/p>\n\t<\/div>\n\t<div class=\"col-md-6 col-sm-12\">\n\t\t<p><label> <span class=\"wpcf7-form-control-wrap\" data-name=\"your-message\"><textarea cols=\"40\" rows=\"10\" maxlength=\"2000\" class=\"wpcf7-form-control wpcf7-textarea\" aria-invalid=\"false\" placeholder=\"Kiri\" name=\"your-message\"><\/textarea><\/span> <\/label>\n\t\t<\/p>\n\t\t<div class=\"row custom_btn\">\n\t\t\t<div class=\"col-5 col-offset-7\">\n\t\t\t\t<p><input class=\"wpcf7-form-control wpcf7-submit has-spinner\" type=\"submit\" value=\"Saada\" \/>\n\t\t\t\t<\/p>\n\t\t\t<\/div>\n\t\t<\/div>\n\t<\/div>\n<\/div><div class=\"wpcf7-response-output\" aria-hidden=\"true\"><\/div>\n<\/form>\n<\/div>\n<\/div><\/div>\n\t\t\t\t<\/div>\n\t\t\t\t<\/div>\n\t\t\t\t\t<\/div>\n\t\t<\/div>\n\t\t\t\t\t<\/div>\n\t\t<\/section>\n\t\t\t\t\t<\/div>\n\t\t<\/div>\n\t\t\t\t\t<\/div>\n\t\t<\/section>\n\t\t\t\t<section class=\"elementor-section elementor-top-section elementor-element elementor-element-a3f1a07 elementor-section-full_width elementor-section-height-default elementor-section-height-default exad-glass-effect-no exad-sticky-section-no\" data-id=\"a3f1a07\" data-element_type=\"section\">\n\t\t\t\t\t\t<div class=\"elementor-container elementor-column-gap-default\">\n\t\t\t\t\t<div class=\"elementor-column elementor-col-100 elementor-top-column elementor-element elementor-element-26a0204 exad-glass-effect-no exad-sticky-section-no\" data-id=\"26a0204\" data-element_type=\"column\">\n\t\t\t<div class=\"elementor-widget-wrap elementor-element-populated\">\n\t\t\t\t\t\t<div class=\"elementor-element elementor-element-5e9e98b exad-sticky-section-no exad-glass-effect-no elementor-widget elementor-widget-google_maps\" data-id=\"5e9e98b\" data-element_type=\"widget\" data-widget_type=\"google_maps.default\">\n\t\t\t\t<div class=\"elementor-widget-container\">\n\t\t\t<style>\/*! elementor - v3.23.0 - 05-08-2024 *\/\n.elementor-widget-google_maps .elementor-widget-container{overflow:hidden}.elementor-widget-google_maps .elementor-custom-embed{line-height:0}.elementor-widget-google_maps iframe{height:300px}<\/style>\t\t<div class=\"elementor-custom-embed\">\n\t\t\t<iframe loading=\"lazy\"\n\t\t\t\t\tsrc=\"https:\/\/maps.google.com\/maps?q=Suur-S%C3%B5jam%C3%A4e%2035a%2C%2011415%20Tallinn%2C%20Estonia&#038;t=m&#038;z=15&#038;output=embed&#038;iwloc=near\"\n\t\t\t\t\ttitle=\"Suur-S\u00f5jam\u00e4e 35a, 11415 Tallinn, Estonia\"\n\t\t\t\t\taria-label=\"Suur-S\u00f5jam\u00e4e 35a, 11415 Tallinn, Estonia\"\n\t\t\t><\/iframe>\n\t\t<\/div>\n\t\t\t\t<\/div>\n\t\t\t\t<\/div>\n\t\t\t\t\t<\/div>\n\t\t<\/div>\n\t\t\t\t\t<\/div>\n\t\t<\/section>\n\t\t\t\t<\/div>\n\t\t","protected":false},"excerpt":{"rendered":"<p>RTLG O\u00dc Juriidiline aadress: Paneeli 2, 11415 Tallinn, Estonia Tegelik aadr.: Suur-S\u00f5jam\u00e4e 35a, 11415 Tallinn, Estonia E-mail:\u00a0info@rtlg.com Tel.: +372 5656 2101 Kirjuta meile<\/p>\n","protected":false},"author":2,"featured_media":0,"parent":0,"menu_order":0,"comment_status":"closed","ping_status":"closed","template":"elementor_header_footer","meta":{"inline_featured_image":false,"footnotes":""},"class_list":["post-793","page","type-page","status-publish","hentry","entry"],"yoast_head":"<!-- This site is optimized with the Yoast SEO plugin v21.3 - https:\/\/yoast.com\/wordpress\/plugins\/seo\/ -->\n<title>Kirjutage meile - logistikafirma RTLG<\/title>\n<meta name=\"description\" content=\"Rhino transport &amp; logistics group - v\u00f5tke meiega \u00fchendust. T\u00e4itke kontaktvorm: RTLG O\u00dc.\" \/>\n<meta name=\"robots\" content=\"index, follow, max-snippet:-1, max-image-preview:large, max-video-preview:-1\" \/>\n<link rel=\"canonical\" href=\"https:\/\/rtlg.eu\/contacts\/\" \/>\n<meta property=\"og:locale\" content=\"et_EE\" \/>\n<meta property=\"og:type\" content=\"article\" \/>\n<meta property=\"og:title\" content=\"Kirjutage meile - logistikafirma RTLG\" \/>\n<meta property=\"og:description\" content=\"Rhino transport &amp; logistics group - v\u00f5tke meiega \u00fchendust. T\u00e4itke kontaktvorm: RTLG O\u00dc.\" \/>\n<meta property=\"og:url\" content=\"https:\/\/rtlg.eu\/contacts\/\" \/>\n<meta property=\"og:site_name\" content=\"RTLG\" \/>\n<meta property=\"article:modified_time\" content=\"2024-06-11T10:11:15+00:00\" \/>\n<meta property=\"og:image\" content=\"https:\/\/rtlg.eu\/wp-content\/uploads\/2021\/10\/contacts-img-1-270x203-1.jpg\" \/>\n<meta name=\"twitter:card\" content=\"summary_large_image\" \/>\n<meta name=\"twitter:label1\" content=\"Est. reading time\" \/>\n\t<meta name=\"twitter:data1\" content=\"1 minut\" \/>\n<script type=\"application\/ld+json\" class=\"yoast-schema-graph\">{\"@context\":\"https:\/\/schema.org\",\"@graph\":[{\"@type\":\"WebPage\",\"@id\":\"https:\/\/rtlg.eu\/contacts\/\",\"url\":\"https:\/\/rtlg.eu\/contacts\/\",\"name\":\"Kirjutage meile - logistikafirma RTLG\",\"isPartOf\":{\"@id\":\"https:\/\/rtlg.eu\/#website\"},\"datePublished\":\"2021-11-12T17:28:07+00:00\",\"dateModified\":\"2024-06-11T10:11:15+00:00\",\"description\":\"Rhino transport & logistics group - v\u00f5tke meiega \u00fchendust. T\u00e4itke kontaktvorm: RTLG O\u00dc.\",\"breadcrumb\":{\"@id\":\"https:\/\/rtlg.eu\/contacts\/#breadcrumb\"},\"inLanguage\":\"et\",\"potentialAction\":[{\"@type\":\"ReadAction\",\"target\":[\"https:\/\/rtlg.eu\/contacts\/\"]}]},{\"@type\":\"BreadcrumbList\",\"@id\":\"https:\/\/rtlg.eu\/contacts\/#breadcrumb\",\"itemListElement\":[{\"@type\":\"ListItem\",\"position\":1,\"name\":\"Avaleht\",\"item\":\"https:\/\/rtlg.eu\/\"},{\"@type\":\"ListItem\",\"position\":2,\"name\":\"Kontaktid\"}]},{\"@type\":\"WebSite\",\"@id\":\"https:\/\/rtlg.eu\/#website\",\"url\":\"https:\/\/rtlg.eu\/\",\"name\":\"RTLG\",\"description\":\"Rhino Transport &amp; Logistics Group\",\"publisher\":{\"@id\":\"https:\/\/rtlg.eu\/#organization\"},\"potentialAction\":[{\"@type\":\"SearchAction\",\"target\":{\"@type\":\"EntryPoint\",\"urlTemplate\":\"https:\/\/rtlg.eu\/?s={search_term_string}\"},\"query-input\":\"required name=search_term_string\"}],\"inLanguage\":\"et\"},{\"@type\":\"Organization\",\"@id\":\"https:\/\/rtlg.eu\/#organization\",\"name\":\"RTLG\",\"url\":\"https:\/\/rtlg.eu\/\",\"logo\":{\"@type\":\"ImageObject\",\"inLanguage\":\"et\",\"@id\":\"https:\/\/rtlg.eu\/#\/schema\/logo\/image\/\",\"url\":\"https:\/\/rtlg.eu\/wp-content\/uploads\/2021\/10\/logo.png\",\"contentUrl\":\"https:\/\/rtlg.eu\/wp-content\/uploads\/2021\/10\/logo.png\",\"width\":376,\"height\":95,\"caption\":\"RTLG\"},\"image\":{\"@id\":\"https:\/\/rtlg.eu\/#\/schema\/logo\/image\/\"}}]}<\/script>\n<!-- \/ Yoast SEO plugin. -->","yoast_head_json":{"title":"Kirjutage meile - logistikafirma RTLG","description":"Rhino transport & logistics group - v\u00f5tke meiega \u00fchendust. T\u00e4itke kontaktvorm: RTLG O\u00dc.","robots":{"index":"index","follow":"follow","max-snippet":"max-snippet:-1","max-image-preview":"max-image-preview:large","max-video-preview":"max-video-preview:-1"},"canonical":"https:\/\/rtlg.eu\/contacts\/","og_locale":"et_EE","og_type":"article","og_title":"Kirjutage meile - logistikafirma RTLG","og_description":"Rhino transport & logistics group - v\u00f5tke meiega \u00fchendust. T\u00e4itke kontaktvorm: RTLG O\u00dc.","og_url":"https:\/\/rtlg.eu\/contacts\/","og_site_name":"RTLG","article_modified_time":"2024-06-11T10:11:15+00:00","og_image":[{"url":"https:\/\/rtlg.eu\/wp-content\/uploads\/2021\/10\/contacts-img-1-270x203-1.jpg"}],"twitter_card":"summary_large_image","twitter_misc":{"Est. reading time":"1 minut"},"schema":{"@context":"https:\/\/schema.org","@graph":[{"@type":"WebPage","@id":"https:\/\/rtlg.eu\/contacts\/","url":"https:\/\/rtlg.eu\/contacts\/","name":"Kirjutage meile - logistikafirma RTLG","isPartOf":{"@id":"https:\/\/rtlg.eu\/#website"},"datePublished":"2021-11-12T17:28:07+00:00","dateModified":"2024-06-11T10:11:15+00:00","description":"Rhino transport & logistics group - v\u00f5tke meiega \u00fchendust. T\u00e4itke kontaktvorm: RTLG O\u00dc.","breadcrumb":{"@id":"https:\/\/rtlg.eu\/contacts\/#breadcrumb"},"inLanguage":"et","potentialAction":[{"@type":"ReadAction","target":["https:\/\/rtlg.eu\/contacts\/"]}]},{"@type":"BreadcrumbList","@id":"https:\/\/rtlg.eu\/contacts\/#breadcrumb","itemListElement":[{"@type":"ListItem","position":1,"name":"Avaleht","item":"https:\/\/rtlg.eu\/"},{"@type":"ListItem","position":2,"name":"Kontaktid"}]},{"@type":"WebSite","@id":"https:\/\/rtlg.eu\/#website","url":"https:\/\/rtlg.eu\/","name":"RTLG","description":"Rhino Transport &amp; Logistics Group","publisher":{"@id":"https:\/\/rtlg.eu\/#organization"},"potentialAction":[{"@type":"SearchAction","target":{"@type":"EntryPoint","urlTemplate":"https:\/\/rtlg.eu\/?s={search_term_string}"},"query-input":"required name=search_term_string"}],"inLanguage":"et"},{"@type":"Organization","@id":"https:\/\/rtlg.eu\/#organization","name":"RTLG","url":"https:\/\/rtlg.eu\/","logo":{"@type":"ImageObject","inLanguage":"et","@id":"https:\/\/rtlg.eu\/#\/schema\/logo\/image\/","url":"https:\/\/rtlg.eu\/wp-content\/uploads\/2021\/10\/logo.png","contentUrl":"https:\/\/rtlg.eu\/wp-content\/uploads\/2021\/10\/logo.png","width":376,"height":95,"caption":"RTLG"},"image":{"@id":"https:\/\/rtlg.eu\/#\/schema\/logo\/image\/"}}]}},"_links":{"self":[{"href":"https:\/\/rtlg.eu\/et\/wp-json\/wp\/v2\/pages\/793"}],"collection":[{"href":"https:\/\/rtlg.eu\/et\/wp-json\/wp\/v2\/pages"}],"about":[{"href":"https:\/\/rtlg.eu\/et\/wp-json\/wp\/v2\/types\/page"}],"author":[{"embeddable":true,"href":"https:\/\/rtlg.eu\/et\/wp-json\/wp\/v2\/users\/2"}],"replies":[{"embeddable":true,"href":"https:\/\/rtlg.eu\/et\/wp-json\/wp\/v2\/comments?post=793"}],"version-history":[{"count":60,"href":"https:\/\/rtlg.eu\/et\/wp-json\/wp\/v2\/pages\/793\/revisions"}],"predecessor-version":[{"id":2324,"href":"https:\/\/rtlg.eu\/et\/wp-json\/wp\/v2\/pages\/793\/revisions\/2324"}],"wp:attachment":[{"href":"https:\/\/rtlg.eu\/et\/wp-json\/wp\/v2\/media?parent=793"}],"curies":[{"name":"wp","href":"https:\/\/api.w.org\/{rel}","templated":true}]}}