{"id":896,"date":"2021-11-12T17:35:11","date_gmt":"2021-11-12T17:35:11","guid":{"rendered":"https:\/\/rtlg.eu\/?page_id=896"},"modified":"2024-02-21T22:11:00","modified_gmt":"2024-02-21T22:11:00","slug":"konteinerveod","status":"publish","type":"page","link":"https:\/\/rtlg.eu\/et\/konteinerveod\/","title":{"rendered":"Konteinerveod"},"content":{"rendered":"\t\t<div data-elementor-type=\"wp-page\" data-elementor-id=\"896\" class=\"elementor elementor-896 elementor-385\" data-elementor-post-type=\"page\">\n\t\t\t\t\t\t<section class=\"elementor-section elementor-top-section elementor-element elementor-element-1103442f elementor-section-boxed elementor-section-height-default elementor-section-height-default exad-glass-effect-no exad-sticky-section-no\" data-id=\"1103442f\" data-element_type=\"section\">\n\t\t\t\t\t\t<div class=\"elementor-container elementor-column-gap-default\">\n\t\t\t\t\t<div class=\"elementor-column elementor-col-100 elementor-top-column elementor-element elementor-element-7044e716 exad-glass-effect-no exad-sticky-section-no\" data-id=\"7044e716\" data-element_type=\"column\">\n\t\t\t<div class=\"elementor-widget-wrap elementor-element-populated\">\n\t\t\t\t\t\t<div class=\"elementor-element elementor-element-5afb217c exad-sticky-section-no exad-glass-effect-no elementor-widget elementor-widget-breadcrumbs\" data-id=\"5afb217c\" data-element_type=\"widget\" data-widget_type=\"breadcrumbs.default\">\n\t\t\t\t<div class=\"elementor-widget-container\">\n\t\t\t<link rel=\"stylesheet\" href=\"https:\/\/rtlg.eu\/wp-content\/plugins\/elementor-pro\/assets\/css\/widget-theme-elements.min.css?ver=1724877559\"><p id=\"breadcrumbs\"><span><span><a href=\"https:\/\/rtlg.eu\/\">Avaleht<\/a><\/span><\/span><\/p>\t\t<\/div>\n\t\t\t\t<\/div>\n\t\t\t\t\t<\/div>\n\t\t<\/div>\n\t\t\t\t\t<\/div>\n\t\t<\/section>\n\t\t\t\t<section class=\"elementor-section elementor-top-section elementor-element elementor-element-7eaeb0b1 elementor-section-boxed elementor-section-height-default elementor-section-height-default exad-glass-effect-no exad-sticky-section-no\" data-id=\"7eaeb0b1\" data-element_type=\"section\">\n\t\t\t\t\t\t<div class=\"elementor-container elementor-column-gap-default\">\n\t\t\t\t\t<div class=\"elementor-column elementor-col-100 elementor-top-column elementor-element elementor-element-38a4e8d6 exad-glass-effect-no exad-sticky-section-no\" data-id=\"38a4e8d6\" data-element_type=\"column\">\n\t\t\t<div class=\"elementor-widget-wrap elementor-element-populated\">\n\t\t\t\t\t\t<div class=\"elementor-element elementor-element-2a314e0c exad-sticky-section-no exad-glass-effect-no elementor-widget elementor-widget-heading\" data-id=\"2a314e0c\" data-element_type=\"widget\" data-widget_type=\"heading.default\">\n\t\t\t\t<div class=\"elementor-widget-container\">\n\t\t\t<style>\/*! elementor - v3.23.0 - 05-08-2024 *\/\n.elementor-heading-title{padding:0;margin:0;line-height:1}.elementor-widget-heading .elementor-heading-title[class*=elementor-size-]>a{color:inherit;font-size:inherit;line-height:inherit}.elementor-widget-heading .elementor-heading-title.elementor-size-small{font-size:15px}.elementor-widget-heading .elementor-heading-title.elementor-size-medium{font-size:19px}.elementor-widget-heading .elementor-heading-title.elementor-size-large{font-size:29px}.elementor-widget-heading .elementor-heading-title.elementor-size-xl{font-size:39px}.elementor-widget-heading .elementor-heading-title.elementor-size-xxl{font-size:59px}<\/style><h1 class=\"elementor-heading-title elementor-size-default\">Konteinerveod<\/h1>\t\t<\/div>\n\t\t\t\t<\/div>\n\t\t\t\t\t<\/div>\n\t\t<\/div>\n\t\t\t\t\t<\/div>\n\t\t<\/section>\n\t\t\t\t<section class=\"elementor-section elementor-top-section elementor-element elementor-element-70579ac5 elementor-section-boxed elementor-section-height-default elementor-section-height-default exad-glass-effect-no exad-sticky-section-no\" data-id=\"70579ac5\" data-element_type=\"section\">\n\t\t\t\t\t\t<div class=\"elementor-container elementor-column-gap-default\">\n\t\t\t\t\t<div class=\"elementor-column elementor-col-100 elementor-top-column elementor-element elementor-element-7196362c exad-glass-effect-no exad-sticky-section-no\" data-id=\"7196362c\" data-element_type=\"column\">\n\t\t\t<div class=\"elementor-widget-wrap elementor-element-populated\">\n\t\t\t\t\t\t<div class=\"elementor-element elementor-element-1ed40d95 exad-sticky-section-no exad-glass-effect-no elementor-widget elementor-widget-text-editor\" data-id=\"1ed40d95\" data-element_type=\"widget\" data-widget_type=\"text-editor.default\">\n\t\t\t\t<div class=\"elementor-widget-container\">\n\t\t\t<style>\/*! elementor - v3.23.0 - 05-08-2024 *\/\n.elementor-widget-text-editor.elementor-drop-cap-view-stacked .elementor-drop-cap{background-color:#69727d;color:#fff}.elementor-widget-text-editor.elementor-drop-cap-view-framed .elementor-drop-cap{color:#69727d;border:3px solid;background-color:transparent}.elementor-widget-text-editor:not(.elementor-drop-cap-view-default) .elementor-drop-cap{margin-top:8px}.elementor-widget-text-editor:not(.elementor-drop-cap-view-default) .elementor-drop-cap-letter{width:1em;height:1em}.elementor-widget-text-editor .elementor-drop-cap{float:left;text-align:center;line-height:1;font-size:50px}.elementor-widget-text-editor .elementor-drop-cap-letter{display:inline-block}<\/style>\t\t\t\t<p>Konteinervedu on k\u00f5ige efektiivsem ja \u00f6konoomsem viis kaubaveoks terve maailma piirkonnas. Nii saate kiiresti ja odavalt toimetada mis tahes kauba (nii v\u00e4ikse- kui suuremahulise) k\u00f5ikjale maailmas. Konteinervedu meritsi ei s\u00f5ltu ilmast ega muudest v\u00e4listeguritest, seega v\u00f5ib seda tarneviisi nimetada k\u00f5ige lihtsamaks ja t\u00f6\u00f6kindlamaks. Ka konteinerid v\u00f5imaldavad transportida igasugust, isegi k\u00f5ige \u00f5rnemat lasti peaaegu 100% ohutuse garantiiga, aga ka mis tahes mahu ja suurusega lasti \u00fchekorraga.<\/p><p><br><\/p>\n<p><b>Rhino Transport &amp; Logistics Group<\/b> korraldab konteinerveosed \u00fcle maailma ning on Eesti suurim l\u00e4bi Balti riikide (Tallinn, Riia ja Klaipeda) sadamate Ida-Euroopa riikidesse konteinerite tarnimisele spetsialiseerunud firma.<\/p><p><br><\/p>\n<p>FCL (Full Container Load) \u2013 veod t\u00e4iskonteineriga \u00fchele saajale tehakse koost\u00f6\u00f6s suurte laevafirmadega.<\/p><p><br><\/p>\n<p>LCL (Less than Container Load) \u2013 v\u00e4ikepartiide veod konteinerites mitmele saajale tehakse koost\u00f6\u00f6s firma partneritega erinevates Euroopa, Kaug-Ida, USA, Austraalia ja Aafrika sadamates.<\/p><p><br><\/p>\n<p>Suurte ookeani konteinerliinidega t\u00f6\u00f6tamine tagab veoste parima jaotuse, mugavate graafikute koostamise ning v\u00f5imaldab pakkuda t\u00e4ielikku standard- ja erivarustus\u0435 valikut:<\/p>\n<ul class=\"list-style\">\n<li>20 ja 40 jala pikkused konteinerid: 20 DC\/40 DC<\/li>\n<li>40 ja 45 jala pikkused suure mahutavusega konteinerid: 40 HC\/45 HC<\/li>\n<li>20 ja 40 jala pikkused suure mahutavusega k\u00fclmikkonteinerid: 20 RF\/40 RF<\/li>\n<li>20 ja 40 jala pikkused lahtise \u00fclaosaga ja kokkupandavad konteinerid-platvormid, mis sobivad kombineeritud transpordiks: 20 OT\/40 OT\/20 PW\/40 PW\/20 FT\/40 FT<\/li>\n<\/ul><div><font color=\"#000000\" face=\"-apple-system, BlinkMacSystemFont, Segoe UI, Roboto, Oxygen-Sans, Ubuntu, Cantarell, Helvetica Neue, sans-serif\"><span style=\"font-size: 13px;\"><br><\/span><\/font><\/div>\n<p>Konteinerveo teenused sisaldavad j\u00e4rgmist:<\/p>\n<ul class=\"list-style\">\n<li>Tarne sadamast sadamasse v\u00f5i uksest ukseni<\/li>\n<li>Erinevate saatjate veoste koondamine \u00fche konteinerisse \u00fche kaubasaaja jaoks<\/li>\n<li>Suuremahuliste\/mittegabariitsete ja raskete veoste transportimine<\/li>\n<li>Konteinerite \u00fcmberadresseerimine<\/li>\n<li>Tollimaakleri teenused<\/li>\n<li>Tollidokumentatsiooni koostamine<\/li>\n<li>Kauba k\u00e4itlemise korraldamine sadamates ja tolliladudes<\/li>\n<li>\u00dclevaatusteenused, kauba inspekteerimine ja kvaliteedikontroll enne konteineritesse laadimist<\/li>\n<li>Veosekindlustus, l\u00e4biva konossemendi v\u00e4ljastamine<\/li>\n<li>Tellimuse t\u00e4itmise ajal s\u00f5iduki asukoha j\u00e4lgimine<\/li>\n<\/ul><div><font color=\"#000000\" face=\"-apple-system, BlinkMacSystemFont, Segoe UI, Roboto, Oxygen-Sans, Ubuntu, Cantarell, Helvetica Neue, sans-serif\"><span style=\"font-size: 13px;\"><br><\/span><\/font><\/div>\n<p>Konteinerveod \u00fcle maailma koos Rhino Transport &amp; Logistics Groupiga aitavad teid kulut\u00f5husalt, usaldusv\u00e4\u00e4rselt ja sujuvalt toimetada igas suuruses veoseid mis tahes paika maailmas. See meetod sobib eriti h\u00e4sti suuremahuliste kaupade ja esemete transportimiseks: autod, seadmed, erivarustus.<\/p>\t\t\t\t\t\t<\/div>\n\t\t\t\t<\/div>\n\t\t\t\t\t<\/div>\n\t\t<\/div>\n\t\t\t\t\t<\/div>\n\t\t<\/section>\n\t\t\t\t<\/div>\n\t\t","protected":false},"excerpt":{"rendered":"<p>Konteinerveod Konteinervedu on k\u00f5ige efektiivsem ja \u00f6konoomsem viis kaubaveoks terve maailma piirkonnas. Nii saate kiiresti ja odavalt toimetada mis tahes kauba (nii v\u00e4ikse- kui suuremahulise) k\u00f5ikjale maailmas. Konteinervedu meritsi ei s\u00f5ltu ilmast ega muudest v\u00e4listeguritest, seega v\u00f5ib seda tarneviisi nimetada k\u00f5ige lihtsamaks ja t\u00f6\u00f6kindlamaks. Ka konteinerid v\u00f5imaldavad transportida igasugust, isegi k\u00f5ige \u00f5rnemat lasti peaaegu 100%&hellip; <a class=\"more-link\" href=\"https:\/\/rtlg.eu\/et\/konteinerveod\/\">Continue reading <span class=\"screen-reader-text\">Konteinerveod<\/span><\/a><\/p>\n","protected":false},"author":2,"featured_media":0,"parent":0,"menu_order":0,"comment_status":"closed","ping_status":"closed","template":"elementor_header_footer","meta":{"inline_featured_image":false,"footnotes":""},"class_list":["post-896","page","type-page","status-publish","hentry","entry"],"yoast_head":"<!-- This site is optimized with the Yoast SEO plugin v21.3 - https:\/\/yoast.com\/wordpress\/plugins\/seo\/ -->\n<title>Konteinerveod - RTLG<\/title>\n<meta name=\"robots\" content=\"index, follow, max-snippet:-1, max-image-preview:large, max-video-preview:-1\" \/>\n<link rel=\"canonical\" href=\"https:\/\/rtlg.eu\/et\/konteinerveod\/\" \/>\n<meta property=\"og:locale\" content=\"et_EE\" \/>\n<meta property=\"og:type\" content=\"article\" \/>\n<meta property=\"og:title\" content=\"Konteinerveod - RTLG\" \/>\n<meta property=\"og:description\" content=\"Konteinerveod Konteinervedu on k\u00f5ige efektiivsem ja \u00f6konoomsem viis kaubaveoks terve maailma piirkonnas. Nii saate kiiresti ja odavalt toimetada mis tahes kauba (nii v\u00e4ikse- kui suuremahulise) k\u00f5ikjale maailmas. Konteinervedu meritsi ei s\u00f5ltu ilmast ega muudest v\u00e4listeguritest, seega v\u00f5ib seda tarneviisi nimetada k\u00f5ige lihtsamaks ja t\u00f6\u00f6kindlamaks. Ka konteinerid v\u00f5imaldavad transportida igasugust, isegi k\u00f5ige \u00f5rnemat lasti peaaegu 100%&hellip; Continue reading Konteinerveod\" \/>\n<meta property=\"og:url\" content=\"https:\/\/rtlg.eu\/et\/konteinerveod\/\" \/>\n<meta property=\"og:site_name\" content=\"RTLG\" \/>\n<meta property=\"article:modified_time\" content=\"2024-02-21T22:11:00+00:00\" \/>\n<meta name=\"twitter:card\" content=\"summary_large_image\" \/>\n<meta name=\"twitter:label1\" content=\"Est. reading time\" \/>\n\t<meta name=\"twitter:data1\" content=\"2 minutit\" \/>\n<script type=\"application\/ld+json\" class=\"yoast-schema-graph\">{\"@context\":\"https:\/\/schema.org\",\"@graph\":[{\"@type\":\"WebPage\",\"@id\":\"https:\/\/rtlg.eu\/et\/konteinerveod\/\",\"url\":\"https:\/\/rtlg.eu\/et\/konteinerveod\/\",\"name\":\"Konteinerveod - RTLG\",\"isPartOf\":{\"@id\":\"https:\/\/rtlg.eu\/#website\"},\"datePublished\":\"2021-11-12T17:35:11+00:00\",\"dateModified\":\"2024-02-21T22:11:00+00:00\",\"breadcrumb\":{\"@id\":\"https:\/\/rtlg.eu\/et\/konteinerveod\/#breadcrumb\"},\"inLanguage\":\"et\",\"potentialAction\":[{\"@type\":\"ReadAction\",\"target\":[\"https:\/\/rtlg.eu\/et\/konteinerveod\/\"]}]},{\"@type\":\"BreadcrumbList\",\"@id\":\"https:\/\/rtlg.eu\/et\/konteinerveod\/#breadcrumb\",\"itemListElement\":[{\"@type\":\"ListItem\",\"position\":1,\"name\":\"Avaleht\",\"item\":\"https:\/\/rtlg.eu\/\"},{\"@type\":\"ListItem\",\"position\":2,\"name\":\"Konteinerveod\"}]},{\"@type\":\"WebSite\",\"@id\":\"https:\/\/rtlg.eu\/#website\",\"url\":\"https:\/\/rtlg.eu\/\",\"name\":\"RTLG\",\"description\":\"Rhino Transport &amp; Logistics Group\",\"publisher\":{\"@id\":\"https:\/\/rtlg.eu\/#organization\"},\"potentialAction\":[{\"@type\":\"SearchAction\",\"target\":{\"@type\":\"EntryPoint\",\"urlTemplate\":\"https:\/\/rtlg.eu\/?s={search_term_string}\"},\"query-input\":\"required name=search_term_string\"}],\"inLanguage\":\"et\"},{\"@type\":\"Organization\",\"@id\":\"https:\/\/rtlg.eu\/#organization\",\"name\":\"RTLG\",\"url\":\"https:\/\/rtlg.eu\/\",\"logo\":{\"@type\":\"ImageObject\",\"inLanguage\":\"et\",\"@id\":\"https:\/\/rtlg.eu\/#\/schema\/logo\/image\/\",\"url\":\"https:\/\/rtlg.eu\/wp-content\/uploads\/2021\/10\/logo.png\",\"contentUrl\":\"https:\/\/rtlg.eu\/wp-content\/uploads\/2021\/10\/logo.png\",\"width\":376,\"height\":95,\"caption\":\"RTLG\"},\"image\":{\"@id\":\"https:\/\/rtlg.eu\/#\/schema\/logo\/image\/\"}}]}<\/script>\n<!-- \/ Yoast SEO plugin. -->","yoast_head_json":{"title":"Konteinerveod - RTLG","robots":{"index":"index","follow":"follow","max-snippet":"max-snippet:-1","max-image-preview":"max-image-preview:large","max-video-preview":"max-video-preview:-1"},"canonical":"https:\/\/rtlg.eu\/et\/konteinerveod\/","og_locale":"et_EE","og_type":"article","og_title":"Konteinerveod - RTLG","og_description":"Konteinerveod Konteinervedu on k\u00f5ige efektiivsem ja \u00f6konoomsem viis kaubaveoks terve maailma piirkonnas. Nii saate kiiresti ja odavalt toimetada mis tahes kauba (nii v\u00e4ikse- kui suuremahulise) k\u00f5ikjale maailmas. Konteinervedu meritsi ei s\u00f5ltu ilmast ega muudest v\u00e4listeguritest, seega v\u00f5ib seda tarneviisi nimetada k\u00f5ige lihtsamaks ja t\u00f6\u00f6kindlamaks. Ka konteinerid v\u00f5imaldavad transportida igasugust, isegi k\u00f5ige \u00f5rnemat lasti peaaegu 100%&hellip; Continue reading Konteinerveod","og_url":"https:\/\/rtlg.eu\/et\/konteinerveod\/","og_site_name":"RTLG","article_modified_time":"2024-02-21T22:11:00+00:00","twitter_card":"summary_large_image","twitter_misc":{"Est. reading time":"2 minutit"},"schema":{"@context":"https:\/\/schema.org","@graph":[{"@type":"WebPage","@id":"https:\/\/rtlg.eu\/et\/konteinerveod\/","url":"https:\/\/rtlg.eu\/et\/konteinerveod\/","name":"Konteinerveod - RTLG","isPartOf":{"@id":"https:\/\/rtlg.eu\/#website"},"datePublished":"2021-11-12T17:35:11+00:00","dateModified":"2024-02-21T22:11:00+00:00","breadcrumb":{"@id":"https:\/\/rtlg.eu\/et\/konteinerveod\/#breadcrumb"},"inLanguage":"et","potentialAction":[{"@type":"ReadAction","target":["https:\/\/rtlg.eu\/et\/konteinerveod\/"]}]},{"@type":"BreadcrumbList","@id":"https:\/\/rtlg.eu\/et\/konteinerveod\/#breadcrumb","itemListElement":[{"@type":"ListItem","position":1,"name":"Avaleht","item":"https:\/\/rtlg.eu\/"},{"@type":"ListItem","position":2,"name":"Konteinerveod"}]},{"@type":"WebSite","@id":"https:\/\/rtlg.eu\/#website","url":"https:\/\/rtlg.eu\/","name":"RTLG","description":"Rhino Transport &amp; Logistics Group","publisher":{"@id":"https:\/\/rtlg.eu\/#organization"},"potentialAction":[{"@type":"SearchAction","target":{"@type":"EntryPoint","urlTemplate":"https:\/\/rtlg.eu\/?s={search_term_string}"},"query-input":"required name=search_term_string"}],"inLanguage":"et"},{"@type":"Organization","@id":"https:\/\/rtlg.eu\/#organization","name":"RTLG","url":"https:\/\/rtlg.eu\/","logo":{"@type":"ImageObject","inLanguage":"et","@id":"https:\/\/rtlg.eu\/#\/schema\/logo\/image\/","url":"https:\/\/rtlg.eu\/wp-content\/uploads\/2021\/10\/logo.png","contentUrl":"https:\/\/rtlg.eu\/wp-content\/uploads\/2021\/10\/logo.png","width":376,"height":95,"caption":"RTLG"},"image":{"@id":"https:\/\/rtlg.eu\/#\/schema\/logo\/image\/"}}]}},"_links":{"self":[{"href":"https:\/\/rtlg.eu\/et\/wp-json\/wp\/v2\/pages\/896"}],"collection":[{"href":"https:\/\/rtlg.eu\/et\/wp-json\/wp\/v2\/pages"}],"about":[{"href":"https:\/\/rtlg.eu\/et\/wp-json\/wp\/v2\/types\/page"}],"author":[{"embeddable":true,"href":"https:\/\/rtlg.eu\/et\/wp-json\/wp\/v2\/users\/2"}],"replies":[{"embeddable":true,"href":"https:\/\/rtlg.eu\/et\/wp-json\/wp\/v2\/comments?post=896"}],"version-history":[{"count":14,"href":"https:\/\/rtlg.eu\/et\/wp-json\/wp\/v2\/pages\/896\/revisions"}],"predecessor-version":[{"id":1753,"href":"https:\/\/rtlg.eu\/et\/wp-json\/wp\/v2\/pages\/896\/revisions\/1753"}],"wp:attachment":[{"href":"https:\/\/rtlg.eu\/et\/wp-json\/wp\/v2\/media?parent=896"}],"curies":[{"name":"wp","href":"https:\/\/api.w.org\/{rel}","templated":true}]}}