{"id":912,"date":"2021-11-13T09:54:05","date_gmt":"2021-11-13T09:54:05","guid":{"rendered":"https:\/\/rtlg.eu\/?page_id=912"},"modified":"2024-02-21T22:19:06","modified_gmt":"2024-02-21T22:19:06","slug":"tollivormistus","status":"publish","type":"page","link":"https:\/\/rtlg.eu\/et\/tollivormistus\/","title":{"rendered":"Tollivormistus"},"content":{"rendered":"\t\t<div data-elementor-type=\"wp-page\" data-elementor-id=\"912\" class=\"elementor elementor-912 elementor-456\" data-elementor-post-type=\"page\">\n\t\t\t\t\t\t<section class=\"elementor-section elementor-top-section elementor-element elementor-element-5bfb83f4 elementor-section-boxed elementor-section-height-default elementor-section-height-default exad-glass-effect-no exad-sticky-section-no\" data-id=\"5bfb83f4\" data-element_type=\"section\">\n\t\t\t\t\t\t<div class=\"elementor-container elementor-column-gap-default\">\n\t\t\t\t\t<div class=\"elementor-column elementor-col-100 elementor-top-column elementor-element elementor-element-ef38a98 exad-glass-effect-no exad-sticky-section-no\" data-id=\"ef38a98\" data-element_type=\"column\">\n\t\t\t<div class=\"elementor-widget-wrap elementor-element-populated\">\n\t\t\t\t\t\t<div class=\"elementor-element elementor-element-1aa43f6f exad-sticky-section-no exad-glass-effect-no elementor-widget elementor-widget-breadcrumbs\" data-id=\"1aa43f6f\" data-element_type=\"widget\" data-widget_type=\"breadcrumbs.default\">\n\t\t\t\t<div class=\"elementor-widget-container\">\n\t\t\t<link rel=\"stylesheet\" href=\"https:\/\/rtlg.eu\/wp-content\/plugins\/elementor-pro\/assets\/css\/widget-theme-elements.min.css?ver=1724877559\"><p id=\"breadcrumbs\"><span><span><a href=\"https:\/\/rtlg.eu\/\">Avaleht<\/a><\/span><\/span><\/p>\t\t<\/div>\n\t\t\t\t<\/div>\n\t\t\t\t\t<\/div>\n\t\t<\/div>\n\t\t\t\t\t<\/div>\n\t\t<\/section>\n\t\t\t\t<section class=\"elementor-section elementor-top-section elementor-element elementor-element-50437695 elementor-section-boxed elementor-section-height-default elementor-section-height-default exad-glass-effect-no exad-sticky-section-no\" data-id=\"50437695\" data-element_type=\"section\">\n\t\t\t\t\t\t<div class=\"elementor-container elementor-column-gap-default\">\n\t\t\t\t\t<div class=\"elementor-column elementor-col-100 elementor-top-column elementor-element elementor-element-5595ea46 exad-glass-effect-no exad-sticky-section-no\" data-id=\"5595ea46\" data-element_type=\"column\">\n\t\t\t<div class=\"elementor-widget-wrap elementor-element-populated\">\n\t\t\t\t\t\t<div class=\"elementor-element elementor-element-72c12229 exad-sticky-section-no exad-glass-effect-no elementor-widget elementor-widget-heading\" data-id=\"72c12229\" data-element_type=\"widget\" data-widget_type=\"heading.default\">\n\t\t\t\t<div class=\"elementor-widget-container\">\n\t\t\t<style>\/*! elementor - v3.23.0 - 05-08-2024 *\/\n.elementor-heading-title{padding:0;margin:0;line-height:1}.elementor-widget-heading .elementor-heading-title[class*=elementor-size-]>a{color:inherit;font-size:inherit;line-height:inherit}.elementor-widget-heading .elementor-heading-title.elementor-size-small{font-size:15px}.elementor-widget-heading .elementor-heading-title.elementor-size-medium{font-size:19px}.elementor-widget-heading .elementor-heading-title.elementor-size-large{font-size:29px}.elementor-widget-heading .elementor-heading-title.elementor-size-xl{font-size:39px}.elementor-widget-heading .elementor-heading-title.elementor-size-xxl{font-size:59px}<\/style><h1 class=\"elementor-heading-title elementor-size-default\"><span style=\"white-space: normal;\">Tollivormistus<\/span><\/h1>\t\t<\/div>\n\t\t\t\t<\/div>\n\t\t\t\t\t<\/div>\n\t\t<\/div>\n\t\t\t\t\t<\/div>\n\t\t<\/section>\n\t\t\t\t<section class=\"elementor-section elementor-top-section elementor-element elementor-element-5e1097b2 elementor-section-boxed elementor-section-height-default elementor-section-height-default exad-glass-effect-no exad-sticky-section-no\" data-id=\"5e1097b2\" data-element_type=\"section\">\n\t\t\t\t\t\t<div class=\"elementor-container elementor-column-gap-default\">\n\t\t\t\t\t<div class=\"elementor-column elementor-col-100 elementor-top-column elementor-element elementor-element-69562b1a exad-glass-effect-no exad-sticky-section-no\" data-id=\"69562b1a\" data-element_type=\"column\">\n\t\t\t<div class=\"elementor-widget-wrap elementor-element-populated\">\n\t\t\t\t\t\t<div class=\"elementor-element elementor-element-29ef3e99 exad-sticky-section-no exad-glass-effect-no elementor-widget elementor-widget-text-editor\" data-id=\"29ef3e99\" data-element_type=\"widget\" data-widget_type=\"text-editor.default\">\n\t\t\t\t<div class=\"elementor-widget-container\">\n\t\t\t<style>\/*! elementor - v3.23.0 - 05-08-2024 *\/\n.elementor-widget-text-editor.elementor-drop-cap-view-stacked .elementor-drop-cap{background-color:#69727d;color:#fff}.elementor-widget-text-editor.elementor-drop-cap-view-framed .elementor-drop-cap{color:#69727d;border:3px solid;background-color:transparent}.elementor-widget-text-editor:not(.elementor-drop-cap-view-default) .elementor-drop-cap{margin-top:8px}.elementor-widget-text-editor:not(.elementor-drop-cap-view-default) .elementor-drop-cap-letter{width:1em;height:1em}.elementor-widget-text-editor .elementor-drop-cap{float:left;text-align:center;line-height:1;font-size:50px}.elementor-widget-text-editor .elementor-drop-cap-letter{display:inline-block}<\/style>\t\t\t\t<p>Sageli ei vaja kliendid mitte ainult kaubavedu Euroopas ja SR\u00dc riikides, vaid ka tolliteenuste t\u00e4ielikku ts\u00fcklit. Rahvusvaheline logistika n\u00f5uab hoolikat l\u00e4henemist ja kogenud spetsialiste.<\/p><p>\u00a0<\/p><p>Rhino Transport &amp; Logistics Group osutab tolliteenuseid koos rahvusvaheliste kaubavedude teenustega nii Euroopas kui SR\u00dc riikides. Firma garanteerib 100% tulemuse, kuna siin t\u00f6\u00f6tavad pikaajalise kogemusega deklarandid ja maaklerid, kes aitavad vormistada k\u00f5iki import- ja eksportveoseid ja -kaupu.<\/p><p>Samuti tegutseb Rhino Transport &amp; Logistics Group tolliprintsipiaalina Eestis.<\/p><p>\u00a0<\/p><p>Tollivormistuse teenused sisaldavad j\u00e4rgmist:<\/p><ul class=\"list-style\"><li>Kaupade tollivormistuse t\u00e4ielik tugi<\/li><li>V\u00e4lismajandustegevuse subjektide akrediteerimine tollis<\/li><li>Kauba tollideklaratsiooni vormistamise ja tolli l\u00e4bimise toimingud<\/li><li>CMR, TIR CARNETi t\u00e4itmine<\/li><li>Tootekoodi m\u00e4\u00e4ramine ja selle eest tasumine<\/li><li>Abi riiklikelt kontrolliasutustelt sertifikaatide ja lubade hankimisel (vastavussertifikaadid, f\u00fctosanitaar-, veterinaarsertifikaadid jne), v\u00e4liskaubanduses osalejate akrediteerimine tolliasutustes<\/li><li>V\u00e4lismajandustegevuse valdkonna kirjade, avalduste ja lepingute vormistamine jms.<\/li><li>Konsultatsioonid tollivormistuse \u00fcld- ja erik\u00fcsimustes<\/li><\/ul><div><span style=\"color: #000000; font-family: -apple-system, BlinkMacSystemFont, Segoe UI, Roboto, Oxygen-Sans, Ubuntu, Cantarell, Helvetica Neue, sans-serif;\"><span style=\"font-size: 13px;\">\u00a0<\/span><\/span><\/div><p>Rhino Transport &amp; Logistics Groupi kliendid tellivad k\u00f5ige sagedamini t\u00e4iskomplekti tolliteenuseid koos transpordiga: firma spetsialistid aitavad teil l\u00e4bida kaubaveoprotsessi valmislahendusena: kiirelt, odavalt, ohutult ja t\u00e4iesti legaalselt.<\/p>\t\t\t\t\t\t<\/div>\n\t\t\t\t<\/div>\n\t\t\t\t\t<\/div>\n\t\t<\/div>\n\t\t\t\t\t<\/div>\n\t\t<\/section>\n\t\t\t\t<\/div>\n\t\t","protected":false},"excerpt":{"rendered":"<p>Tollivormistus Sageli ei vaja kliendid mitte ainult kaubavedu Euroopas ja SR\u00dc riikides, vaid ka tolliteenuste t\u00e4ielikku ts\u00fcklit. Rahvusvaheline logistika n\u00f5uab hoolikat l\u00e4henemist ja kogenud spetsialiste. \u00a0 Rhino Transport &amp; Logistics Group osutab tolliteenuseid koos rahvusvaheliste kaubavedude teenustega nii Euroopas kui SR\u00dc riikides. Firma garanteerib 100% tulemuse, kuna siin t\u00f6\u00f6tavad pikaajalise kogemusega deklarandid ja maaklerid, kes&hellip; <a class=\"more-link\" href=\"https:\/\/rtlg.eu\/et\/tollivormistus\/\">Continue reading <span class=\"screen-reader-text\">Tollivormistus<\/span><\/a><\/p>\n","protected":false},"author":2,"featured_media":0,"parent":0,"menu_order":0,"comment_status":"closed","ping_status":"closed","template":"elementor_header_footer","meta":{"inline_featured_image":false,"footnotes":""},"class_list":["post-912","page","type-page","status-publish","hentry","entry"],"yoast_head":"<!-- This site is optimized with the Yoast SEO plugin v21.3 - https:\/\/yoast.com\/wordpress\/plugins\/seo\/ -->\n<title>Tollivormistus - RTLG<\/title>\n<meta name=\"robots\" content=\"index, follow, max-snippet:-1, max-image-preview:large, max-video-preview:-1\" \/>\n<link rel=\"canonical\" href=\"https:\/\/rtlg.eu\/et\/tollivormistus\/\" \/>\n<meta property=\"og:locale\" content=\"et_EE\" \/>\n<meta property=\"og:type\" content=\"article\" \/>\n<meta property=\"og:title\" content=\"Tollivormistus - RTLG\" \/>\n<meta property=\"og:description\" content=\"Tollivormistus Sageli ei vaja kliendid mitte ainult kaubavedu Euroopas ja SR\u00dc riikides, vaid ka tolliteenuste t\u00e4ielikku ts\u00fcklit. Rahvusvaheline logistika n\u00f5uab hoolikat l\u00e4henemist ja kogenud spetsialiste. \u00a0 Rhino Transport &amp; Logistics Group osutab tolliteenuseid koos rahvusvaheliste kaubavedude teenustega nii Euroopas kui SR\u00dc riikides. Firma garanteerib 100% tulemuse, kuna siin t\u00f6\u00f6tavad pikaajalise kogemusega deklarandid ja maaklerid, kes&hellip; Continue reading Tollivormistus\" \/>\n<meta property=\"og:url\" content=\"https:\/\/rtlg.eu\/et\/tollivormistus\/\" \/>\n<meta property=\"og:site_name\" content=\"RTLG\" \/>\n<meta property=\"article:modified_time\" content=\"2024-02-21T22:19:06+00:00\" \/>\n<meta name=\"twitter:card\" content=\"summary_large_image\" \/>\n<meta name=\"twitter:label1\" content=\"Est. reading time\" \/>\n\t<meta name=\"twitter:data1\" content=\"1 minut\" \/>\n<script type=\"application\/ld+json\" class=\"yoast-schema-graph\">{\"@context\":\"https:\/\/schema.org\",\"@graph\":[{\"@type\":\"WebPage\",\"@id\":\"https:\/\/rtlg.eu\/et\/tollivormistus\/\",\"url\":\"https:\/\/rtlg.eu\/et\/tollivormistus\/\",\"name\":\"Tollivormistus - RTLG\",\"isPartOf\":{\"@id\":\"https:\/\/rtlg.eu\/#website\"},\"datePublished\":\"2021-11-13T09:54:05+00:00\",\"dateModified\":\"2024-02-21T22:19:06+00:00\",\"breadcrumb\":{\"@id\":\"https:\/\/rtlg.eu\/et\/tollivormistus\/#breadcrumb\"},\"inLanguage\":\"et\",\"potentialAction\":[{\"@type\":\"ReadAction\",\"target\":[\"https:\/\/rtlg.eu\/et\/tollivormistus\/\"]}]},{\"@type\":\"BreadcrumbList\",\"@id\":\"https:\/\/rtlg.eu\/et\/tollivormistus\/#breadcrumb\",\"itemListElement\":[{\"@type\":\"ListItem\",\"position\":1,\"name\":\"Avaleht\",\"item\":\"https:\/\/rtlg.eu\/\"},{\"@type\":\"ListItem\",\"position\":2,\"name\":\"Tollivormistus\"}]},{\"@type\":\"WebSite\",\"@id\":\"https:\/\/rtlg.eu\/#website\",\"url\":\"https:\/\/rtlg.eu\/\",\"name\":\"RTLG\",\"description\":\"Rhino Transport &amp; Logistics Group\",\"publisher\":{\"@id\":\"https:\/\/rtlg.eu\/#organization\"},\"potentialAction\":[{\"@type\":\"SearchAction\",\"target\":{\"@type\":\"EntryPoint\",\"urlTemplate\":\"https:\/\/rtlg.eu\/?s={search_term_string}\"},\"query-input\":\"required name=search_term_string\"}],\"inLanguage\":\"et\"},{\"@type\":\"Organization\",\"@id\":\"https:\/\/rtlg.eu\/#organization\",\"name\":\"RTLG\",\"url\":\"https:\/\/rtlg.eu\/\",\"logo\":{\"@type\":\"ImageObject\",\"inLanguage\":\"et\",\"@id\":\"https:\/\/rtlg.eu\/#\/schema\/logo\/image\/\",\"url\":\"https:\/\/rtlg.eu\/wp-content\/uploads\/2021\/10\/logo.png\",\"contentUrl\":\"https:\/\/rtlg.eu\/wp-content\/uploads\/2021\/10\/logo.png\",\"width\":376,\"height\":95,\"caption\":\"RTLG\"},\"image\":{\"@id\":\"https:\/\/rtlg.eu\/#\/schema\/logo\/image\/\"}}]}<\/script>\n<!-- \/ Yoast SEO plugin. -->","yoast_head_json":{"title":"Tollivormistus - RTLG","robots":{"index":"index","follow":"follow","max-snippet":"max-snippet:-1","max-image-preview":"max-image-preview:large","max-video-preview":"max-video-preview:-1"},"canonical":"https:\/\/rtlg.eu\/et\/tollivormistus\/","og_locale":"et_EE","og_type":"article","og_title":"Tollivormistus - RTLG","og_description":"Tollivormistus Sageli ei vaja kliendid mitte ainult kaubavedu Euroopas ja SR\u00dc riikides, vaid ka tolliteenuste t\u00e4ielikku ts\u00fcklit. Rahvusvaheline logistika n\u00f5uab hoolikat l\u00e4henemist ja kogenud spetsialiste. \u00a0 Rhino Transport &amp; Logistics Group osutab tolliteenuseid koos rahvusvaheliste kaubavedude teenustega nii Euroopas kui SR\u00dc riikides. Firma garanteerib 100% tulemuse, kuna siin t\u00f6\u00f6tavad pikaajalise kogemusega deklarandid ja maaklerid, kes&hellip; Continue reading Tollivormistus","og_url":"https:\/\/rtlg.eu\/et\/tollivormistus\/","og_site_name":"RTLG","article_modified_time":"2024-02-21T22:19:06+00:00","twitter_card":"summary_large_image","twitter_misc":{"Est. reading time":"1 minut"},"schema":{"@context":"https:\/\/schema.org","@graph":[{"@type":"WebPage","@id":"https:\/\/rtlg.eu\/et\/tollivormistus\/","url":"https:\/\/rtlg.eu\/et\/tollivormistus\/","name":"Tollivormistus - RTLG","isPartOf":{"@id":"https:\/\/rtlg.eu\/#website"},"datePublished":"2021-11-13T09:54:05+00:00","dateModified":"2024-02-21T22:19:06+00:00","breadcrumb":{"@id":"https:\/\/rtlg.eu\/et\/tollivormistus\/#breadcrumb"},"inLanguage":"et","potentialAction":[{"@type":"ReadAction","target":["https:\/\/rtlg.eu\/et\/tollivormistus\/"]}]},{"@type":"BreadcrumbList","@id":"https:\/\/rtlg.eu\/et\/tollivormistus\/#breadcrumb","itemListElement":[{"@type":"ListItem","position":1,"name":"Avaleht","item":"https:\/\/rtlg.eu\/"},{"@type":"ListItem","position":2,"name":"Tollivormistus"}]},{"@type":"WebSite","@id":"https:\/\/rtlg.eu\/#website","url":"https:\/\/rtlg.eu\/","name":"RTLG","description":"Rhino Transport &amp; Logistics Group","publisher":{"@id":"https:\/\/rtlg.eu\/#organization"},"potentialAction":[{"@type":"SearchAction","target":{"@type":"EntryPoint","urlTemplate":"https:\/\/rtlg.eu\/?s={search_term_string}"},"query-input":"required name=search_term_string"}],"inLanguage":"et"},{"@type":"Organization","@id":"https:\/\/rtlg.eu\/#organization","name":"RTLG","url":"https:\/\/rtlg.eu\/","logo":{"@type":"ImageObject","inLanguage":"et","@id":"https:\/\/rtlg.eu\/#\/schema\/logo\/image\/","url":"https:\/\/rtlg.eu\/wp-content\/uploads\/2021\/10\/logo.png","contentUrl":"https:\/\/rtlg.eu\/wp-content\/uploads\/2021\/10\/logo.png","width":376,"height":95,"caption":"RTLG"},"image":{"@id":"https:\/\/rtlg.eu\/#\/schema\/logo\/image\/"}}]}},"_links":{"self":[{"href":"https:\/\/rtlg.eu\/et\/wp-json\/wp\/v2\/pages\/912"}],"collection":[{"href":"https:\/\/rtlg.eu\/et\/wp-json\/wp\/v2\/pages"}],"about":[{"href":"https:\/\/rtlg.eu\/et\/wp-json\/wp\/v2\/types\/page"}],"author":[{"embeddable":true,"href":"https:\/\/rtlg.eu\/et\/wp-json\/wp\/v2\/users\/2"}],"replies":[{"embeddable":true,"href":"https:\/\/rtlg.eu\/et\/wp-json\/wp\/v2\/comments?post=912"}],"version-history":[{"count":8,"href":"https:\/\/rtlg.eu\/et\/wp-json\/wp\/v2\/pages\/912\/revisions"}],"predecessor-version":[{"id":1768,"href":"https:\/\/rtlg.eu\/et\/wp-json\/wp\/v2\/pages\/912\/revisions\/1768"}],"wp:attachment":[{"href":"https:\/\/rtlg.eu\/et\/wp-json\/wp\/v2\/media?parent=912"}],"curies":[{"name":"wp","href":"https:\/\/api.w.org\/{rel}","templated":true}]}}